{"id":274,"date":"2024-09-18T14:59:05","date_gmt":"2024-09-18T14:59:05","guid":{"rendered":"https:\/\/spinbetter.center\/be\/?page_id=274"},"modified":"2025-02-23T08:17:55","modified_gmt":"2025-02-23T08:17:55","slug":"casino","status":"publish","type":"page","link":"https:\/\/spinbetter.center\/be\/casino\/","title":{"rendered":"Casino"},"content":{"rendered":"","protected":false},"excerpt":{"rendered":"","protected":false},"author":1,"featured_media":0,"parent":0,"menu_order":0,"comment_status":"closed","ping_status":"closed","template":"","meta":{"footnotes":""},"class_list":["post-274","page","type-page","status-publish","hentry"],"yoast_head":"<!-- This site is optimized with the Yoast SEO plugin v24.5 - https:\/\/yoast.com\/wordpress\/plugins\/seo\/ -->\n<title>SpinBetter Casino : Machines \u00e0 sous, Casino en direct, Aviator<\/title>\n<meta name=\"description\" content=\"Plusieurs milliers de jeux de casino pour tous les go\u00fbts. Instructions \u00e9tape par \u00e9tape sur la fa\u00e7on de s&#039;inscrire au casino en ligne SpinBetter Belgique. Bonus de bienvenue et incitations pour les clients existants.\" \/>\n<meta name=\"robots\" content=\"index, follow, max-snippet:-1, max-image-preview:large, max-video-preview:-1\" \/>\n<link rel=\"canonical\" href=\"https:\/\/spinbetter.center\/be\/casino\/\" \/>\n<meta property=\"og:locale\" content=\"fr_FR\" \/>\n<meta property=\"og:type\" content=\"article\" \/>\n<meta property=\"og:title\" content=\"SpinBetter Casino : Machines \u00e0 sous, Casino en direct, Aviator\" \/>\n<meta property=\"og:description\" content=\"Plusieurs milliers de jeux de casino pour tous les go\u00fbts. Instructions \u00e9tape par \u00e9tape sur la fa\u00e7on de s&#039;inscrire au casino en ligne SpinBetter Belgique. Bonus de bienvenue et incitations pour les clients existants.\" \/>\n<meta property=\"og:url\" content=\"https:\/\/spinbetter.center\/be\/casino\/\" \/>\n<meta property=\"og:site_name\" content=\"Spinbetter center BE\" \/>\n<meta property=\"article:modified_time\" content=\"2025-02-23T08:17:55+00:00\" \/>\n<meta name=\"twitter:card\" content=\"summary_large_image\" \/>\n<script type=\"application\/ld+json\" class=\"yoast-schema-graph\">{\"@context\":\"https:\/\/schema.org\",\"@graph\":[{\"@type\":\"WebPage\",\"@id\":\"https:\/\/spinbetter.center\/be\/casino\/\",\"url\":\"https:\/\/spinbetter.center\/be\/casino\/\",\"name\":\"SpinBetter Casino : Machines \u00e0 sous, Casino en direct, Aviator\",\"isPartOf\":{\"@id\":\"https:\/\/spinbetter.center\/be\/#website\"},\"datePublished\":\"2024-09-18T14:59:05+00:00\",\"dateModified\":\"2025-02-23T08:17:55+00:00\",\"description\":\"Plusieurs milliers de jeux de casino pour tous les go\u00fbts. Instructions \u00e9tape par \u00e9tape sur la fa\u00e7on de s'inscrire au casino en ligne SpinBetter Belgique. Bonus de bienvenue et incitations pour les clients existants.\",\"breadcrumb\":{\"@id\":\"https:\/\/spinbetter.center\/be\/casino\/#breadcrumb\"},\"inLanguage\":\"fr-BE\",\"potentialAction\":[{\"@type\":\"ReadAction\",\"target\":[\"https:\/\/spinbetter.center\/be\/casino\/\"]}]},{\"@type\":\"BreadcrumbList\",\"@id\":\"https:\/\/spinbetter.center\/be\/casino\/#breadcrumb\",\"itemListElement\":[{\"@type\":\"ListItem\",\"position\":1,\"name\":\"Home\",\"item\":\"https:\/\/spinbetter.center\/be\/\"},{\"@type\":\"ListItem\",\"position\":2,\"name\":\"Casino\"}]},{\"@type\":\"WebSite\",\"@id\":\"https:\/\/spinbetter.center\/be\/#website\",\"url\":\"https:\/\/spinbetter.center\/be\/\",\"name\":\"SpinBetter\",\"description\":\"SpinBetter\",\"alternateName\":\"Spin Better\",\"potentialAction\":[{\"@type\":\"SearchAction\",\"target\":{\"@type\":\"EntryPoint\",\"urlTemplate\":\"https:\/\/spinbetter.center\/be\/?s={search_term_string}\"},\"query-input\":{\"@type\":\"PropertyValueSpecification\",\"valueRequired\":true,\"valueName\":\"search_term_string\"}}],\"inLanguage\":\"fr-BE\"}]}<\/script>\n<!-- \/ Yoast SEO plugin. -->","yoast_head_json":{"title":"SpinBetter Casino : Machines \u00e0 sous, Casino en direct, Aviator","description":"Plusieurs milliers de jeux de casino pour tous les go\u00fbts. Instructions \u00e9tape par \u00e9tape sur la fa\u00e7on de s'inscrire au casino en ligne SpinBetter Belgique. Bonus de bienvenue et incitations pour les clients existants.","robots":{"index":"index","follow":"follow","max-snippet":"max-snippet:-1","max-image-preview":"max-image-preview:large","max-video-preview":"max-video-preview:-1"},"canonical":"https:\/\/spinbetter.center\/be\/casino\/","og_locale":"fr_FR","og_type":"article","og_title":"SpinBetter Casino : Machines \u00e0 sous, Casino en direct, Aviator","og_description":"Plusieurs milliers de jeux de casino pour tous les go\u00fbts. Instructions \u00e9tape par \u00e9tape sur la fa\u00e7on de s'inscrire au casino en ligne SpinBetter Belgique. Bonus de bienvenue et incitations pour les clients existants.","og_url":"https:\/\/spinbetter.center\/be\/casino\/","og_site_name":"Spinbetter center BE","article_modified_time":"2025-02-23T08:17:55+00:00","twitter_card":"summary_large_image","schema":{"@context":"https:\/\/schema.org","@graph":[{"@type":"WebPage","@id":"https:\/\/spinbetter.center\/be\/casino\/","url":"https:\/\/spinbetter.center\/be\/casino\/","name":"SpinBetter Casino : Machines \u00e0 sous, Casino en direct, Aviator","isPartOf":{"@id":"https:\/\/spinbetter.center\/be\/#website"},"datePublished":"2024-09-18T14:59:05+00:00","dateModified":"2025-02-23T08:17:55+00:00","description":"Plusieurs milliers de jeux de casino pour tous les go\u00fbts. Instructions \u00e9tape par \u00e9tape sur la fa\u00e7on de s'inscrire au casino en ligne SpinBetter Belgique. Bonus de bienvenue et incitations pour les clients existants.","breadcrumb":{"@id":"https:\/\/spinbetter.center\/be\/casino\/#breadcrumb"},"inLanguage":"fr-BE","potentialAction":[{"@type":"ReadAction","target":["https:\/\/spinbetter.center\/be\/casino\/"]}]},{"@type":"BreadcrumbList","@id":"https:\/\/spinbetter.center\/be\/casino\/#breadcrumb","itemListElement":[{"@type":"ListItem","position":1,"name":"Home","item":"https:\/\/spinbetter.center\/be\/"},{"@type":"ListItem","position":2,"name":"Casino"}]},{"@type":"WebSite","@id":"https:\/\/spinbetter.center\/be\/#website","url":"https:\/\/spinbetter.center\/be\/","name":"SpinBetter","description":"SpinBetter","alternateName":"Spin Better","potentialAction":[{"@type":"SearchAction","target":{"@type":"EntryPoint","urlTemplate":"https:\/\/spinbetter.center\/be\/?s={search_term_string}"},"query-input":{"@type":"PropertyValueSpecification","valueRequired":true,"valueName":"search_term_string"}}],"inLanguage":"fr-BE"}]}},"_links":{"self":[{"href":"https:\/\/spinbetter.center\/be\/wp-json\/wp\/v2\/pages\/274","targetHints":{"allow":["GET"]}}],"collection":[{"href":"https:\/\/spinbetter.center\/be\/wp-json\/wp\/v2\/pages"}],"about":[{"href":"https:\/\/spinbetter.center\/be\/wp-json\/wp\/v2\/types\/page"}],"author":[{"embeddable":true,"href":"https:\/\/spinbetter.center\/be\/wp-json\/wp\/v2\/users\/1"}],"replies":[{"embeddable":true,"href":"https:\/\/spinbetter.center\/be\/wp-json\/wp\/v2\/comments?post=274"}],"version-history":[{"count":2,"href":"https:\/\/spinbetter.center\/be\/wp-json\/wp\/v2\/pages\/274\/revisions"}],"predecessor-version":[{"id":484,"href":"https:\/\/spinbetter.center\/be\/wp-json\/wp\/v2\/pages\/274\/revisions\/484"}],"wp:attachment":[{"href":"https:\/\/spinbetter.center\/be\/wp-json\/wp\/v2\/media?parent=274"}],"curies":[{"name":"wp","href":"https:\/\/api.w.org\/{rel}","templated":true}]}}