{"id":272,"date":"2024-09-18T14:55:02","date_gmt":"2024-09-18T14:55:02","guid":{"rendered":"https:\/\/spinbetter.center\/be\/?page_id=272"},"modified":"2025-06-04T16:01:41","modified_gmt":"2025-06-04T16:01:41","slug":"bonuses","status":"publish","type":"page","link":"https:\/\/spinbetter.center\/be\/bonuses\/","title":{"rendered":"Bonus"},"content":{"rendered":"","protected":false},"excerpt":{"rendered":"","protected":false},"author":1,"featured_media":0,"parent":0,"menu_order":0,"comment_status":"closed","ping_status":"closed","template":"","meta":{"footnotes":""},"class_list":["post-272","page","type-page","status-publish","hentry"],"yoast_head":"<!-- This site is optimized with the Yoast SEO plugin v27.4 - https:\/\/yoast.com\/product\/yoast-seo-wordpress\/ -->\n<title>SpinBetter Bonus, Offres et Ev\u00e9nements: Freespins et Cashback<\/title>\n<meta name=\"description\" content=\"Bonus de bienvenue SpinBetter Belgique pour le casino et les paris sportifs. Incitations au d\u00e9p\u00f4t et sans d\u00e9p\u00f4t pour les clients existants. Conditions de mise et autres conditions de mise des cadeaux.\" \/>\n<meta name=\"robots\" content=\"index, follow, max-snippet:-1, max-image-preview:large, max-video-preview:-1\" \/>\n<link rel=\"canonical\" href=\"https:\/\/spinbetter.center\/be\/bonuses\/\" \/>\n<meta property=\"og:locale\" content=\"fr_FR\" \/>\n<meta property=\"og:type\" content=\"article\" \/>\n<meta property=\"og:title\" content=\"SpinBetter Bonus, Offres et Ev\u00e9nements: Freespins et Cashback\" \/>\n<meta property=\"og:description\" content=\"Bonus de bienvenue SpinBetter Belgique pour le casino et les paris sportifs. Incitations au d\u00e9p\u00f4t et sans d\u00e9p\u00f4t pour les clients existants. Conditions de mise et autres conditions de mise des cadeaux.\" \/>\n<meta property=\"og:url\" content=\"https:\/\/spinbetter.center\/be\/bonuses\/\" \/>\n<meta property=\"og:site_name\" content=\"Spinbetter center BE\" \/>\n<meta property=\"article:modified_time\" content=\"2025-06-04T16:01:41+00:00\" \/>\n<meta name=\"twitter:card\" content=\"summary_large_image\" \/>\n<script type=\"application\/ld+json\" class=\"yoast-schema-graph\">{\"@context\":\"https:\\\/\\\/schema.org\",\"@graph\":[{\"@type\":\"WebPage\",\"@id\":\"https:\\\/\\\/spinbetter.center\\\/be\\\/bonuses\\\/\",\"url\":\"https:\\\/\\\/spinbetter.center\\\/be\\\/bonuses\\\/\",\"name\":\"SpinBetter Bonus, Offres et Ev\u00e9nements: Freespins et Cashback\",\"isPartOf\":{\"@id\":\"https:\\\/\\\/spinbetter.center\\\/be\\\/#website\"},\"datePublished\":\"2024-09-18T14:55:02+00:00\",\"dateModified\":\"2025-06-04T16:01:41+00:00\",\"description\":\"Bonus de bienvenue SpinBetter Belgique pour le casino et les paris sportifs. Incitations au d\u00e9p\u00f4t et sans d\u00e9p\u00f4t pour les clients existants. Conditions de mise et autres conditions de mise des cadeaux.\",\"breadcrumb\":{\"@id\":\"https:\\\/\\\/spinbetter.center\\\/be\\\/bonuses\\\/#breadcrumb\"},\"inLanguage\":\"fr-BE\",\"potentialAction\":[{\"@type\":\"ReadAction\",\"target\":[\"https:\\\/\\\/spinbetter.center\\\/be\\\/bonuses\\\/\"]}]},{\"@type\":\"BreadcrumbList\",\"@id\":\"https:\\\/\\\/spinbetter.center\\\/be\\\/bonuses\\\/#breadcrumb\",\"itemListElement\":[{\"@type\":\"ListItem\",\"position\":1,\"name\":\"Home\",\"item\":\"https:\\\/\\\/spinbetter.center\\\/be\\\/\"},{\"@type\":\"ListItem\",\"position\":2,\"name\":\"Bonus\"}]},{\"@type\":\"WebSite\",\"@id\":\"https:\\\/\\\/spinbetter.center\\\/be\\\/#website\",\"url\":\"https:\\\/\\\/spinbetter.center\\\/be\\\/\",\"name\":\"SpinBetter\",\"description\":\"SpinBetter\",\"alternateName\":\"Spin Better\",\"potentialAction\":[{\"@type\":\"SearchAction\",\"target\":{\"@type\":\"EntryPoint\",\"urlTemplate\":\"https:\\\/\\\/spinbetter.center\\\/be\\\/?s={search_term_string}\"},\"query-input\":{\"@type\":\"PropertyValueSpecification\",\"valueRequired\":true,\"valueName\":\"search_term_string\"}}],\"inLanguage\":\"fr-BE\"}]}<\/script>\n<!-- \/ Yoast SEO plugin. -->","yoast_head_json":{"title":"SpinBetter Bonus, Offres et Ev\u00e9nements: Freespins et Cashback","description":"Bonus de bienvenue SpinBetter Belgique pour le casino et les paris sportifs. Incitations au d\u00e9p\u00f4t et sans d\u00e9p\u00f4t pour les clients existants. Conditions de mise et autres conditions de mise des cadeaux.","robots":{"index":"index","follow":"follow","max-snippet":"max-snippet:-1","max-image-preview":"max-image-preview:large","max-video-preview":"max-video-preview:-1"},"canonical":"https:\/\/spinbetter.center\/be\/bonuses\/","og_locale":"fr_FR","og_type":"article","og_title":"SpinBetter Bonus, Offres et Ev\u00e9nements: Freespins et Cashback","og_description":"Bonus de bienvenue SpinBetter Belgique pour le casino et les paris sportifs. Incitations au d\u00e9p\u00f4t et sans d\u00e9p\u00f4t pour les clients existants. Conditions de mise et autres conditions de mise des cadeaux.","og_url":"https:\/\/spinbetter.center\/be\/bonuses\/","og_site_name":"Spinbetter center BE","article_modified_time":"2025-06-04T16:01:41+00:00","twitter_card":"summary_large_image","schema":{"@context":"https:\/\/schema.org","@graph":[{"@type":"WebPage","@id":"https:\/\/spinbetter.center\/be\/bonuses\/","url":"https:\/\/spinbetter.center\/be\/bonuses\/","name":"SpinBetter Bonus, Offres et Ev\u00e9nements: Freespins et Cashback","isPartOf":{"@id":"https:\/\/spinbetter.center\/be\/#website"},"datePublished":"2024-09-18T14:55:02+00:00","dateModified":"2025-06-04T16:01:41+00:00","description":"Bonus de bienvenue SpinBetter Belgique pour le casino et les paris sportifs. Incitations au d\u00e9p\u00f4t et sans d\u00e9p\u00f4t pour les clients existants. Conditions de mise et autres conditions de mise des cadeaux.","breadcrumb":{"@id":"https:\/\/spinbetter.center\/be\/bonuses\/#breadcrumb"},"inLanguage":"fr-BE","potentialAction":[{"@type":"ReadAction","target":["https:\/\/spinbetter.center\/be\/bonuses\/"]}]},{"@type":"BreadcrumbList","@id":"https:\/\/spinbetter.center\/be\/bonuses\/#breadcrumb","itemListElement":[{"@type":"ListItem","position":1,"name":"Home","item":"https:\/\/spinbetter.center\/be\/"},{"@type":"ListItem","position":2,"name":"Bonus"}]},{"@type":"WebSite","@id":"https:\/\/spinbetter.center\/be\/#website","url":"https:\/\/spinbetter.center\/be\/","name":"SpinBetter","description":"SpinBetter","alternateName":"Spin Better","potentialAction":[{"@type":"SearchAction","target":{"@type":"EntryPoint","urlTemplate":"https:\/\/spinbetter.center\/be\/?s={search_term_string}"},"query-input":{"@type":"PropertyValueSpecification","valueRequired":true,"valueName":"search_term_string"}}],"inLanguage":"fr-BE"}]}},"_links":{"self":[{"href":"https:\/\/spinbetter.center\/be\/wp-json\/wp\/v2\/pages\/272","targetHints":{"allow":["GET"]}}],"collection":[{"href":"https:\/\/spinbetter.center\/be\/wp-json\/wp\/v2\/pages"}],"about":[{"href":"https:\/\/spinbetter.center\/be\/wp-json\/wp\/v2\/types\/page"}],"author":[{"embeddable":true,"href":"https:\/\/spinbetter.center\/be\/wp-json\/wp\/v2\/users\/1"}],"replies":[{"embeddable":true,"href":"https:\/\/spinbetter.center\/be\/wp-json\/wp\/v2\/comments?post=272"}],"version-history":[{"count":4,"href":"https:\/\/spinbetter.center\/be\/wp-json\/wp\/v2\/pages\/272\/revisions"}],"predecessor-version":[{"id":768,"href":"https:\/\/spinbetter.center\/be\/wp-json\/wp\/v2\/pages\/272\/revisions\/768"}],"wp:attachment":[{"href":"https:\/\/spinbetter.center\/be\/wp-json\/wp\/v2\/media?parent=272"}],"curies":[{"name":"wp","href":"https:\/\/api.w.org\/{rel}","templated":true}]}}