{"id":525,"date":"2025-03-31T05:43:58","date_gmt":"2025-03-31T05:43:58","guid":{"rendered":"https:\/\/spinbetter.center\/?page_id=525"},"modified":"2025-05-24T13:43:15","modified_gmt":"2025-05-24T13:43:15","slug":"freespins-telegram","status":"publish","type":"page","link":"https:\/\/spinbetter.center\/azerbaijan\/bonuses\/freespins-telegram\/","title":{"rendered":"Pulsuz spinl\u0259r"},"content":{"rendered":"","protected":false},"excerpt":{"rendered":"","protected":false},"author":1,"featured_media":0,"parent":272,"menu_order":0,"comment_status":"closed","ping_status":"closed","template":"","meta":{"footnotes":""},"class_list":["post-525","page","type-page","status-publish","hentry"],"yoast_head":"<!-- This site is optimized with the Yoast SEO plugin v24.5 - https:\/\/yoast.com\/wordpress\/plugins\/seo\/ -->\n<title>SpinBetter il\u0259 100 Freespin \u0259ld\u0259 edin: \u2714\ufe0f Telegram-a abun\u0259 olun<\/title>\n<meta name=\"description\" content=\"100 pulsuz spin ist\u0259yirsiniz? SpinBetter Telegram-a abun\u0259 olun v\u0259 bonus spinl\u0259rinizi \u0259ld\u0259 edin! \u0130sti x\u0259b\u0259rl\u0259r v\u0259 ekskl\u00fcziv promosyonlar haqq\u0131nda ilk siz x\u0259b\u0259rdar olun. Qazanmaq \u015fans\u0131n\u0131z\u0131 qa\u00e7\u0131rmay\u0131n - indi h\u0259r\u0259k\u0259t edin!\" \/>\n<meta name=\"robots\" content=\"index, follow, max-snippet:-1, max-image-preview:large, max-video-preview:-1\" \/>\n<link rel=\"canonical\" href=\"https:\/\/spinbetter.center\/azerbaijan\/bonuses\/freespins-telegram\/\" \/>\n<meta property=\"og:locale\" content=\"az_AZ\" \/>\n<meta property=\"og:type\" content=\"article\" \/>\n<meta property=\"og:title\" content=\"SpinBetter il\u0259 100 Freespin \u0259ld\u0259 edin: \u2714\ufe0f Telegram-a abun\u0259 olun\" \/>\n<meta property=\"og:description\" content=\"100 pulsuz spin ist\u0259yirsiniz? SpinBetter Telegram-a abun\u0259 olun v\u0259 bonus spinl\u0259rinizi \u0259ld\u0259 edin! \u0130sti x\u0259b\u0259rl\u0259r v\u0259 ekskl\u00fcziv promosyonlar haqq\u0131nda ilk siz x\u0259b\u0259rdar olun. Qazanmaq \u015fans\u0131n\u0131z\u0131 qa\u00e7\u0131rmay\u0131n - indi h\u0259r\u0259k\u0259t edin!\" \/>\n<meta property=\"og:url\" content=\"https:\/\/spinbetter.center\/azerbaijan\/bonuses\/freespins-telegram\/\" \/>\n<meta property=\"og:site_name\" content=\"SpinBetter az\" \/>\n<meta property=\"article:modified_time\" content=\"2025-05-24T13:43:15+00:00\" \/>\n<meta name=\"twitter:card\" content=\"summary_large_image\" \/>\n<script type=\"application\/ld+json\" class=\"yoast-schema-graph\">{\"@context\":\"https:\/\/schema.org\",\"@graph\":[{\"@type\":\"WebPage\",\"@id\":\"https:\/\/spinbetter.center\/azerbaijan\/bonuses\/freespins-telegram\/\",\"url\":\"https:\/\/spinbetter.center\/azerbaijan\/bonuses\/freespins-telegram\/\",\"name\":\"SpinBetter il\u0259 100 Freespin \u0259ld\u0259 edin: \u2714\ufe0f Telegram-a abun\u0259 olun\",\"isPartOf\":{\"@id\":\"https:\/\/spinbetter.center\/azerbaijan\/#website\"},\"datePublished\":\"2025-03-31T05:43:58+00:00\",\"dateModified\":\"2025-05-24T13:43:15+00:00\",\"description\":\"100 pulsuz spin ist\u0259yirsiniz? SpinBetter Telegram-a abun\u0259 olun v\u0259 bonus spinl\u0259rinizi \u0259ld\u0259 edin! \u0130sti x\u0259b\u0259rl\u0259r v\u0259 ekskl\u00fcziv promosyonlar haqq\u0131nda ilk siz x\u0259b\u0259rdar olun. Qazanmaq \u015fans\u0131n\u0131z\u0131 qa\u00e7\u0131rmay\u0131n - indi h\u0259r\u0259k\u0259t edin!\",\"breadcrumb\":{\"@id\":\"https:\/\/spinbetter.center\/azerbaijan\/bonuses\/freespins-telegram\/#breadcrumb\"},\"inLanguage\":\"az\",\"potentialAction\":[{\"@type\":\"ReadAction\",\"target\":[\"https:\/\/spinbetter.center\/azerbaijan\/bonuses\/freespins-telegram\/\"]}]},{\"@type\":\"BreadcrumbList\",\"@id\":\"https:\/\/spinbetter.center\/azerbaijan\/bonuses\/freespins-telegram\/#breadcrumb\",\"itemListElement\":[{\"@type\":\"ListItem\",\"position\":1,\"name\":\"Home\",\"item\":\"https:\/\/spinbetter.center\/azerbaijan\/\"},{\"@type\":\"ListItem\",\"position\":2,\"name\":\"Bonuslar\",\"item\":\"https:\/\/spinbetter.center\/azerbaijan\/bonuses\/\"},{\"@type\":\"ListItem\",\"position\":3,\"name\":\"Pulsuz spinl\u0259r\"}]},{\"@type\":\"WebSite\",\"@id\":\"https:\/\/spinbetter.center\/azerbaijan\/#website\",\"url\":\"https:\/\/spinbetter.center\/azerbaijan\/\",\"name\":\"SpinBetter\",\"description\":\"SpinBetter\",\"alternateName\":\"Spin Better\",\"potentialAction\":[{\"@type\":\"SearchAction\",\"target\":{\"@type\":\"EntryPoint\",\"urlTemplate\":\"https:\/\/spinbetter.center\/azerbaijan\/?s={search_term_string}\"},\"query-input\":{\"@type\":\"PropertyValueSpecification\",\"valueRequired\":true,\"valueName\":\"search_term_string\"}}],\"inLanguage\":\"az\"}]}<\/script>\n<!-- \/ Yoast SEO plugin. -->","yoast_head_json":{"title":"SpinBetter il\u0259 100 Freespin \u0259ld\u0259 edin: \u2714\ufe0f Telegram-a abun\u0259 olun","description":"100 pulsuz spin ist\u0259yirsiniz? SpinBetter Telegram-a abun\u0259 olun v\u0259 bonus spinl\u0259rinizi \u0259ld\u0259 edin! \u0130sti x\u0259b\u0259rl\u0259r v\u0259 ekskl\u00fcziv promosyonlar haqq\u0131nda ilk siz x\u0259b\u0259rdar olun. Qazanmaq \u015fans\u0131n\u0131z\u0131 qa\u00e7\u0131rmay\u0131n - indi h\u0259r\u0259k\u0259t edin!","robots":{"index":"index","follow":"follow","max-snippet":"max-snippet:-1","max-image-preview":"max-image-preview:large","max-video-preview":"max-video-preview:-1"},"canonical":"https:\/\/spinbetter.center\/azerbaijan\/bonuses\/freespins-telegram\/","og_locale":"az_AZ","og_type":"article","og_title":"SpinBetter il\u0259 100 Freespin \u0259ld\u0259 edin: \u2714\ufe0f Telegram-a abun\u0259 olun","og_description":"100 pulsuz spin ist\u0259yirsiniz? SpinBetter Telegram-a abun\u0259 olun v\u0259 bonus spinl\u0259rinizi \u0259ld\u0259 edin! \u0130sti x\u0259b\u0259rl\u0259r v\u0259 ekskl\u00fcziv promosyonlar haqq\u0131nda ilk siz x\u0259b\u0259rdar olun. Qazanmaq \u015fans\u0131n\u0131z\u0131 qa\u00e7\u0131rmay\u0131n - indi h\u0259r\u0259k\u0259t edin!","og_url":"https:\/\/spinbetter.center\/azerbaijan\/bonuses\/freespins-telegram\/","og_site_name":"SpinBetter az","article_modified_time":"2025-05-24T13:43:15+00:00","twitter_card":"summary_large_image","schema":{"@context":"https:\/\/schema.org","@graph":[{"@type":"WebPage","@id":"https:\/\/spinbetter.center\/azerbaijan\/bonuses\/freespins-telegram\/","url":"https:\/\/spinbetter.center\/azerbaijan\/bonuses\/freespins-telegram\/","name":"SpinBetter il\u0259 100 Freespin \u0259ld\u0259 edin: \u2714\ufe0f Telegram-a abun\u0259 olun","isPartOf":{"@id":"https:\/\/spinbetter.center\/azerbaijan\/#website"},"datePublished":"2025-03-31T05:43:58+00:00","dateModified":"2025-05-24T13:43:15+00:00","description":"100 pulsuz spin ist\u0259yirsiniz? SpinBetter Telegram-a abun\u0259 olun v\u0259 bonus spinl\u0259rinizi \u0259ld\u0259 edin! \u0130sti x\u0259b\u0259rl\u0259r v\u0259 ekskl\u00fcziv promosyonlar haqq\u0131nda ilk siz x\u0259b\u0259rdar olun. Qazanmaq \u015fans\u0131n\u0131z\u0131 qa\u00e7\u0131rmay\u0131n - indi h\u0259r\u0259k\u0259t edin!","breadcrumb":{"@id":"https:\/\/spinbetter.center\/azerbaijan\/bonuses\/freespins-telegram\/#breadcrumb"},"inLanguage":"az","potentialAction":[{"@type":"ReadAction","target":["https:\/\/spinbetter.center\/azerbaijan\/bonuses\/freespins-telegram\/"]}]},{"@type":"BreadcrumbList","@id":"https:\/\/spinbetter.center\/azerbaijan\/bonuses\/freespins-telegram\/#breadcrumb","itemListElement":[{"@type":"ListItem","position":1,"name":"Home","item":"https:\/\/spinbetter.center\/azerbaijan\/"},{"@type":"ListItem","position":2,"name":"Bonuslar","item":"https:\/\/spinbetter.center\/azerbaijan\/bonuses\/"},{"@type":"ListItem","position":3,"name":"Pulsuz spinl\u0259r"}]},{"@type":"WebSite","@id":"https:\/\/spinbetter.center\/azerbaijan\/#website","url":"https:\/\/spinbetter.center\/azerbaijan\/","name":"SpinBetter","description":"SpinBetter","alternateName":"Spin Better","potentialAction":[{"@type":"SearchAction","target":{"@type":"EntryPoint","urlTemplate":"https:\/\/spinbetter.center\/azerbaijan\/?s={search_term_string}"},"query-input":{"@type":"PropertyValueSpecification","valueRequired":true,"valueName":"search_term_string"}}],"inLanguage":"az"}]}},"_links":{"self":[{"href":"https:\/\/spinbetter.center\/azerbaijan\/wp-json\/wp\/v2\/pages\/525","targetHints":{"allow":["GET"]}}],"collection":[{"href":"https:\/\/spinbetter.center\/azerbaijan\/wp-json\/wp\/v2\/pages"}],"about":[{"href":"https:\/\/spinbetter.center\/azerbaijan\/wp-json\/wp\/v2\/types\/page"}],"author":[{"embeddable":true,"href":"https:\/\/spinbetter.center\/azerbaijan\/wp-json\/wp\/v2\/users\/1"}],"replies":[{"embeddable":true,"href":"https:\/\/spinbetter.center\/azerbaijan\/wp-json\/wp\/v2\/comments?post=525"}],"version-history":[{"count":4,"href":"https:\/\/spinbetter.center\/azerbaijan\/wp-json\/wp\/v2\/pages\/525\/revisions"}],"predecessor-version":[{"id":558,"href":"https:\/\/spinbetter.center\/azerbaijan\/wp-json\/wp\/v2\/pages\/525\/revisions\/558"}],"up":[{"embeddable":true,"href":"https:\/\/spinbetter.center\/azerbaijan\/wp-json\/wp\/v2\/pages\/272"}],"wp:attachment":[{"href":"https:\/\/spinbetter.center\/azerbaijan\/wp-json\/wp\/v2\/media?parent=525"}],"curies":[{"name":"wp","href":"https:\/\/api.w.org\/{rel}","templated":true}]}}