{"id":521,"date":"2025-03-28T15:40:33","date_gmt":"2025-03-28T15:40:33","guid":{"rendered":"https:\/\/spinbetter.center\/?page_id=521"},"modified":"2025-05-24T13:42:35","modified_gmt":"2025-05-24T13:42:35","slug":"losing-bets","status":"publish","type":"page","link":"https:\/\/spinbetter.center\/azerbaijan\/bonuses\/losing-bets\/","title":{"rendered":"\u0130tirm\u0259k Oynamaq"},"content":{"rendered":"","protected":false},"excerpt":{"rendered":"","protected":false},"author":1,"featured_media":0,"parent":272,"menu_order":0,"comment_status":"closed","ping_status":"closed","template":"","meta":{"footnotes":""},"class_list":["post-521","page","type-page","status-publish","hentry"],"yoast_head":"<!-- This site is optimized with the Yoast SEO plugin v24.5 - https:\/\/yoast.com\/wordpress\/plugins\/seo\/ -->\n<title>Bir s\u0131ra pis m\u0259rcl\u0259r \u00fc\u00e7\u00fcn SpinBetter bonusu: m\u0259rc etm\u0259k \u00fc\u00e7\u00fcn 850 AZN-\u0259 q\u0259d\u0259r qazan\u0131n!<\/title>\n<meta name=\"description\" content=\"U\u011fursuzluqlar\u0131n sizi q\u0131rmas\u0131na imkan verm\u0259yin! SpinBetter sizi taleyiniz\u0259 buraxmayacaq! Bir s\u0131ra u\u011fursuz m\u0259rcl\u0259r \u00fc\u00e7\u00fcn \u0259lav\u0259 \u015fans v\u0259 850 AZN-\u0259 q\u0259d\u0259r kompensasiya \u0259ld\u0259 edin. Ba\u015fqalar\u0131 \u00e7axna\u015fma v\u0259ziyy\u0259tind\u0259 olark\u0259n \u00f6z\u00fcn\u0259 inam\u0131n\u0131z\u0131 geri al\u0131n v\u0259 geri qazan\u0131n!\" \/>\n<meta name=\"robots\" content=\"index, follow, max-snippet:-1, max-image-preview:large, max-video-preview:-1\" \/>\n<link rel=\"canonical\" href=\"https:\/\/spinbetter.center\/azerbaijan\/bonuses\/losing-bets\/\" \/>\n<meta property=\"og:locale\" content=\"az_AZ\" \/>\n<meta property=\"og:type\" content=\"article\" \/>\n<meta property=\"og:title\" content=\"Bir s\u0131ra pis m\u0259rcl\u0259r \u00fc\u00e7\u00fcn SpinBetter bonusu: m\u0259rc etm\u0259k \u00fc\u00e7\u00fcn 850 AZN-\u0259 q\u0259d\u0259r qazan\u0131n!\" \/>\n<meta property=\"og:description\" content=\"U\u011fursuzluqlar\u0131n sizi q\u0131rmas\u0131na imkan verm\u0259yin! SpinBetter sizi taleyiniz\u0259 buraxmayacaq! Bir s\u0131ra u\u011fursuz m\u0259rcl\u0259r \u00fc\u00e7\u00fcn \u0259lav\u0259 \u015fans v\u0259 850 AZN-\u0259 q\u0259d\u0259r kompensasiya \u0259ld\u0259 edin. Ba\u015fqalar\u0131 \u00e7axna\u015fma v\u0259ziyy\u0259tind\u0259 olark\u0259n \u00f6z\u00fcn\u0259 inam\u0131n\u0131z\u0131 geri al\u0131n v\u0259 geri qazan\u0131n!\" \/>\n<meta property=\"og:url\" content=\"https:\/\/spinbetter.center\/azerbaijan\/bonuses\/losing-bets\/\" \/>\n<meta property=\"og:site_name\" content=\"SpinBetter az\" \/>\n<meta property=\"article:modified_time\" content=\"2025-05-24T13:42:35+00:00\" \/>\n<meta name=\"twitter:card\" content=\"summary_large_image\" \/>\n<script type=\"application\/ld+json\" class=\"yoast-schema-graph\">{\"@context\":\"https:\/\/schema.org\",\"@graph\":[{\"@type\":\"WebPage\",\"@id\":\"https:\/\/spinbetter.center\/azerbaijan\/bonuses\/losing-bets\/\",\"url\":\"https:\/\/spinbetter.center\/azerbaijan\/bonuses\/losing-bets\/\",\"name\":\"Bir s\u0131ra pis m\u0259rcl\u0259r \u00fc\u00e7\u00fcn SpinBetter bonusu: m\u0259rc etm\u0259k \u00fc\u00e7\u00fcn 850 AZN-\u0259 q\u0259d\u0259r qazan\u0131n!\",\"isPartOf\":{\"@id\":\"https:\/\/spinbetter.center\/azerbaijan\/#website\"},\"datePublished\":\"2025-03-28T15:40:33+00:00\",\"dateModified\":\"2025-05-24T13:42:35+00:00\",\"description\":\"U\u011fursuzluqlar\u0131n sizi q\u0131rmas\u0131na imkan verm\u0259yin! SpinBetter sizi taleyiniz\u0259 buraxmayacaq! Bir s\u0131ra u\u011fursuz m\u0259rcl\u0259r \u00fc\u00e7\u00fcn \u0259lav\u0259 \u015fans v\u0259 850 AZN-\u0259 q\u0259d\u0259r kompensasiya \u0259ld\u0259 edin. Ba\u015fqalar\u0131 \u00e7axna\u015fma v\u0259ziyy\u0259tind\u0259 olark\u0259n \u00f6z\u00fcn\u0259 inam\u0131n\u0131z\u0131 geri al\u0131n v\u0259 geri qazan\u0131n!\",\"breadcrumb\":{\"@id\":\"https:\/\/spinbetter.center\/azerbaijan\/bonuses\/losing-bets\/#breadcrumb\"},\"inLanguage\":\"az\",\"potentialAction\":[{\"@type\":\"ReadAction\",\"target\":[\"https:\/\/spinbetter.center\/azerbaijan\/bonuses\/losing-bets\/\"]}]},{\"@type\":\"BreadcrumbList\",\"@id\":\"https:\/\/spinbetter.center\/azerbaijan\/bonuses\/losing-bets\/#breadcrumb\",\"itemListElement\":[{\"@type\":\"ListItem\",\"position\":1,\"name\":\"Home\",\"item\":\"https:\/\/spinbetter.center\/azerbaijan\/\"},{\"@type\":\"ListItem\",\"position\":2,\"name\":\"Bonuslar\",\"item\":\"https:\/\/spinbetter.center\/azerbaijan\/bonuses\/\"},{\"@type\":\"ListItem\",\"position\":3,\"name\":\"\u0130tirm\u0259k Oynamaq\"}]},{\"@type\":\"WebSite\",\"@id\":\"https:\/\/spinbetter.center\/azerbaijan\/#website\",\"url\":\"https:\/\/spinbetter.center\/azerbaijan\/\",\"name\":\"SpinBetter\",\"description\":\"SpinBetter\",\"alternateName\":\"Spin Better\",\"potentialAction\":[{\"@type\":\"SearchAction\",\"target\":{\"@type\":\"EntryPoint\",\"urlTemplate\":\"https:\/\/spinbetter.center\/azerbaijan\/?s={search_term_string}\"},\"query-input\":{\"@type\":\"PropertyValueSpecification\",\"valueRequired\":true,\"valueName\":\"search_term_string\"}}],\"inLanguage\":\"az\"}]}<\/script>\n<!-- \/ Yoast SEO plugin. -->","yoast_head_json":{"title":"Bir s\u0131ra pis m\u0259rcl\u0259r \u00fc\u00e7\u00fcn SpinBetter bonusu: m\u0259rc etm\u0259k \u00fc\u00e7\u00fcn 850 AZN-\u0259 q\u0259d\u0259r qazan\u0131n!","description":"U\u011fursuzluqlar\u0131n sizi q\u0131rmas\u0131na imkan verm\u0259yin! SpinBetter sizi taleyiniz\u0259 buraxmayacaq! Bir s\u0131ra u\u011fursuz m\u0259rcl\u0259r \u00fc\u00e7\u00fcn \u0259lav\u0259 \u015fans v\u0259 850 AZN-\u0259 q\u0259d\u0259r kompensasiya \u0259ld\u0259 edin. Ba\u015fqalar\u0131 \u00e7axna\u015fma v\u0259ziyy\u0259tind\u0259 olark\u0259n \u00f6z\u00fcn\u0259 inam\u0131n\u0131z\u0131 geri al\u0131n v\u0259 geri qazan\u0131n!","robots":{"index":"index","follow":"follow","max-snippet":"max-snippet:-1","max-image-preview":"max-image-preview:large","max-video-preview":"max-video-preview:-1"},"canonical":"https:\/\/spinbetter.center\/azerbaijan\/bonuses\/losing-bets\/","og_locale":"az_AZ","og_type":"article","og_title":"Bir s\u0131ra pis m\u0259rcl\u0259r \u00fc\u00e7\u00fcn SpinBetter bonusu: m\u0259rc etm\u0259k \u00fc\u00e7\u00fcn 850 AZN-\u0259 q\u0259d\u0259r qazan\u0131n!","og_description":"U\u011fursuzluqlar\u0131n sizi q\u0131rmas\u0131na imkan verm\u0259yin! SpinBetter sizi taleyiniz\u0259 buraxmayacaq! Bir s\u0131ra u\u011fursuz m\u0259rcl\u0259r \u00fc\u00e7\u00fcn \u0259lav\u0259 \u015fans v\u0259 850 AZN-\u0259 q\u0259d\u0259r kompensasiya \u0259ld\u0259 edin. Ba\u015fqalar\u0131 \u00e7axna\u015fma v\u0259ziyy\u0259tind\u0259 olark\u0259n \u00f6z\u00fcn\u0259 inam\u0131n\u0131z\u0131 geri al\u0131n v\u0259 geri qazan\u0131n!","og_url":"https:\/\/spinbetter.center\/azerbaijan\/bonuses\/losing-bets\/","og_site_name":"SpinBetter az","article_modified_time":"2025-05-24T13:42:35+00:00","twitter_card":"summary_large_image","schema":{"@context":"https:\/\/schema.org","@graph":[{"@type":"WebPage","@id":"https:\/\/spinbetter.center\/azerbaijan\/bonuses\/losing-bets\/","url":"https:\/\/spinbetter.center\/azerbaijan\/bonuses\/losing-bets\/","name":"Bir s\u0131ra pis m\u0259rcl\u0259r \u00fc\u00e7\u00fcn SpinBetter bonusu: m\u0259rc etm\u0259k \u00fc\u00e7\u00fcn 850 AZN-\u0259 q\u0259d\u0259r qazan\u0131n!","isPartOf":{"@id":"https:\/\/spinbetter.center\/azerbaijan\/#website"},"datePublished":"2025-03-28T15:40:33+00:00","dateModified":"2025-05-24T13:42:35+00:00","description":"U\u011fursuzluqlar\u0131n sizi q\u0131rmas\u0131na imkan verm\u0259yin! SpinBetter sizi taleyiniz\u0259 buraxmayacaq! Bir s\u0131ra u\u011fursuz m\u0259rcl\u0259r \u00fc\u00e7\u00fcn \u0259lav\u0259 \u015fans v\u0259 850 AZN-\u0259 q\u0259d\u0259r kompensasiya \u0259ld\u0259 edin. Ba\u015fqalar\u0131 \u00e7axna\u015fma v\u0259ziyy\u0259tind\u0259 olark\u0259n \u00f6z\u00fcn\u0259 inam\u0131n\u0131z\u0131 geri al\u0131n v\u0259 geri qazan\u0131n!","breadcrumb":{"@id":"https:\/\/spinbetter.center\/azerbaijan\/bonuses\/losing-bets\/#breadcrumb"},"inLanguage":"az","potentialAction":[{"@type":"ReadAction","target":["https:\/\/spinbetter.center\/azerbaijan\/bonuses\/losing-bets\/"]}]},{"@type":"BreadcrumbList","@id":"https:\/\/spinbetter.center\/azerbaijan\/bonuses\/losing-bets\/#breadcrumb","itemListElement":[{"@type":"ListItem","position":1,"name":"Home","item":"https:\/\/spinbetter.center\/azerbaijan\/"},{"@type":"ListItem","position":2,"name":"Bonuslar","item":"https:\/\/spinbetter.center\/azerbaijan\/bonuses\/"},{"@type":"ListItem","position":3,"name":"\u0130tirm\u0259k Oynamaq"}]},{"@type":"WebSite","@id":"https:\/\/spinbetter.center\/azerbaijan\/#website","url":"https:\/\/spinbetter.center\/azerbaijan\/","name":"SpinBetter","description":"SpinBetter","alternateName":"Spin Better","potentialAction":[{"@type":"SearchAction","target":{"@type":"EntryPoint","urlTemplate":"https:\/\/spinbetter.center\/azerbaijan\/?s={search_term_string}"},"query-input":{"@type":"PropertyValueSpecification","valueRequired":true,"valueName":"search_term_string"}}],"inLanguage":"az"}]}},"_links":{"self":[{"href":"https:\/\/spinbetter.center\/azerbaijan\/wp-json\/wp\/v2\/pages\/521","targetHints":{"allow":["GET"]}}],"collection":[{"href":"https:\/\/spinbetter.center\/azerbaijan\/wp-json\/wp\/v2\/pages"}],"about":[{"href":"https:\/\/spinbetter.center\/azerbaijan\/wp-json\/wp\/v2\/types\/page"}],"author":[{"embeddable":true,"href":"https:\/\/spinbetter.center\/azerbaijan\/wp-json\/wp\/v2\/users\/1"}],"replies":[{"embeddable":true,"href":"https:\/\/spinbetter.center\/azerbaijan\/wp-json\/wp\/v2\/comments?post=521"}],"version-history":[{"count":3,"href":"https:\/\/spinbetter.center\/azerbaijan\/wp-json\/wp\/v2\/pages\/521\/revisions"}],"predecessor-version":[{"id":557,"href":"https:\/\/spinbetter.center\/azerbaijan\/wp-json\/wp\/v2\/pages\/521\/revisions\/557"}],"up":[{"embeddable":true,"href":"https:\/\/spinbetter.center\/azerbaijan\/wp-json\/wp\/v2\/pages\/272"}],"wp:attachment":[{"href":"https:\/\/spinbetter.center\/azerbaijan\/wp-json\/wp\/v2\/media?parent=521"}],"curies":[{"name":"wp","href":"https:\/\/api.w.org\/{rel}","templated":true}]}}