{"id":404,"date":"2024-11-11T07:02:10","date_gmt":"2024-11-11T07:02:10","guid":{"rendered":"https:\/\/spinbetter.center\/azerbaijan\/?page_id=404"},"modified":"2025-03-26T11:41:41","modified_gmt":"2025-03-26T11:41:41","slug":"registration","status":"publish","type":"page","link":"https:\/\/spinbetter.center\/azerbaijan\/registration\/","title":{"rendered":"Qeydiyyat"},"content":{"rendered":"","protected":false},"excerpt":{"rendered":"","protected":false},"author":1,"featured_media":0,"parent":0,"menu_order":0,"comment_status":"closed","ping_status":"closed","template":"","meta":{"footnotes":""},"class_list":["post-404","page","type-page","status-publish","hentry"],"yoast_head":"<!-- This site is optimized with the Yoast SEO plugin v27.4 - https:\/\/yoast.com\/product\/yoast-seo-wordpress\/ -->\n<title>Add\u0131m-add\u0131m SpinBetter qeydiyyat proseduru v\u0259 xo\u015f g\u0259lmisiniz bonusu<\/title>\n<meta name=\"description\" content=\"SpinBetter Az\u0259rbaycan 2025-d\u0259 qeydiyyat prosesinin \u0259trafl\u0131 t\u0259sviri. Bu x\u00fcsusi sayt\u0131 se\u00e7m\u0259yin s\u0259b\u0259bl\u0259ri. Do\u011frulama n\u0259dir, niy\u0259 ehtiyac\u0131n\u0131z var v\u0259 onu nec\u0259 ke\u00e7m\u0259lisiniz.\" \/>\n<meta name=\"robots\" content=\"index, follow, max-snippet:-1, max-image-preview:large, max-video-preview:-1\" \/>\n<link rel=\"canonical\" href=\"https:\/\/spinbetter.center\/azerbaijan\/registration\/\" \/>\n<meta property=\"og:locale\" content=\"az_AZ\" \/>\n<meta property=\"og:type\" content=\"article\" \/>\n<meta property=\"og:title\" content=\"Add\u0131m-add\u0131m SpinBetter qeydiyyat proseduru v\u0259 xo\u015f g\u0259lmisiniz bonusu\" \/>\n<meta property=\"og:description\" content=\"SpinBetter Az\u0259rbaycan 2025-d\u0259 qeydiyyat prosesinin \u0259trafl\u0131 t\u0259sviri. Bu x\u00fcsusi sayt\u0131 se\u00e7m\u0259yin s\u0259b\u0259bl\u0259ri. Do\u011frulama n\u0259dir, niy\u0259 ehtiyac\u0131n\u0131z var v\u0259 onu nec\u0259 ke\u00e7m\u0259lisiniz.\" \/>\n<meta property=\"og:url\" content=\"https:\/\/spinbetter.center\/azerbaijan\/registration\/\" \/>\n<meta property=\"og:site_name\" content=\"SpinBetter az\" \/>\n<meta property=\"article:modified_time\" content=\"2025-03-26T11:41:41+00:00\" \/>\n<meta name=\"twitter:card\" content=\"summary_large_image\" \/>\n<script type=\"application\/ld+json\" class=\"yoast-schema-graph\">{\"@context\":\"https:\\\/\\\/schema.org\",\"@graph\":[{\"@type\":\"WebPage\",\"@id\":\"https:\\\/\\\/spinbetter.center\\\/azerbaijan\\\/registration\\\/\",\"url\":\"https:\\\/\\\/spinbetter.center\\\/azerbaijan\\\/registration\\\/\",\"name\":\"Add\u0131m-add\u0131m SpinBetter qeydiyyat proseduru v\u0259 xo\u015f g\u0259lmisiniz bonusu\",\"isPartOf\":{\"@id\":\"https:\\\/\\\/spinbetter.center\\\/azerbaijan\\\/#website\"},\"datePublished\":\"2024-11-11T07:02:10+00:00\",\"dateModified\":\"2025-03-26T11:41:41+00:00\",\"description\":\"SpinBetter Az\u0259rbaycan 2025-d\u0259 qeydiyyat prosesinin \u0259trafl\u0131 t\u0259sviri. Bu x\u00fcsusi sayt\u0131 se\u00e7m\u0259yin s\u0259b\u0259bl\u0259ri. Do\u011frulama n\u0259dir, niy\u0259 ehtiyac\u0131n\u0131z var v\u0259 onu nec\u0259 ke\u00e7m\u0259lisiniz.\",\"breadcrumb\":{\"@id\":\"https:\\\/\\\/spinbetter.center\\\/azerbaijan\\\/registration\\\/#breadcrumb\"},\"inLanguage\":\"az\",\"potentialAction\":[{\"@type\":\"ReadAction\",\"target\":[\"https:\\\/\\\/spinbetter.center\\\/azerbaijan\\\/registration\\\/\"]}]},{\"@type\":\"BreadcrumbList\",\"@id\":\"https:\\\/\\\/spinbetter.center\\\/azerbaijan\\\/registration\\\/#breadcrumb\",\"itemListElement\":[{\"@type\":\"ListItem\",\"position\":1,\"name\":\"Home\",\"item\":\"https:\\\/\\\/spinbetter.center\\\/azerbaijan\\\/\"},{\"@type\":\"ListItem\",\"position\":2,\"name\":\"Qeydiyyat\"}]},{\"@type\":\"WebSite\",\"@id\":\"https:\\\/\\\/spinbetter.center\\\/azerbaijan\\\/#website\",\"url\":\"https:\\\/\\\/spinbetter.center\\\/azerbaijan\\\/\",\"name\":\"SpinBetter\",\"description\":\"SpinBetter\",\"alternateName\":\"Spin Better\",\"potentialAction\":[{\"@type\":\"SearchAction\",\"target\":{\"@type\":\"EntryPoint\",\"urlTemplate\":\"https:\\\/\\\/spinbetter.center\\\/azerbaijan\\\/?s={search_term_string}\"},\"query-input\":{\"@type\":\"PropertyValueSpecification\",\"valueRequired\":true,\"valueName\":\"search_term_string\"}}],\"inLanguage\":\"az\"}]}<\/script>\n<!-- \/ Yoast SEO plugin. -->","yoast_head_json":{"title":"Add\u0131m-add\u0131m SpinBetter qeydiyyat proseduru v\u0259 xo\u015f g\u0259lmisiniz bonusu","description":"SpinBetter Az\u0259rbaycan 2025-d\u0259 qeydiyyat prosesinin \u0259trafl\u0131 t\u0259sviri. Bu x\u00fcsusi sayt\u0131 se\u00e7m\u0259yin s\u0259b\u0259bl\u0259ri. Do\u011frulama n\u0259dir, niy\u0259 ehtiyac\u0131n\u0131z var v\u0259 onu nec\u0259 ke\u00e7m\u0259lisiniz.","robots":{"index":"index","follow":"follow","max-snippet":"max-snippet:-1","max-image-preview":"max-image-preview:large","max-video-preview":"max-video-preview:-1"},"canonical":"https:\/\/spinbetter.center\/azerbaijan\/registration\/","og_locale":"az_AZ","og_type":"article","og_title":"Add\u0131m-add\u0131m SpinBetter qeydiyyat proseduru v\u0259 xo\u015f g\u0259lmisiniz bonusu","og_description":"SpinBetter Az\u0259rbaycan 2025-d\u0259 qeydiyyat prosesinin \u0259trafl\u0131 t\u0259sviri. Bu x\u00fcsusi sayt\u0131 se\u00e7m\u0259yin s\u0259b\u0259bl\u0259ri. Do\u011frulama n\u0259dir, niy\u0259 ehtiyac\u0131n\u0131z var v\u0259 onu nec\u0259 ke\u00e7m\u0259lisiniz.","og_url":"https:\/\/spinbetter.center\/azerbaijan\/registration\/","og_site_name":"SpinBetter az","article_modified_time":"2025-03-26T11:41:41+00:00","twitter_card":"summary_large_image","schema":{"@context":"https:\/\/schema.org","@graph":[{"@type":"WebPage","@id":"https:\/\/spinbetter.center\/azerbaijan\/registration\/","url":"https:\/\/spinbetter.center\/azerbaijan\/registration\/","name":"Add\u0131m-add\u0131m SpinBetter qeydiyyat proseduru v\u0259 xo\u015f g\u0259lmisiniz bonusu","isPartOf":{"@id":"https:\/\/spinbetter.center\/azerbaijan\/#website"},"datePublished":"2024-11-11T07:02:10+00:00","dateModified":"2025-03-26T11:41:41+00:00","description":"SpinBetter Az\u0259rbaycan 2025-d\u0259 qeydiyyat prosesinin \u0259trafl\u0131 t\u0259sviri. Bu x\u00fcsusi sayt\u0131 se\u00e7m\u0259yin s\u0259b\u0259bl\u0259ri. Do\u011frulama n\u0259dir, niy\u0259 ehtiyac\u0131n\u0131z var v\u0259 onu nec\u0259 ke\u00e7m\u0259lisiniz.","breadcrumb":{"@id":"https:\/\/spinbetter.center\/azerbaijan\/registration\/#breadcrumb"},"inLanguage":"az","potentialAction":[{"@type":"ReadAction","target":["https:\/\/spinbetter.center\/azerbaijan\/registration\/"]}]},{"@type":"BreadcrumbList","@id":"https:\/\/spinbetter.center\/azerbaijan\/registration\/#breadcrumb","itemListElement":[{"@type":"ListItem","position":1,"name":"Home","item":"https:\/\/spinbetter.center\/azerbaijan\/"},{"@type":"ListItem","position":2,"name":"Qeydiyyat"}]},{"@type":"WebSite","@id":"https:\/\/spinbetter.center\/azerbaijan\/#website","url":"https:\/\/spinbetter.center\/azerbaijan\/","name":"SpinBetter","description":"SpinBetter","alternateName":"Spin Better","potentialAction":[{"@type":"SearchAction","target":{"@type":"EntryPoint","urlTemplate":"https:\/\/spinbetter.center\/azerbaijan\/?s={search_term_string}"},"query-input":{"@type":"PropertyValueSpecification","valueRequired":true,"valueName":"search_term_string"}}],"inLanguage":"az"}]}},"amp_enabled":true,"_links":{"self":[{"href":"https:\/\/spinbetter.center\/azerbaijan\/wp-json\/wp\/v2\/pages\/404","targetHints":{"allow":["GET"]}}],"collection":[{"href":"https:\/\/spinbetter.center\/azerbaijan\/wp-json\/wp\/v2\/pages"}],"about":[{"href":"https:\/\/spinbetter.center\/azerbaijan\/wp-json\/wp\/v2\/types\/page"}],"author":[{"embeddable":true,"href":"https:\/\/spinbetter.center\/azerbaijan\/wp-json\/wp\/v2\/users\/1"}],"replies":[{"embeddable":true,"href":"https:\/\/spinbetter.center\/azerbaijan\/wp-json\/wp\/v2\/comments?post=404"}],"version-history":[{"count":2,"href":"https:\/\/spinbetter.center\/azerbaijan\/wp-json\/wp\/v2\/pages\/404\/revisions"}],"predecessor-version":[{"id":507,"href":"https:\/\/spinbetter.center\/azerbaijan\/wp-json\/wp\/v2\/pages\/404\/revisions\/507"}],"wp:attachment":[{"href":"https:\/\/spinbetter.center\/azerbaijan\/wp-json\/wp\/v2\/media?parent=404"}],"curies":[{"name":"wp","href":"https:\/\/api.w.org\/{rel}","templated":true}]}}