{"id":274,"date":"2024-09-18T14:59:05","date_gmt":"2024-09-18T14:59:05","guid":{"rendered":"https:\/\/spinbetter.center\/azerbaijan\/?page_id=274"},"modified":"2025-03-27T06:41:44","modified_gmt":"2025-03-27T06:41:44","slug":"casino","status":"publish","type":"page","link":"https:\/\/spinbetter.center\/azerbaijan\/casino\/","title":{"rendered":"Casino"},"content":{"rendered":"","protected":false},"excerpt":{"rendered":"","protected":false},"author":1,"featured_media":0,"parent":0,"menu_order":0,"comment_status":"closed","ping_status":"closed","template":"","meta":{"footnotes":""},"class_list":["post-274","page","type-page","status-publish","hentry"],"yoast_head":"<!-- This site is optimized with the Yoast SEO plugin v24.5 - https:\/\/yoast.com\/wordpress\/plugins\/seo\/ -->\n<title>SpinBetter Casino Az\u0259rbaycan: Slotlar, Canl\u0131 Casino, Aviator<\/title>\n<meta name=\"description\" content=\"H\u0259r z\u00f6vq\u0259 g\u00f6r\u0259 bir ne\u00e7\u0259 min kazino \u0259yl\u0259nc\u0259si. SpinBetter onlayn kazinosunda nec\u0259 qeydiyyatdan ke\u00e7m\u0259k bar\u0259d\u0259 add\u0131m-add\u0131m t\u0259limatlar. M\u00f6vcud m\u00fc\u015ft\u0259ril\u0259r \u00fc\u00e7\u00fcn xo\u015f g\u0259lmisiniz bonusu v\u0259 stimullar.\" \/>\n<meta name=\"robots\" content=\"index, follow, max-snippet:-1, max-image-preview:large, max-video-preview:-1\" \/>\n<link rel=\"canonical\" href=\"https:\/\/spinbetter.center\/azerbaijan\/casino\/\" \/>\n<meta property=\"og:locale\" content=\"az_AZ\" \/>\n<meta property=\"og:type\" content=\"article\" \/>\n<meta property=\"og:title\" content=\"SpinBetter Casino Az\u0259rbaycan: Slotlar, Canl\u0131 Casino, Aviator\" \/>\n<meta property=\"og:description\" content=\"H\u0259r z\u00f6vq\u0259 g\u00f6r\u0259 bir ne\u00e7\u0259 min kazino \u0259yl\u0259nc\u0259si. SpinBetter onlayn kazinosunda nec\u0259 qeydiyyatdan ke\u00e7m\u0259k bar\u0259d\u0259 add\u0131m-add\u0131m t\u0259limatlar. M\u00f6vcud m\u00fc\u015ft\u0259ril\u0259r \u00fc\u00e7\u00fcn xo\u015f g\u0259lmisiniz bonusu v\u0259 stimullar.\" \/>\n<meta property=\"og:url\" content=\"https:\/\/spinbetter.center\/azerbaijan\/casino\/\" \/>\n<meta property=\"og:site_name\" content=\"SpinBetter az\" \/>\n<meta property=\"article:modified_time\" content=\"2025-03-27T06:41:44+00:00\" \/>\n<meta name=\"twitter:card\" content=\"summary_large_image\" \/>\n<script type=\"application\/ld+json\" class=\"yoast-schema-graph\">{\"@context\":\"https:\/\/schema.org\",\"@graph\":[{\"@type\":\"WebPage\",\"@id\":\"https:\/\/spinbetter.center\/azerbaijan\/casino\/\",\"url\":\"https:\/\/spinbetter.center\/azerbaijan\/casino\/\",\"name\":\"SpinBetter Casino Az\u0259rbaycan: Slotlar, Canl\u0131 Casino, Aviator\",\"isPartOf\":{\"@id\":\"https:\/\/spinbetter.center\/azerbaijan\/#website\"},\"datePublished\":\"2024-09-18T14:59:05+00:00\",\"dateModified\":\"2025-03-27T06:41:44+00:00\",\"description\":\"H\u0259r z\u00f6vq\u0259 g\u00f6r\u0259 bir ne\u00e7\u0259 min kazino \u0259yl\u0259nc\u0259si. SpinBetter onlayn kazinosunda nec\u0259 qeydiyyatdan ke\u00e7m\u0259k bar\u0259d\u0259 add\u0131m-add\u0131m t\u0259limatlar. M\u00f6vcud m\u00fc\u015ft\u0259ril\u0259r \u00fc\u00e7\u00fcn xo\u015f g\u0259lmisiniz bonusu v\u0259 stimullar.\",\"breadcrumb\":{\"@id\":\"https:\/\/spinbetter.center\/azerbaijan\/casino\/#breadcrumb\"},\"inLanguage\":\"az\",\"potentialAction\":[{\"@type\":\"ReadAction\",\"target\":[\"https:\/\/spinbetter.center\/azerbaijan\/casino\/\"]}]},{\"@type\":\"BreadcrumbList\",\"@id\":\"https:\/\/spinbetter.center\/azerbaijan\/casino\/#breadcrumb\",\"itemListElement\":[{\"@type\":\"ListItem\",\"position\":1,\"name\":\"Home\",\"item\":\"https:\/\/spinbetter.center\/azerbaijan\/\"},{\"@type\":\"ListItem\",\"position\":2,\"name\":\"Casino\"}]},{\"@type\":\"WebSite\",\"@id\":\"https:\/\/spinbetter.center\/azerbaijan\/#website\",\"url\":\"https:\/\/spinbetter.center\/azerbaijan\/\",\"name\":\"SpinBetter\",\"description\":\"SpinBetter\",\"alternateName\":\"Spin Better\",\"potentialAction\":[{\"@type\":\"SearchAction\",\"target\":{\"@type\":\"EntryPoint\",\"urlTemplate\":\"https:\/\/spinbetter.center\/azerbaijan\/?s={search_term_string}\"},\"query-input\":{\"@type\":\"PropertyValueSpecification\",\"valueRequired\":true,\"valueName\":\"search_term_string\"}}],\"inLanguage\":\"az\"}]}<\/script>\n<!-- \/ Yoast SEO plugin. -->","yoast_head_json":{"title":"SpinBetter Casino Az\u0259rbaycan: Slotlar, Canl\u0131 Casino, Aviator","description":"H\u0259r z\u00f6vq\u0259 g\u00f6r\u0259 bir ne\u00e7\u0259 min kazino \u0259yl\u0259nc\u0259si. SpinBetter onlayn kazinosunda nec\u0259 qeydiyyatdan ke\u00e7m\u0259k bar\u0259d\u0259 add\u0131m-add\u0131m t\u0259limatlar. M\u00f6vcud m\u00fc\u015ft\u0259ril\u0259r \u00fc\u00e7\u00fcn xo\u015f g\u0259lmisiniz bonusu v\u0259 stimullar.","robots":{"index":"index","follow":"follow","max-snippet":"max-snippet:-1","max-image-preview":"max-image-preview:large","max-video-preview":"max-video-preview:-1"},"canonical":"https:\/\/spinbetter.center\/azerbaijan\/casino\/","og_locale":"az_AZ","og_type":"article","og_title":"SpinBetter Casino Az\u0259rbaycan: Slotlar, Canl\u0131 Casino, Aviator","og_description":"H\u0259r z\u00f6vq\u0259 g\u00f6r\u0259 bir ne\u00e7\u0259 min kazino \u0259yl\u0259nc\u0259si. SpinBetter onlayn kazinosunda nec\u0259 qeydiyyatdan ke\u00e7m\u0259k bar\u0259d\u0259 add\u0131m-add\u0131m t\u0259limatlar. M\u00f6vcud m\u00fc\u015ft\u0259ril\u0259r \u00fc\u00e7\u00fcn xo\u015f g\u0259lmisiniz bonusu v\u0259 stimullar.","og_url":"https:\/\/spinbetter.center\/azerbaijan\/casino\/","og_site_name":"SpinBetter az","article_modified_time":"2025-03-27T06:41:44+00:00","twitter_card":"summary_large_image","schema":{"@context":"https:\/\/schema.org","@graph":[{"@type":"WebPage","@id":"https:\/\/spinbetter.center\/azerbaijan\/casino\/","url":"https:\/\/spinbetter.center\/azerbaijan\/casino\/","name":"SpinBetter Casino Az\u0259rbaycan: Slotlar, Canl\u0131 Casino, Aviator","isPartOf":{"@id":"https:\/\/spinbetter.center\/azerbaijan\/#website"},"datePublished":"2024-09-18T14:59:05+00:00","dateModified":"2025-03-27T06:41:44+00:00","description":"H\u0259r z\u00f6vq\u0259 g\u00f6r\u0259 bir ne\u00e7\u0259 min kazino \u0259yl\u0259nc\u0259si. SpinBetter onlayn kazinosunda nec\u0259 qeydiyyatdan ke\u00e7m\u0259k bar\u0259d\u0259 add\u0131m-add\u0131m t\u0259limatlar. M\u00f6vcud m\u00fc\u015ft\u0259ril\u0259r \u00fc\u00e7\u00fcn xo\u015f g\u0259lmisiniz bonusu v\u0259 stimullar.","breadcrumb":{"@id":"https:\/\/spinbetter.center\/azerbaijan\/casino\/#breadcrumb"},"inLanguage":"az","potentialAction":[{"@type":"ReadAction","target":["https:\/\/spinbetter.center\/azerbaijan\/casino\/"]}]},{"@type":"BreadcrumbList","@id":"https:\/\/spinbetter.center\/azerbaijan\/casino\/#breadcrumb","itemListElement":[{"@type":"ListItem","position":1,"name":"Home","item":"https:\/\/spinbetter.center\/azerbaijan\/"},{"@type":"ListItem","position":2,"name":"Casino"}]},{"@type":"WebSite","@id":"https:\/\/spinbetter.center\/azerbaijan\/#website","url":"https:\/\/spinbetter.center\/azerbaijan\/","name":"SpinBetter","description":"SpinBetter","alternateName":"Spin Better","potentialAction":[{"@type":"SearchAction","target":{"@type":"EntryPoint","urlTemplate":"https:\/\/spinbetter.center\/azerbaijan\/?s={search_term_string}"},"query-input":{"@type":"PropertyValueSpecification","valueRequired":true,"valueName":"search_term_string"}}],"inLanguage":"az"}]}},"_links":{"self":[{"href":"https:\/\/spinbetter.center\/azerbaijan\/wp-json\/wp\/v2\/pages\/274","targetHints":{"allow":["GET"]}}],"collection":[{"href":"https:\/\/spinbetter.center\/azerbaijan\/wp-json\/wp\/v2\/pages"}],"about":[{"href":"https:\/\/spinbetter.center\/azerbaijan\/wp-json\/wp\/v2\/types\/page"}],"author":[{"embeddable":true,"href":"https:\/\/spinbetter.center\/azerbaijan\/wp-json\/wp\/v2\/users\/1"}],"replies":[{"embeddable":true,"href":"https:\/\/spinbetter.center\/azerbaijan\/wp-json\/wp\/v2\/comments?post=274"}],"version-history":[{"count":6,"href":"https:\/\/spinbetter.center\/azerbaijan\/wp-json\/wp\/v2\/pages\/274\/revisions"}],"predecessor-version":[{"id":511,"href":"https:\/\/spinbetter.center\/azerbaijan\/wp-json\/wp\/v2\/pages\/274\/revisions\/511"}],"wp:attachment":[{"href":"https:\/\/spinbetter.center\/azerbaijan\/wp-json\/wp\/v2\/media?parent=274"}],"curies":[{"name":"wp","href":"https:\/\/api.w.org\/{rel}","templated":true}]}}