{"id":360,"date":"2024-11-08T07:17:25","date_gmt":"2024-11-08T07:17:25","guid":{"rendered":"https:\/\/spinbetter.center\/?page_id=360"},"modified":"2025-07-12T06:40:43","modified_gmt":"2025-07-12T06:40:43","slug":"apk","status":"publish","type":"page","link":"https:\/\/spinbetter.center\/at\/apk\/","title":{"rendered":"Apk"},"content":{"rendered":"","protected":false},"excerpt":{"rendered":"","protected":false},"author":1,"featured_media":0,"parent":0,"menu_order":0,"comment_status":"closed","ping_status":"closed","template":"","meta":{"footnotes":""},"class_list":["post-360","page","type-page","status-publish","hentry"],"yoast_head":"<!-- This site is optimized with the Yoast SEO plugin v27.4 - https:\/\/yoast.com\/product\/yoast-seo-wordpress\/ -->\n<title>Spinbetter APK f\u00fcr Android: Download und Installationsschritte<\/title>\n<meta name=\"description\" content=\"Lade die Spinbetter \u00d6sterreich APK f\u00fcr Android mit unserer einfachen Anleitung herunter. Spinbetter APK - Mach dich bereit, exklusive Features freizuschalten und dein Gameplay zu verst\u00e4rken!\" \/>\n<meta name=\"robots\" content=\"index, follow, max-snippet:-1, max-image-preview:large, max-video-preview:-1\" \/>\n<link rel=\"canonical\" href=\"https:\/\/spinbetter.center\/at\/apk\/\" \/>\n<meta property=\"og:locale\" content=\"de_DE\" \/>\n<meta property=\"og:type\" content=\"article\" \/>\n<meta property=\"og:title\" content=\"Spinbetter APK f\u00fcr Android: Download und Installationsschritte\" \/>\n<meta property=\"og:description\" content=\"Lade die Spinbetter \u00d6sterreich APK f\u00fcr Android mit unserer einfachen Anleitung herunter. Spinbetter APK - Mach dich bereit, exklusive Features freizuschalten und dein Gameplay zu verst\u00e4rken!\" \/>\n<meta property=\"og:url\" content=\"https:\/\/spinbetter.center\/at\/apk\/\" \/>\n<meta property=\"og:site_name\" content=\"SpinBetter at\" \/>\n<meta property=\"article:modified_time\" content=\"2025-07-12T06:40:43+00:00\" \/>\n<meta name=\"twitter:card\" content=\"summary_large_image\" \/>\n<script type=\"application\/ld+json\" class=\"yoast-schema-graph\">{\"@context\":\"https:\\\/\\\/schema.org\",\"@graph\":[{\"@type\":\"WebPage\",\"@id\":\"https:\\\/\\\/spinbetter.center\\\/at\\\/apk\\\/\",\"url\":\"https:\\\/\\\/spinbetter.center\\\/at\\\/apk\\\/\",\"name\":\"Spinbetter APK f\u00fcr Android: Download und Installationsschritte\",\"isPartOf\":{\"@id\":\"https:\\\/\\\/spinbetter.center\\\/at\\\/#website\"},\"datePublished\":\"2024-11-08T07:17:25+00:00\",\"dateModified\":\"2025-07-12T06:40:43+00:00\",\"description\":\"Lade die Spinbetter \u00d6sterreich APK f\u00fcr Android mit unserer einfachen Anleitung herunter. Spinbetter APK - Mach dich bereit, exklusive Features freizuschalten und dein Gameplay zu verst\u00e4rken!\",\"breadcrumb\":{\"@id\":\"https:\\\/\\\/spinbetter.center\\\/at\\\/apk\\\/#breadcrumb\"},\"inLanguage\":\"de-AT\",\"potentialAction\":[{\"@type\":\"ReadAction\",\"target\":[\"https:\\\/\\\/spinbetter.center\\\/at\\\/apk\\\/\"]}]},{\"@type\":\"BreadcrumbList\",\"@id\":\"https:\\\/\\\/spinbetter.center\\\/at\\\/apk\\\/#breadcrumb\",\"itemListElement\":[{\"@type\":\"ListItem\",\"position\":1,\"name\":\"Home\",\"item\":\"https:\\\/\\\/spinbetter.center\\\/at\\\/\"},{\"@type\":\"ListItem\",\"position\":2,\"name\":\"Apk\"}]},{\"@type\":\"WebSite\",\"@id\":\"https:\\\/\\\/spinbetter.center\\\/at\\\/#website\",\"url\":\"https:\\\/\\\/spinbetter.center\\\/at\\\/\",\"name\":\"SpinBetter at\",\"description\":\"My WordPress Blog\",\"potentialAction\":[{\"@type\":\"SearchAction\",\"target\":{\"@type\":\"EntryPoint\",\"urlTemplate\":\"https:\\\/\\\/spinbetter.center\\\/at\\\/?s={search_term_string}\"},\"query-input\":{\"@type\":\"PropertyValueSpecification\",\"valueRequired\":true,\"valueName\":\"search_term_string\"}}],\"inLanguage\":\"de-AT\"}]}<\/script>\n<!-- \/ Yoast SEO plugin. -->","yoast_head_json":{"title":"Spinbetter APK f\u00fcr Android: Download und Installationsschritte","description":"Lade die Spinbetter \u00d6sterreich APK f\u00fcr Android mit unserer einfachen Anleitung herunter. Spinbetter APK - Mach dich bereit, exklusive Features freizuschalten und dein Gameplay zu verst\u00e4rken!","robots":{"index":"index","follow":"follow","max-snippet":"max-snippet:-1","max-image-preview":"max-image-preview:large","max-video-preview":"max-video-preview:-1"},"canonical":"https:\/\/spinbetter.center\/at\/apk\/","og_locale":"de_DE","og_type":"article","og_title":"Spinbetter APK f\u00fcr Android: Download und Installationsschritte","og_description":"Lade die Spinbetter \u00d6sterreich APK f\u00fcr Android mit unserer einfachen Anleitung herunter. Spinbetter APK - Mach dich bereit, exklusive Features freizuschalten und dein Gameplay zu verst\u00e4rken!","og_url":"https:\/\/spinbetter.center\/at\/apk\/","og_site_name":"SpinBetter at","article_modified_time":"2025-07-12T06:40:43+00:00","twitter_card":"summary_large_image","schema":{"@context":"https:\/\/schema.org","@graph":[{"@type":"WebPage","@id":"https:\/\/spinbetter.center\/at\/apk\/","url":"https:\/\/spinbetter.center\/at\/apk\/","name":"Spinbetter APK f\u00fcr Android: Download und Installationsschritte","isPartOf":{"@id":"https:\/\/spinbetter.center\/at\/#website"},"datePublished":"2024-11-08T07:17:25+00:00","dateModified":"2025-07-12T06:40:43+00:00","description":"Lade die Spinbetter \u00d6sterreich APK f\u00fcr Android mit unserer einfachen Anleitung herunter. Spinbetter APK - Mach dich bereit, exklusive Features freizuschalten und dein Gameplay zu verst\u00e4rken!","breadcrumb":{"@id":"https:\/\/spinbetter.center\/at\/apk\/#breadcrumb"},"inLanguage":"de-AT","potentialAction":[{"@type":"ReadAction","target":["https:\/\/spinbetter.center\/at\/apk\/"]}]},{"@type":"BreadcrumbList","@id":"https:\/\/spinbetter.center\/at\/apk\/#breadcrumb","itemListElement":[{"@type":"ListItem","position":1,"name":"Home","item":"https:\/\/spinbetter.center\/at\/"},{"@type":"ListItem","position":2,"name":"Apk"}]},{"@type":"WebSite","@id":"https:\/\/spinbetter.center\/at\/#website","url":"https:\/\/spinbetter.center\/at\/","name":"SpinBetter at","description":"My WordPress Blog","potentialAction":[{"@type":"SearchAction","target":{"@type":"EntryPoint","urlTemplate":"https:\/\/spinbetter.center\/at\/?s={search_term_string}"},"query-input":{"@type":"PropertyValueSpecification","valueRequired":true,"valueName":"search_term_string"}}],"inLanguage":"de-AT"}]}},"_links":{"self":[{"href":"https:\/\/spinbetter.center\/at\/wp-json\/wp\/v2\/pages\/360","targetHints":{"allow":["GET"]}}],"collection":[{"href":"https:\/\/spinbetter.center\/at\/wp-json\/wp\/v2\/pages"}],"about":[{"href":"https:\/\/spinbetter.center\/at\/wp-json\/wp\/v2\/types\/page"}],"author":[{"embeddable":true,"href":"https:\/\/spinbetter.center\/at\/wp-json\/wp\/v2\/users\/1"}],"replies":[{"embeddable":true,"href":"https:\/\/spinbetter.center\/at\/wp-json\/wp\/v2\/comments?post=360"}],"version-history":[{"count":2,"href":"https:\/\/spinbetter.center\/at\/wp-json\/wp\/v2\/pages\/360\/revisions"}],"predecessor-version":[{"id":767,"href":"https:\/\/spinbetter.center\/at\/wp-json\/wp\/v2\/pages\/360\/revisions\/767"}],"wp:attachment":[{"href":"https:\/\/spinbetter.center\/at\/wp-json\/wp\/v2\/media?parent=360"}],"curies":[{"name":"wp","href":"https:\/\/api.w.org\/{rel}","templated":true}]}}