{"id":809,"date":"2025-07-16T07:25:27","date_gmt":"2025-07-16T07:25:27","guid":{"rendered":"https:\/\/spinbetter.center\/al\/?page_id=809"},"modified":"2025-07-16T16:36:30","modified_gmt":"2025-07-16T16:36:30","slug":"deposit-lottery","status":"publish","type":"page","link":"https:\/\/spinbetter.center\/al\/bonuses\/deposit-lottery\/","title":{"rendered":"Lotaria e Depozitave"},"content":{"rendered":"","protected":false},"excerpt":{"rendered":"","protected":false},"author":1,"featured_media":0,"parent":272,"menu_order":0,"comment_status":"closed","ping_status":"closed","template":"","meta":{"footnotes":""},"class_list":["post-809","page","type-page","status-publish","hentry"],"yoast_head":"<!-- This site is optimized with the Yoast SEO plugin v27.4 - https:\/\/yoast.com\/product\/yoast-seo-wordpress\/ -->\n<title>Llotaria Javore SpinBetter \u27a4 Fitoni baste falas dhe 2.500.000 lek\u00eb!<\/title>\n<meta name=\"description\" content=\"B\u00ebni nj\u00eb depozit\u00eb n\u00eb SpinBetter dhe merrni pjes\u00eb n\u00eb lotarin\u00eb javore me nj\u00eb fond \u00e7mimesh prej 2.500.000 lek\u00ebsh dhe 2 milion\u00eb pik\u00eb promocionale! Klikoni &#039;Merrni pjes\u00eb&#039; dhe merrni bastet tuaja t\u00eb mrekullueshme falas!\" \/>\n<meta name=\"robots\" content=\"index, follow, max-snippet:-1, max-image-preview:large, max-video-preview:-1\" \/>\n<link rel=\"canonical\" href=\"https:\/\/spinbetter.center\/al\/bonuses\/deposit-lottery\/\" \/>\n<meta property=\"og:locale\" content=\"sq_AL\" \/>\n<meta property=\"og:type\" content=\"article\" \/>\n<meta property=\"og:title\" content=\"Llotaria Javore SpinBetter \u27a4 Fitoni baste falas dhe 2.500.000 lek\u00eb!\" \/>\n<meta property=\"og:description\" content=\"B\u00ebni nj\u00eb depozit\u00eb n\u00eb SpinBetter dhe merrni pjes\u00eb n\u00eb lotarin\u00eb javore me nj\u00eb fond \u00e7mimesh prej 2.500.000 lek\u00ebsh dhe 2 milion\u00eb pik\u00eb promocionale! Klikoni &#039;Merrni pjes\u00eb&#039; dhe merrni bastet tuaja t\u00eb mrekullueshme falas!\" \/>\n<meta property=\"og:url\" content=\"https:\/\/spinbetter.center\/al\/bonuses\/deposit-lottery\/\" \/>\n<meta property=\"og:site_name\" content=\"Spinbetter center al\" \/>\n<meta property=\"article:modified_time\" content=\"2025-07-16T16:36:30+00:00\" \/>\n<meta name=\"twitter:card\" content=\"summary_large_image\" \/>\n<script type=\"application\/ld+json\" class=\"yoast-schema-graph\">{\"@context\":\"https:\\\/\\\/schema.org\",\"@graph\":[{\"@type\":\"WebPage\",\"@id\":\"https:\\\/\\\/spinbetter.center\\\/al\\\/bonuses\\\/deposit-lottery\\\/\",\"url\":\"https:\\\/\\\/spinbetter.center\\\/al\\\/bonuses\\\/deposit-lottery\\\/\",\"name\":\"Llotaria Javore SpinBetter \u27a4 Fitoni baste falas dhe 2.500.000 lek\u00eb!\",\"isPartOf\":{\"@id\":\"https:\\\/\\\/spinbetter.center\\\/al\\\/#website\"},\"datePublished\":\"2025-07-16T07:25:27+00:00\",\"dateModified\":\"2025-07-16T16:36:30+00:00\",\"description\":\"B\u00ebni nj\u00eb depozit\u00eb n\u00eb SpinBetter dhe merrni pjes\u00eb n\u00eb lotarin\u00eb javore me nj\u00eb fond \u00e7mimesh prej 2.500.000 lek\u00ebsh dhe 2 milion\u00eb pik\u00eb promocionale! Klikoni 'Merrni pjes\u00eb' dhe merrni bastet tuaja t\u00eb mrekullueshme falas!\",\"breadcrumb\":{\"@id\":\"https:\\\/\\\/spinbetter.center\\\/al\\\/bonuses\\\/deposit-lottery\\\/#breadcrumb\"},\"inLanguage\":\"sq\",\"potentialAction\":[{\"@type\":\"ReadAction\",\"target\":[\"https:\\\/\\\/spinbetter.center\\\/al\\\/bonuses\\\/deposit-lottery\\\/\"]}]},{\"@type\":\"BreadcrumbList\",\"@id\":\"https:\\\/\\\/spinbetter.center\\\/al\\\/bonuses\\\/deposit-lottery\\\/#breadcrumb\",\"itemListElement\":[{\"@type\":\"ListItem\",\"position\":1,\"name\":\"Home\",\"item\":\"https:\\\/\\\/spinbetter.center\\\/al\\\/\"},{\"@type\":\"ListItem\",\"position\":2,\"name\":\"Bonuse\",\"item\":\"https:\\\/\\\/spinbetter.center\\\/al\\\/bonuses\\\/\"},{\"@type\":\"ListItem\",\"position\":3,\"name\":\"Lotaria e Depozitave\"}]},{\"@type\":\"WebSite\",\"@id\":\"https:\\\/\\\/spinbetter.center\\\/al\\\/#website\",\"url\":\"https:\\\/\\\/spinbetter.center\\\/al\\\/\",\"name\":\"SpinBetter\",\"description\":\"SpinBetter\",\"alternateName\":\"Spin Better\",\"potentialAction\":[{\"@type\":\"SearchAction\",\"target\":{\"@type\":\"EntryPoint\",\"urlTemplate\":\"https:\\\/\\\/spinbetter.center\\\/al\\\/?s={search_term_string}\"},\"query-input\":{\"@type\":\"PropertyValueSpecification\",\"valueRequired\":true,\"valueName\":\"search_term_string\"}}],\"inLanguage\":\"sq\"}]}<\/script>\n<!-- \/ Yoast SEO plugin. -->","yoast_head_json":{"title":"Llotaria Javore SpinBetter \u27a4 Fitoni baste falas dhe 2.500.000 lek\u00eb!","description":"B\u00ebni nj\u00eb depozit\u00eb n\u00eb SpinBetter dhe merrni pjes\u00eb n\u00eb lotarin\u00eb javore me nj\u00eb fond \u00e7mimesh prej 2.500.000 lek\u00ebsh dhe 2 milion\u00eb pik\u00eb promocionale! Klikoni 'Merrni pjes\u00eb' dhe merrni bastet tuaja t\u00eb mrekullueshme falas!","robots":{"index":"index","follow":"follow","max-snippet":"max-snippet:-1","max-image-preview":"max-image-preview:large","max-video-preview":"max-video-preview:-1"},"canonical":"https:\/\/spinbetter.center\/al\/bonuses\/deposit-lottery\/","og_locale":"sq_AL","og_type":"article","og_title":"Llotaria Javore SpinBetter \u27a4 Fitoni baste falas dhe 2.500.000 lek\u00eb!","og_description":"B\u00ebni nj\u00eb depozit\u00eb n\u00eb SpinBetter dhe merrni pjes\u00eb n\u00eb lotarin\u00eb javore me nj\u00eb fond \u00e7mimesh prej 2.500.000 lek\u00ebsh dhe 2 milion\u00eb pik\u00eb promocionale! Klikoni 'Merrni pjes\u00eb' dhe merrni bastet tuaja t\u00eb mrekullueshme falas!","og_url":"https:\/\/spinbetter.center\/al\/bonuses\/deposit-lottery\/","og_site_name":"Spinbetter center al","article_modified_time":"2025-07-16T16:36:30+00:00","twitter_card":"summary_large_image","schema":{"@context":"https:\/\/schema.org","@graph":[{"@type":"WebPage","@id":"https:\/\/spinbetter.center\/al\/bonuses\/deposit-lottery\/","url":"https:\/\/spinbetter.center\/al\/bonuses\/deposit-lottery\/","name":"Llotaria Javore SpinBetter \u27a4 Fitoni baste falas dhe 2.500.000 lek\u00eb!","isPartOf":{"@id":"https:\/\/spinbetter.center\/al\/#website"},"datePublished":"2025-07-16T07:25:27+00:00","dateModified":"2025-07-16T16:36:30+00:00","description":"B\u00ebni nj\u00eb depozit\u00eb n\u00eb SpinBetter dhe merrni pjes\u00eb n\u00eb lotarin\u00eb javore me nj\u00eb fond \u00e7mimesh prej 2.500.000 lek\u00ebsh dhe 2 milion\u00eb pik\u00eb promocionale! Klikoni 'Merrni pjes\u00eb' dhe merrni bastet tuaja t\u00eb mrekullueshme falas!","breadcrumb":{"@id":"https:\/\/spinbetter.center\/al\/bonuses\/deposit-lottery\/#breadcrumb"},"inLanguage":"sq","potentialAction":[{"@type":"ReadAction","target":["https:\/\/spinbetter.center\/al\/bonuses\/deposit-lottery\/"]}]},{"@type":"BreadcrumbList","@id":"https:\/\/spinbetter.center\/al\/bonuses\/deposit-lottery\/#breadcrumb","itemListElement":[{"@type":"ListItem","position":1,"name":"Home","item":"https:\/\/spinbetter.center\/al\/"},{"@type":"ListItem","position":2,"name":"Bonuse","item":"https:\/\/spinbetter.center\/al\/bonuses\/"},{"@type":"ListItem","position":3,"name":"Lotaria e Depozitave"}]},{"@type":"WebSite","@id":"https:\/\/spinbetter.center\/al\/#website","url":"https:\/\/spinbetter.center\/al\/","name":"SpinBetter","description":"SpinBetter","alternateName":"Spin Better","potentialAction":[{"@type":"SearchAction","target":{"@type":"EntryPoint","urlTemplate":"https:\/\/spinbetter.center\/al\/?s={search_term_string}"},"query-input":{"@type":"PropertyValueSpecification","valueRequired":true,"valueName":"search_term_string"}}],"inLanguage":"sq"}]}},"amp_enabled":true,"_links":{"self":[{"href":"https:\/\/spinbetter.center\/al\/wp-json\/wp\/v2\/pages\/809","targetHints":{"allow":["GET"]}}],"collection":[{"href":"https:\/\/spinbetter.center\/al\/wp-json\/wp\/v2\/pages"}],"about":[{"href":"https:\/\/spinbetter.center\/al\/wp-json\/wp\/v2\/types\/page"}],"author":[{"embeddable":true,"href":"https:\/\/spinbetter.center\/al\/wp-json\/wp\/v2\/users\/1"}],"replies":[{"embeddable":true,"href":"https:\/\/spinbetter.center\/al\/wp-json\/wp\/v2\/comments?post=809"}],"version-history":[{"count":6,"href":"https:\/\/spinbetter.center\/al\/wp-json\/wp\/v2\/pages\/809\/revisions"}],"predecessor-version":[{"id":832,"href":"https:\/\/spinbetter.center\/al\/wp-json\/wp\/v2\/pages\/809\/revisions\/832"}],"up":[{"embeddable":true,"href":"https:\/\/spinbetter.center\/al\/wp-json\/wp\/v2\/pages\/272"}],"wp:attachment":[{"href":"https:\/\/spinbetter.center\/al\/wp-json\/wp\/v2\/media?parent=809"}],"curies":[{"name":"wp","href":"https:\/\/api.w.org\/{rel}","templated":true}]}}