{"id":766,"date":"2024-04-27T05:59:42","date_gmt":"2024-04-27T05:59:42","guid":{"rendered":"https:\/\/spinbetter.center\/al\/?page_id=766"},"modified":"2025-07-16T18:49:46","modified_gmt":"2025-07-16T18:49:46","slug":"games","status":"publish","type":"page","link":"https:\/\/spinbetter.center\/al\/games\/","title":{"rendered":"Loj\u00ebra"},"content":{"rendered":"","protected":false},"excerpt":{"rendered":"","protected":false},"author":1,"featured_media":0,"parent":0,"menu_order":0,"comment_status":"closed","ping_status":"closed","template":"","meta":{"footnotes":""},"class_list":["post-766","page","type-page","status-publish","hentry"],"yoast_head":"<!-- This site is optimized with the Yoast SEO plugin v27.4 - https:\/\/yoast.com\/product\/yoast-seo-wordpress\/ -->\n<title>Loj\u00ebrat SpinBetter: Mbi 10,000 arg\u00ebtime me loj\u00ebra fati<\/title>\n<meta name=\"description\" content=\"Zhytuni n\u00eb bot\u00ebn e loj\u00ebrave t\u00eb fatit SpinBetter! Kapni fatin tuaj me mbi 10,000 arg\u00ebtime emocionuese nga mbi 150 ofruesit m\u00eb t\u00eb mir\u00eb. Luaj, fito dhe zbulo horizonte t\u00eb reja arg\u00ebtimi - loj\u00ebra t\u00eb ndershme, shanse t\u00eb pabesueshme dhe vet\u00ebm emocione t\u00eb v\u00ebrteta!\" \/>\n<meta name=\"robots\" content=\"index, follow, max-snippet:-1, max-image-preview:large, max-video-preview:-1\" \/>\n<link rel=\"canonical\" href=\"https:\/\/spinbetter.center\/al\/games\/\" \/>\n<meta property=\"og:locale\" content=\"sq_AL\" \/>\n<meta property=\"og:type\" content=\"article\" \/>\n<meta property=\"og:title\" content=\"Loj\u00ebrat SpinBetter: Mbi 10,000 arg\u00ebtime me loj\u00ebra fati\" \/>\n<meta property=\"og:description\" content=\"Zhytuni n\u00eb bot\u00ebn e loj\u00ebrave t\u00eb fatit SpinBetter! Kapni fatin tuaj me mbi 10,000 arg\u00ebtime emocionuese nga mbi 150 ofruesit m\u00eb t\u00eb mir\u00eb. Luaj, fito dhe zbulo horizonte t\u00eb reja arg\u00ebtimi - loj\u00ebra t\u00eb ndershme, shanse t\u00eb pabesueshme dhe vet\u00ebm emocione t\u00eb v\u00ebrteta!\" \/>\n<meta property=\"og:url\" content=\"https:\/\/spinbetter.center\/al\/games\/\" \/>\n<meta property=\"og:site_name\" content=\"Spinbetter center al\" \/>\n<meta property=\"article:modified_time\" content=\"2025-07-16T18:49:46+00:00\" \/>\n<meta name=\"twitter:card\" content=\"summary_large_image\" \/>\n<script type=\"application\/ld+json\" class=\"yoast-schema-graph\">{\"@context\":\"https:\\\/\\\/schema.org\",\"@graph\":[{\"@type\":\"WebPage\",\"@id\":\"https:\\\/\\\/spinbetter.center\\\/al\\\/games\\\/\",\"url\":\"https:\\\/\\\/spinbetter.center\\\/al\\\/games\\\/\",\"name\":\"Loj\u00ebrat SpinBetter: Mbi 10,000 arg\u00ebtime me loj\u00ebra fati\",\"isPartOf\":{\"@id\":\"https:\\\/\\\/spinbetter.center\\\/al\\\/#website\"},\"datePublished\":\"2024-04-27T05:59:42+00:00\",\"dateModified\":\"2025-07-16T18:49:46+00:00\",\"description\":\"Zhytuni n\u00eb bot\u00ebn e loj\u00ebrave t\u00eb fatit SpinBetter! Kapni fatin tuaj me mbi 10,000 arg\u00ebtime emocionuese nga mbi 150 ofruesit m\u00eb t\u00eb mir\u00eb. Luaj, fito dhe zbulo horizonte t\u00eb reja arg\u00ebtimi - loj\u00ebra t\u00eb ndershme, shanse t\u00eb pabesueshme dhe vet\u00ebm emocione t\u00eb v\u00ebrteta!\",\"breadcrumb\":{\"@id\":\"https:\\\/\\\/spinbetter.center\\\/al\\\/games\\\/#breadcrumb\"},\"inLanguage\":\"sq\",\"potentialAction\":[{\"@type\":\"ReadAction\",\"target\":[\"https:\\\/\\\/spinbetter.center\\\/al\\\/games\\\/\"]}]},{\"@type\":\"BreadcrumbList\",\"@id\":\"https:\\\/\\\/spinbetter.center\\\/al\\\/games\\\/#breadcrumb\",\"itemListElement\":[{\"@type\":\"ListItem\",\"position\":1,\"name\":\"Home\",\"item\":\"https:\\\/\\\/spinbetter.center\\\/al\\\/\"},{\"@type\":\"ListItem\",\"position\":2,\"name\":\"Loj\u00ebra\"}]},{\"@type\":\"WebSite\",\"@id\":\"https:\\\/\\\/spinbetter.center\\\/al\\\/#website\",\"url\":\"https:\\\/\\\/spinbetter.center\\\/al\\\/\",\"name\":\"SpinBetter\",\"description\":\"SpinBetter\",\"alternateName\":\"Spin Better\",\"potentialAction\":[{\"@type\":\"SearchAction\",\"target\":{\"@type\":\"EntryPoint\",\"urlTemplate\":\"https:\\\/\\\/spinbetter.center\\\/al\\\/?s={search_term_string}\"},\"query-input\":{\"@type\":\"PropertyValueSpecification\",\"valueRequired\":true,\"valueName\":\"search_term_string\"}}],\"inLanguage\":\"sq\"}]}<\/script>\n<!-- \/ Yoast SEO plugin. -->","yoast_head_json":{"title":"Loj\u00ebrat SpinBetter: Mbi 10,000 arg\u00ebtime me loj\u00ebra fati","description":"Zhytuni n\u00eb bot\u00ebn e loj\u00ebrave t\u00eb fatit SpinBetter! Kapni fatin tuaj me mbi 10,000 arg\u00ebtime emocionuese nga mbi 150 ofruesit m\u00eb t\u00eb mir\u00eb. Luaj, fito dhe zbulo horizonte t\u00eb reja arg\u00ebtimi - loj\u00ebra t\u00eb ndershme, shanse t\u00eb pabesueshme dhe vet\u00ebm emocione t\u00eb v\u00ebrteta!","robots":{"index":"index","follow":"follow","max-snippet":"max-snippet:-1","max-image-preview":"max-image-preview:large","max-video-preview":"max-video-preview:-1"},"canonical":"https:\/\/spinbetter.center\/al\/games\/","og_locale":"sq_AL","og_type":"article","og_title":"Loj\u00ebrat SpinBetter: Mbi 10,000 arg\u00ebtime me loj\u00ebra fati","og_description":"Zhytuni n\u00eb bot\u00ebn e loj\u00ebrave t\u00eb fatit SpinBetter! Kapni fatin tuaj me mbi 10,000 arg\u00ebtime emocionuese nga mbi 150 ofruesit m\u00eb t\u00eb mir\u00eb. Luaj, fito dhe zbulo horizonte t\u00eb reja arg\u00ebtimi - loj\u00ebra t\u00eb ndershme, shanse t\u00eb pabesueshme dhe vet\u00ebm emocione t\u00eb v\u00ebrteta!","og_url":"https:\/\/spinbetter.center\/al\/games\/","og_site_name":"Spinbetter center al","article_modified_time":"2025-07-16T18:49:46+00:00","twitter_card":"summary_large_image","schema":{"@context":"https:\/\/schema.org","@graph":[{"@type":"WebPage","@id":"https:\/\/spinbetter.center\/al\/games\/","url":"https:\/\/spinbetter.center\/al\/games\/","name":"Loj\u00ebrat SpinBetter: Mbi 10,000 arg\u00ebtime me loj\u00ebra fati","isPartOf":{"@id":"https:\/\/spinbetter.center\/al\/#website"},"datePublished":"2024-04-27T05:59:42+00:00","dateModified":"2025-07-16T18:49:46+00:00","description":"Zhytuni n\u00eb bot\u00ebn e loj\u00ebrave t\u00eb fatit SpinBetter! Kapni fatin tuaj me mbi 10,000 arg\u00ebtime emocionuese nga mbi 150 ofruesit m\u00eb t\u00eb mir\u00eb. Luaj, fito dhe zbulo horizonte t\u00eb reja arg\u00ebtimi - loj\u00ebra t\u00eb ndershme, shanse t\u00eb pabesueshme dhe vet\u00ebm emocione t\u00eb v\u00ebrteta!","breadcrumb":{"@id":"https:\/\/spinbetter.center\/al\/games\/#breadcrumb"},"inLanguage":"sq","potentialAction":[{"@type":"ReadAction","target":["https:\/\/spinbetter.center\/al\/games\/"]}]},{"@type":"BreadcrumbList","@id":"https:\/\/spinbetter.center\/al\/games\/#breadcrumb","itemListElement":[{"@type":"ListItem","position":1,"name":"Home","item":"https:\/\/spinbetter.center\/al\/"},{"@type":"ListItem","position":2,"name":"Loj\u00ebra"}]},{"@type":"WebSite","@id":"https:\/\/spinbetter.center\/al\/#website","url":"https:\/\/spinbetter.center\/al\/","name":"SpinBetter","description":"SpinBetter","alternateName":"Spin Better","potentialAction":[{"@type":"SearchAction","target":{"@type":"EntryPoint","urlTemplate":"https:\/\/spinbetter.center\/al\/?s={search_term_string}"},"query-input":{"@type":"PropertyValueSpecification","valueRequired":true,"valueName":"search_term_string"}}],"inLanguage":"sq"}]}},"_links":{"self":[{"href":"https:\/\/spinbetter.center\/al\/wp-json\/wp\/v2\/pages\/766","targetHints":{"allow":["GET"]}}],"collection":[{"href":"https:\/\/spinbetter.center\/al\/wp-json\/wp\/v2\/pages"}],"about":[{"href":"https:\/\/spinbetter.center\/al\/wp-json\/wp\/v2\/types\/page"}],"author":[{"embeddable":true,"href":"https:\/\/spinbetter.center\/al\/wp-json\/wp\/v2\/users\/1"}],"replies":[{"embeddable":true,"href":"https:\/\/spinbetter.center\/al\/wp-json\/wp\/v2\/comments?post=766"}],"version-history":[{"count":5,"href":"https:\/\/spinbetter.center\/al\/wp-json\/wp\/v2\/pages\/766\/revisions"}],"predecessor-version":[{"id":844,"href":"https:\/\/spinbetter.center\/al\/wp-json\/wp\/v2\/pages\/766\/revisions\/844"}],"wp:attachment":[{"href":"https:\/\/spinbetter.center\/al\/wp-json\/wp\/v2\/media?parent=766"}],"curies":[{"name":"wp","href":"https:\/\/api.w.org\/{rel}","templated":true}]}}