{"id":744,"date":"2025-05-19T06:21:41","date_gmt":"2025-05-19T06:21:41","guid":{"rendered":"https:\/\/spinbetter.center\/al\/?page_id=744"},"modified":"2025-07-16T17:43:31","modified_gmt":"2025-07-16T17:43:31","slug":"free-bet","status":"publish","type":"page","link":"https:\/\/spinbetter.center\/al\/bonuses\/free-bet\/","title":{"rendered":"Bast Falas"},"content":{"rendered":"","protected":false},"excerpt":{"rendered":"","protected":false},"author":1,"featured_media":0,"parent":272,"menu_order":0,"comment_status":"closed","ping_status":"closed","template":"","meta":{"footnotes":""},"class_list":["post-744","page","type-page","status-publish","hentry"],"yoast_head":"<!-- This site is optimized with the Yoast SEO plugin v27.4 - https:\/\/yoast.com\/product\/yoast-seo-wordpress\/ -->\n<title>Bast falas 1000 lek\u00eb n\u00eb aplikacion \u1409 Vendos bast dhe merr bonus!<\/title>\n<meta name=\"description\" content=\"Mos luaj vet\u00ebm, fito! Ne japim 1000 lek\u00eb p\u00ebr baste falas n\u00eb aplikacion! Instaloni aplikacionin ton\u00eb dhe vini bast n\u00eb sporte! Fitimet e menj\u00ebhershme, bastet emocionuese dhe mund\u00ebsit\u00eb unike ju presin.\" \/>\n<meta name=\"robots\" content=\"index, follow, max-snippet:-1, max-image-preview:large, max-video-preview:-1\" \/>\n<link rel=\"canonical\" href=\"https:\/\/spinbetter.center\/al\/bonuses\/free-bet\/\" \/>\n<meta property=\"og:locale\" content=\"sq_AL\" \/>\n<meta property=\"og:type\" content=\"article\" \/>\n<meta property=\"og:title\" content=\"Bast falas 1000 lek\u00eb n\u00eb aplikacion \u1409 Vendos bast dhe merr bonus!\" \/>\n<meta property=\"og:description\" content=\"Mos luaj vet\u00ebm, fito! Ne japim 1000 lek\u00eb p\u00ebr baste falas n\u00eb aplikacion! Instaloni aplikacionin ton\u00eb dhe vini bast n\u00eb sporte! Fitimet e menj\u00ebhershme, bastet emocionuese dhe mund\u00ebsit\u00eb unike ju presin.\" \/>\n<meta property=\"og:url\" content=\"https:\/\/spinbetter.center\/al\/bonuses\/free-bet\/\" \/>\n<meta property=\"og:site_name\" content=\"Spinbetter center al\" \/>\n<meta property=\"article:modified_time\" content=\"2025-07-16T17:43:31+00:00\" \/>\n<meta name=\"twitter:card\" content=\"summary_large_image\" \/>\n<script type=\"application\/ld+json\" class=\"yoast-schema-graph\">{\"@context\":\"https:\\\/\\\/schema.org\",\"@graph\":[{\"@type\":\"WebPage\",\"@id\":\"https:\\\/\\\/spinbetter.center\\\/al\\\/bonuses\\\/free-bet\\\/\",\"url\":\"https:\\\/\\\/spinbetter.center\\\/al\\\/bonuses\\\/free-bet\\\/\",\"name\":\"Bast falas 1000 lek\u00eb n\u00eb aplikacion \u1409 Vendos bast dhe merr bonus!\",\"isPartOf\":{\"@id\":\"https:\\\/\\\/spinbetter.center\\\/al\\\/#website\"},\"datePublished\":\"2025-05-19T06:21:41+00:00\",\"dateModified\":\"2025-07-16T17:43:31+00:00\",\"description\":\"Mos luaj vet\u00ebm, fito! Ne japim 1000 lek\u00eb p\u00ebr baste falas n\u00eb aplikacion! Instaloni aplikacionin ton\u00eb dhe vini bast n\u00eb sporte! Fitimet e menj\u00ebhershme, bastet emocionuese dhe mund\u00ebsit\u00eb unike ju presin.\",\"breadcrumb\":{\"@id\":\"https:\\\/\\\/spinbetter.center\\\/al\\\/bonuses\\\/free-bet\\\/#breadcrumb\"},\"inLanguage\":\"sq\",\"potentialAction\":[{\"@type\":\"ReadAction\",\"target\":[\"https:\\\/\\\/spinbetter.center\\\/al\\\/bonuses\\\/free-bet\\\/\"]}]},{\"@type\":\"BreadcrumbList\",\"@id\":\"https:\\\/\\\/spinbetter.center\\\/al\\\/bonuses\\\/free-bet\\\/#breadcrumb\",\"itemListElement\":[{\"@type\":\"ListItem\",\"position\":1,\"name\":\"Home\",\"item\":\"https:\\\/\\\/spinbetter.center\\\/al\\\/\"},{\"@type\":\"ListItem\",\"position\":2,\"name\":\"Bonuse\",\"item\":\"https:\\\/\\\/spinbetter.center\\\/al\\\/bonuses\\\/\"},{\"@type\":\"ListItem\",\"position\":3,\"name\":\"Bast Falas\"}]},{\"@type\":\"WebSite\",\"@id\":\"https:\\\/\\\/spinbetter.center\\\/al\\\/#website\",\"url\":\"https:\\\/\\\/spinbetter.center\\\/al\\\/\",\"name\":\"SpinBetter\",\"description\":\"SpinBetter\",\"alternateName\":\"Spin Better\",\"potentialAction\":[{\"@type\":\"SearchAction\",\"target\":{\"@type\":\"EntryPoint\",\"urlTemplate\":\"https:\\\/\\\/spinbetter.center\\\/al\\\/?s={search_term_string}\"},\"query-input\":{\"@type\":\"PropertyValueSpecification\",\"valueRequired\":true,\"valueName\":\"search_term_string\"}}],\"inLanguage\":\"sq\"}]}<\/script>\n<!-- \/ Yoast SEO plugin. -->","yoast_head_json":{"title":"Bast falas 1000 lek\u00eb n\u00eb aplikacion \u1409 Vendos bast dhe merr bonus!","description":"Mos luaj vet\u00ebm, fito! Ne japim 1000 lek\u00eb p\u00ebr baste falas n\u00eb aplikacion! Instaloni aplikacionin ton\u00eb dhe vini bast n\u00eb sporte! Fitimet e menj\u00ebhershme, bastet emocionuese dhe mund\u00ebsit\u00eb unike ju presin.","robots":{"index":"index","follow":"follow","max-snippet":"max-snippet:-1","max-image-preview":"max-image-preview:large","max-video-preview":"max-video-preview:-1"},"canonical":"https:\/\/spinbetter.center\/al\/bonuses\/free-bet\/","og_locale":"sq_AL","og_type":"article","og_title":"Bast falas 1000 lek\u00eb n\u00eb aplikacion \u1409 Vendos bast dhe merr bonus!","og_description":"Mos luaj vet\u00ebm, fito! Ne japim 1000 lek\u00eb p\u00ebr baste falas n\u00eb aplikacion! Instaloni aplikacionin ton\u00eb dhe vini bast n\u00eb sporte! Fitimet e menj\u00ebhershme, bastet emocionuese dhe mund\u00ebsit\u00eb unike ju presin.","og_url":"https:\/\/spinbetter.center\/al\/bonuses\/free-bet\/","og_site_name":"Spinbetter center al","article_modified_time":"2025-07-16T17:43:31+00:00","twitter_card":"summary_large_image","schema":{"@context":"https:\/\/schema.org","@graph":[{"@type":"WebPage","@id":"https:\/\/spinbetter.center\/al\/bonuses\/free-bet\/","url":"https:\/\/spinbetter.center\/al\/bonuses\/free-bet\/","name":"Bast falas 1000 lek\u00eb n\u00eb aplikacion \u1409 Vendos bast dhe merr bonus!","isPartOf":{"@id":"https:\/\/spinbetter.center\/al\/#website"},"datePublished":"2025-05-19T06:21:41+00:00","dateModified":"2025-07-16T17:43:31+00:00","description":"Mos luaj vet\u00ebm, fito! Ne japim 1000 lek\u00eb p\u00ebr baste falas n\u00eb aplikacion! Instaloni aplikacionin ton\u00eb dhe vini bast n\u00eb sporte! Fitimet e menj\u00ebhershme, bastet emocionuese dhe mund\u00ebsit\u00eb unike ju presin.","breadcrumb":{"@id":"https:\/\/spinbetter.center\/al\/bonuses\/free-bet\/#breadcrumb"},"inLanguage":"sq","potentialAction":[{"@type":"ReadAction","target":["https:\/\/spinbetter.center\/al\/bonuses\/free-bet\/"]}]},{"@type":"BreadcrumbList","@id":"https:\/\/spinbetter.center\/al\/bonuses\/free-bet\/#breadcrumb","itemListElement":[{"@type":"ListItem","position":1,"name":"Home","item":"https:\/\/spinbetter.center\/al\/"},{"@type":"ListItem","position":2,"name":"Bonuse","item":"https:\/\/spinbetter.center\/al\/bonuses\/"},{"@type":"ListItem","position":3,"name":"Bast Falas"}]},{"@type":"WebSite","@id":"https:\/\/spinbetter.center\/al\/#website","url":"https:\/\/spinbetter.center\/al\/","name":"SpinBetter","description":"SpinBetter","alternateName":"Spin Better","potentialAction":[{"@type":"SearchAction","target":{"@type":"EntryPoint","urlTemplate":"https:\/\/spinbetter.center\/al\/?s={search_term_string}"},"query-input":{"@type":"PropertyValueSpecification","valueRequired":true,"valueName":"search_term_string"}}],"inLanguage":"sq"}]}},"_links":{"self":[{"href":"https:\/\/spinbetter.center\/al\/wp-json\/wp\/v2\/pages\/744","targetHints":{"allow":["GET"]}}],"collection":[{"href":"https:\/\/spinbetter.center\/al\/wp-json\/wp\/v2\/pages"}],"about":[{"href":"https:\/\/spinbetter.center\/al\/wp-json\/wp\/v2\/types\/page"}],"author":[{"embeddable":true,"href":"https:\/\/spinbetter.center\/al\/wp-json\/wp\/v2\/users\/1"}],"replies":[{"embeddable":true,"href":"https:\/\/spinbetter.center\/al\/wp-json\/wp\/v2\/comments?post=744"}],"version-history":[{"count":7,"href":"https:\/\/spinbetter.center\/al\/wp-json\/wp\/v2\/pages\/744\/revisions"}],"predecessor-version":[{"id":836,"href":"https:\/\/spinbetter.center\/al\/wp-json\/wp\/v2\/pages\/744\/revisions\/836"}],"up":[{"embeddable":true,"href":"https:\/\/spinbetter.center\/al\/wp-json\/wp\/v2\/pages\/272"}],"wp:attachment":[{"href":"https:\/\/spinbetter.center\/al\/wp-json\/wp\/v2\/media?parent=744"}],"curies":[{"name":"wp","href":"https:\/\/api.w.org\/{rel}","templated":true}]}}