{"id":527,"date":"2025-03-31T05:47:08","date_gmt":"2025-03-31T05:47:08","guid":{"rendered":"https:\/\/spinbetter.center\/al\/?page_id=527"},"modified":"2025-07-16T18:01:01","modified_gmt":"2025-07-16T18:01:01","slug":"reload-bonus","status":"publish","type":"page","link":"https:\/\/spinbetter.center\/al\/bonuses\/reload-bonus\/","title":{"rendered":"Bonusi i Ringarkimit"},"content":{"rendered":"","protected":false},"excerpt":{"rendered":"","protected":false},"author":1,"featured_media":0,"parent":272,"menu_order":0,"comment_status":"closed","ping_status":"closed","template":"","meta":{"footnotes":""},"class_list":["post-527","page","type-page","status-publish","hentry"],"yoast_head":"<!-- This site is optimized with the Yoast SEO plugin v27.4 - https:\/\/yoast.com\/product\/yoast-seo-wordpress\/ -->\n<title>Bonus Ringarkimi 50% + 50 Rrotullime Falas \u00c7do t\u00eb M\u00ebrkur\u00eb!<\/title>\n<meta name=\"description\" content=\"Mos e humbisni fitimin tuaj n\u00eb loj\u00ebrat e fatit t\u00eb m\u00ebrkur\u00ebn! Merrni nj\u00eb bonus prej 50% deri n\u00eb 16,000 lek\u00eb dhe 50 rrotullime falas vet\u00ebm duke depozituar 1,200 lek\u00eb. Ky bonus \u00ebsht\u00eb shansi juaj p\u00ebr t\u00eb fituar shum\u00eb! Rritni bastet tuaja dhe pushtoni makinat e loj\u00ebrave t\u00eb fatit \u00e7do t\u00eb m\u00ebrkur\u00eb!\" \/>\n<meta name=\"robots\" content=\"index, follow, max-snippet:-1, max-image-preview:large, max-video-preview:-1\" \/>\n<link rel=\"canonical\" href=\"https:\/\/spinbetter.center\/al\/bonuses\/reload-bonus\/\" \/>\n<meta property=\"og:locale\" content=\"sq_AL\" \/>\n<meta property=\"og:type\" content=\"article\" \/>\n<meta property=\"og:title\" content=\"Bonus Ringarkimi 50% + 50 Rrotullime Falas \u00c7do t\u00eb M\u00ebrkur\u00eb!\" \/>\n<meta property=\"og:description\" content=\"Mos e humbisni fitimin tuaj n\u00eb loj\u00ebrat e fatit t\u00eb m\u00ebrkur\u00ebn! Merrni nj\u00eb bonus prej 50% deri n\u00eb 16,000 lek\u00eb dhe 50 rrotullime falas vet\u00ebm duke depozituar 1,200 lek\u00eb. Ky bonus \u00ebsht\u00eb shansi juaj p\u00ebr t\u00eb fituar shum\u00eb! Rritni bastet tuaja dhe pushtoni makinat e loj\u00ebrave t\u00eb fatit \u00e7do t\u00eb m\u00ebrkur\u00eb!\" \/>\n<meta property=\"og:url\" content=\"https:\/\/spinbetter.center\/al\/bonuses\/reload-bonus\/\" \/>\n<meta property=\"og:site_name\" content=\"Spinbetter center al\" \/>\n<meta property=\"article:modified_time\" content=\"2025-07-16T18:01:01+00:00\" \/>\n<meta name=\"twitter:card\" content=\"summary_large_image\" \/>\n<script type=\"application\/ld+json\" class=\"yoast-schema-graph\">{\"@context\":\"https:\\\/\\\/schema.org\",\"@graph\":[{\"@type\":\"WebPage\",\"@id\":\"https:\\\/\\\/spinbetter.center\\\/al\\\/bonuses\\\/reload-bonus\\\/\",\"url\":\"https:\\\/\\\/spinbetter.center\\\/al\\\/bonuses\\\/reload-bonus\\\/\",\"name\":\"Bonus Ringarkimi 50% + 50 Rrotullime Falas \u00c7do t\u00eb M\u00ebrkur\u00eb!\",\"isPartOf\":{\"@id\":\"https:\\\/\\\/spinbetter.center\\\/al\\\/#website\"},\"datePublished\":\"2025-03-31T05:47:08+00:00\",\"dateModified\":\"2025-07-16T18:01:01+00:00\",\"description\":\"Mos e humbisni fitimin tuaj n\u00eb loj\u00ebrat e fatit t\u00eb m\u00ebrkur\u00ebn! Merrni nj\u00eb bonus prej 50% deri n\u00eb 16,000 lek\u00eb dhe 50 rrotullime falas vet\u00ebm duke depozituar 1,200 lek\u00eb. Ky bonus \u00ebsht\u00eb shansi juaj p\u00ebr t\u00eb fituar shum\u00eb! Rritni bastet tuaja dhe pushtoni makinat e loj\u00ebrave t\u00eb fatit \u00e7do t\u00eb m\u00ebrkur\u00eb!\",\"breadcrumb\":{\"@id\":\"https:\\\/\\\/spinbetter.center\\\/al\\\/bonuses\\\/reload-bonus\\\/#breadcrumb\"},\"inLanguage\":\"sq\",\"potentialAction\":[{\"@type\":\"ReadAction\",\"target\":[\"https:\\\/\\\/spinbetter.center\\\/al\\\/bonuses\\\/reload-bonus\\\/\"]}]},{\"@type\":\"BreadcrumbList\",\"@id\":\"https:\\\/\\\/spinbetter.center\\\/al\\\/bonuses\\\/reload-bonus\\\/#breadcrumb\",\"itemListElement\":[{\"@type\":\"ListItem\",\"position\":1,\"name\":\"Home\",\"item\":\"https:\\\/\\\/spinbetter.center\\\/al\\\/\"},{\"@type\":\"ListItem\",\"position\":2,\"name\":\"Bonuse\",\"item\":\"https:\\\/\\\/spinbetter.center\\\/al\\\/bonuses\\\/\"},{\"@type\":\"ListItem\",\"position\":3,\"name\":\"Bonusi i Ringarkimit\"}]},{\"@type\":\"WebSite\",\"@id\":\"https:\\\/\\\/spinbetter.center\\\/al\\\/#website\",\"url\":\"https:\\\/\\\/spinbetter.center\\\/al\\\/\",\"name\":\"SpinBetter\",\"description\":\"SpinBetter\",\"alternateName\":\"Spin Better\",\"potentialAction\":[{\"@type\":\"SearchAction\",\"target\":{\"@type\":\"EntryPoint\",\"urlTemplate\":\"https:\\\/\\\/spinbetter.center\\\/al\\\/?s={search_term_string}\"},\"query-input\":{\"@type\":\"PropertyValueSpecification\",\"valueRequired\":true,\"valueName\":\"search_term_string\"}}],\"inLanguage\":\"sq\"}]}<\/script>\n<!-- \/ Yoast SEO plugin. -->","yoast_head_json":{"title":"Bonus Ringarkimi 50% + 50 Rrotullime Falas \u00c7do t\u00eb M\u00ebrkur\u00eb!","description":"Mos e humbisni fitimin tuaj n\u00eb loj\u00ebrat e fatit t\u00eb m\u00ebrkur\u00ebn! Merrni nj\u00eb bonus prej 50% deri n\u00eb 16,000 lek\u00eb dhe 50 rrotullime falas vet\u00ebm duke depozituar 1,200 lek\u00eb. Ky bonus \u00ebsht\u00eb shansi juaj p\u00ebr t\u00eb fituar shum\u00eb! Rritni bastet tuaja dhe pushtoni makinat e loj\u00ebrave t\u00eb fatit \u00e7do t\u00eb m\u00ebrkur\u00eb!","robots":{"index":"index","follow":"follow","max-snippet":"max-snippet:-1","max-image-preview":"max-image-preview:large","max-video-preview":"max-video-preview:-1"},"canonical":"https:\/\/spinbetter.center\/al\/bonuses\/reload-bonus\/","og_locale":"sq_AL","og_type":"article","og_title":"Bonus Ringarkimi 50% + 50 Rrotullime Falas \u00c7do t\u00eb M\u00ebrkur\u00eb!","og_description":"Mos e humbisni fitimin tuaj n\u00eb loj\u00ebrat e fatit t\u00eb m\u00ebrkur\u00ebn! Merrni nj\u00eb bonus prej 50% deri n\u00eb 16,000 lek\u00eb dhe 50 rrotullime falas vet\u00ebm duke depozituar 1,200 lek\u00eb. Ky bonus \u00ebsht\u00eb shansi juaj p\u00ebr t\u00eb fituar shum\u00eb! Rritni bastet tuaja dhe pushtoni makinat e loj\u00ebrave t\u00eb fatit \u00e7do t\u00eb m\u00ebrkur\u00eb!","og_url":"https:\/\/spinbetter.center\/al\/bonuses\/reload-bonus\/","og_site_name":"Spinbetter center al","article_modified_time":"2025-07-16T18:01:01+00:00","twitter_card":"summary_large_image","schema":{"@context":"https:\/\/schema.org","@graph":[{"@type":"WebPage","@id":"https:\/\/spinbetter.center\/al\/bonuses\/reload-bonus\/","url":"https:\/\/spinbetter.center\/al\/bonuses\/reload-bonus\/","name":"Bonus Ringarkimi 50% + 50 Rrotullime Falas \u00c7do t\u00eb M\u00ebrkur\u00eb!","isPartOf":{"@id":"https:\/\/spinbetter.center\/al\/#website"},"datePublished":"2025-03-31T05:47:08+00:00","dateModified":"2025-07-16T18:01:01+00:00","description":"Mos e humbisni fitimin tuaj n\u00eb loj\u00ebrat e fatit t\u00eb m\u00ebrkur\u00ebn! Merrni nj\u00eb bonus prej 50% deri n\u00eb 16,000 lek\u00eb dhe 50 rrotullime falas vet\u00ebm duke depozituar 1,200 lek\u00eb. Ky bonus \u00ebsht\u00eb shansi juaj p\u00ebr t\u00eb fituar shum\u00eb! Rritni bastet tuaja dhe pushtoni makinat e loj\u00ebrave t\u00eb fatit \u00e7do t\u00eb m\u00ebrkur\u00eb!","breadcrumb":{"@id":"https:\/\/spinbetter.center\/al\/bonuses\/reload-bonus\/#breadcrumb"},"inLanguage":"sq","potentialAction":[{"@type":"ReadAction","target":["https:\/\/spinbetter.center\/al\/bonuses\/reload-bonus\/"]}]},{"@type":"BreadcrumbList","@id":"https:\/\/spinbetter.center\/al\/bonuses\/reload-bonus\/#breadcrumb","itemListElement":[{"@type":"ListItem","position":1,"name":"Home","item":"https:\/\/spinbetter.center\/al\/"},{"@type":"ListItem","position":2,"name":"Bonuse","item":"https:\/\/spinbetter.center\/al\/bonuses\/"},{"@type":"ListItem","position":3,"name":"Bonusi i Ringarkimit"}]},{"@type":"WebSite","@id":"https:\/\/spinbetter.center\/al\/#website","url":"https:\/\/spinbetter.center\/al\/","name":"SpinBetter","description":"SpinBetter","alternateName":"Spin Better","potentialAction":[{"@type":"SearchAction","target":{"@type":"EntryPoint","urlTemplate":"https:\/\/spinbetter.center\/al\/?s={search_term_string}"},"query-input":{"@type":"PropertyValueSpecification","valueRequired":true,"valueName":"search_term_string"}}],"inLanguage":"sq"}]}},"_links":{"self":[{"href":"https:\/\/spinbetter.center\/al\/wp-json\/wp\/v2\/pages\/527","targetHints":{"allow":["GET"]}}],"collection":[{"href":"https:\/\/spinbetter.center\/al\/wp-json\/wp\/v2\/pages"}],"about":[{"href":"https:\/\/spinbetter.center\/al\/wp-json\/wp\/v2\/types\/page"}],"author":[{"embeddable":true,"href":"https:\/\/spinbetter.center\/al\/wp-json\/wp\/v2\/users\/1"}],"replies":[{"embeddable":true,"href":"https:\/\/spinbetter.center\/al\/wp-json\/wp\/v2\/comments?post=527"}],"version-history":[{"count":7,"href":"https:\/\/spinbetter.center\/al\/wp-json\/wp\/v2\/pages\/527\/revisions"}],"predecessor-version":[{"id":841,"href":"https:\/\/spinbetter.center\/al\/wp-json\/wp\/v2\/pages\/527\/revisions\/841"}],"up":[{"embeddable":true,"href":"https:\/\/spinbetter.center\/al\/wp-json\/wp\/v2\/pages\/272"}],"wp:attachment":[{"href":"https:\/\/spinbetter.center\/al\/wp-json\/wp\/v2\/media?parent=527"}],"curies":[{"name":"wp","href":"https:\/\/api.w.org\/{rel}","templated":true}]}}