{"id":525,"date":"2025-03-31T05:43:58","date_gmt":"2025-03-31T05:43:58","guid":{"rendered":"https:\/\/spinbetter.center\/al\/?page_id=525"},"modified":"2025-07-26T07:19:22","modified_gmt":"2025-07-26T07:19:22","slug":"freespins-telegram","status":"publish","type":"page","link":"https:\/\/spinbetter.center\/al\/bonuses\/freespins-telegram\/","title":{"rendered":"Rrotullime falas"},"content":{"rendered":"","protected":false},"excerpt":{"rendered":"","protected":false},"author":1,"featured_media":0,"parent":272,"menu_order":0,"comment_status":"closed","ping_status":"closed","template":"","meta":{"footnotes":""},"class_list":["post-525","page","type-page","status-publish","hentry"],"yoast_head":"<!-- This site is optimized with the Yoast SEO plugin v27.4 - https:\/\/yoast.com\/product\/yoast-seo-wordpress\/ -->\n<title>Merrni 100 FS nga SpinBetter: \u2714\ufe0f Regjistrohuni n\u00eb Telegram<\/title>\n<meta name=\"description\" content=\"D\u00ebshironi 100 rrotullime falas? Regjistrohuni n\u00eb Telegram t\u00eb SpinBetter dhe merrni rrotullimet tuaja bonus! Jini i pari q\u00eb m\u00ebsoni rreth lajmeve t\u00eb nxehta dhe promocioneve ekskluzive. Mos e humbisni shansin tuaj p\u00ebr t\u00eb fituar - veproni tani!\" \/>\n<meta name=\"robots\" content=\"index, follow, max-snippet:-1, max-image-preview:large, max-video-preview:-1\" \/>\n<link rel=\"canonical\" href=\"https:\/\/spinbetter.center\/al\/bonuses\/freespins-telegram\/\" \/>\n<meta property=\"og:locale\" content=\"sq_AL\" \/>\n<meta property=\"og:type\" content=\"article\" \/>\n<meta property=\"og:title\" content=\"Merrni 100 FS nga SpinBetter: \u2714\ufe0f Regjistrohuni n\u00eb Telegram\" \/>\n<meta property=\"og:description\" content=\"D\u00ebshironi 100 rrotullime falas? Regjistrohuni n\u00eb Telegram t\u00eb SpinBetter dhe merrni rrotullimet tuaja bonus! Jini i pari q\u00eb m\u00ebsoni rreth lajmeve t\u00eb nxehta dhe promocioneve ekskluzive. Mos e humbisni shansin tuaj p\u00ebr t\u00eb fituar - veproni tani!\" \/>\n<meta property=\"og:url\" content=\"https:\/\/spinbetter.center\/al\/bonuses\/freespins-telegram\/\" \/>\n<meta property=\"og:site_name\" content=\"Spinbetter center al\" \/>\n<meta property=\"article:modified_time\" content=\"2025-07-26T07:19:22+00:00\" \/>\n<meta name=\"twitter:card\" content=\"summary_large_image\" \/>\n<script type=\"application\/ld+json\" class=\"yoast-schema-graph\">{\"@context\":\"https:\\\/\\\/schema.org\",\"@graph\":[{\"@type\":\"WebPage\",\"@id\":\"https:\\\/\\\/spinbetter.center\\\/al\\\/bonuses\\\/freespins-telegram\\\/\",\"url\":\"https:\\\/\\\/spinbetter.center\\\/al\\\/bonuses\\\/freespins-telegram\\\/\",\"name\":\"Merrni 100 FS nga SpinBetter: \u2714\ufe0f Regjistrohuni n\u00eb Telegram\",\"isPartOf\":{\"@id\":\"https:\\\/\\\/spinbetter.center\\\/al\\\/#website\"},\"datePublished\":\"2025-03-31T05:43:58+00:00\",\"dateModified\":\"2025-07-26T07:19:22+00:00\",\"description\":\"D\u00ebshironi 100 rrotullime falas? Regjistrohuni n\u00eb Telegram t\u00eb SpinBetter dhe merrni rrotullimet tuaja bonus! Jini i pari q\u00eb m\u00ebsoni rreth lajmeve t\u00eb nxehta dhe promocioneve ekskluzive. Mos e humbisni shansin tuaj p\u00ebr t\u00eb fituar - veproni tani!\",\"breadcrumb\":{\"@id\":\"https:\\\/\\\/spinbetter.center\\\/al\\\/bonuses\\\/freespins-telegram\\\/#breadcrumb\"},\"inLanguage\":\"sq\",\"potentialAction\":[{\"@type\":\"ReadAction\",\"target\":[\"https:\\\/\\\/spinbetter.center\\\/al\\\/bonuses\\\/freespins-telegram\\\/\"]}]},{\"@type\":\"BreadcrumbList\",\"@id\":\"https:\\\/\\\/spinbetter.center\\\/al\\\/bonuses\\\/freespins-telegram\\\/#breadcrumb\",\"itemListElement\":[{\"@type\":\"ListItem\",\"position\":1,\"name\":\"Home\",\"item\":\"https:\\\/\\\/spinbetter.center\\\/al\\\/\"},{\"@type\":\"ListItem\",\"position\":2,\"name\":\"Bonuse\",\"item\":\"https:\\\/\\\/spinbetter.center\\\/al\\\/bonuses\\\/\"},{\"@type\":\"ListItem\",\"position\":3,\"name\":\"Rrotullime falas\"}]},{\"@type\":\"WebSite\",\"@id\":\"https:\\\/\\\/spinbetter.center\\\/al\\\/#website\",\"url\":\"https:\\\/\\\/spinbetter.center\\\/al\\\/\",\"name\":\"SpinBetter\",\"description\":\"SpinBetter\",\"alternateName\":\"Spin Better\",\"potentialAction\":[{\"@type\":\"SearchAction\",\"target\":{\"@type\":\"EntryPoint\",\"urlTemplate\":\"https:\\\/\\\/spinbetter.center\\\/al\\\/?s={search_term_string}\"},\"query-input\":{\"@type\":\"PropertyValueSpecification\",\"valueRequired\":true,\"valueName\":\"search_term_string\"}}],\"inLanguage\":\"sq\"}]}<\/script>\n<!-- \/ Yoast SEO plugin. -->","yoast_head_json":{"title":"Merrni 100 FS nga SpinBetter: \u2714\ufe0f Regjistrohuni n\u00eb Telegram","description":"D\u00ebshironi 100 rrotullime falas? Regjistrohuni n\u00eb Telegram t\u00eb SpinBetter dhe merrni rrotullimet tuaja bonus! Jini i pari q\u00eb m\u00ebsoni rreth lajmeve t\u00eb nxehta dhe promocioneve ekskluzive. Mos e humbisni shansin tuaj p\u00ebr t\u00eb fituar - veproni tani!","robots":{"index":"index","follow":"follow","max-snippet":"max-snippet:-1","max-image-preview":"max-image-preview:large","max-video-preview":"max-video-preview:-1"},"canonical":"https:\/\/spinbetter.center\/al\/bonuses\/freespins-telegram\/","og_locale":"sq_AL","og_type":"article","og_title":"Merrni 100 FS nga SpinBetter: \u2714\ufe0f Regjistrohuni n\u00eb Telegram","og_description":"D\u00ebshironi 100 rrotullime falas? Regjistrohuni n\u00eb Telegram t\u00eb SpinBetter dhe merrni rrotullimet tuaja bonus! Jini i pari q\u00eb m\u00ebsoni rreth lajmeve t\u00eb nxehta dhe promocioneve ekskluzive. Mos e humbisni shansin tuaj p\u00ebr t\u00eb fituar - veproni tani!","og_url":"https:\/\/spinbetter.center\/al\/bonuses\/freespins-telegram\/","og_site_name":"Spinbetter center al","article_modified_time":"2025-07-26T07:19:22+00:00","twitter_card":"summary_large_image","schema":{"@context":"https:\/\/schema.org","@graph":[{"@type":"WebPage","@id":"https:\/\/spinbetter.center\/al\/bonuses\/freespins-telegram\/","url":"https:\/\/spinbetter.center\/al\/bonuses\/freespins-telegram\/","name":"Merrni 100 FS nga SpinBetter: \u2714\ufe0f Regjistrohuni n\u00eb Telegram","isPartOf":{"@id":"https:\/\/spinbetter.center\/al\/#website"},"datePublished":"2025-03-31T05:43:58+00:00","dateModified":"2025-07-26T07:19:22+00:00","description":"D\u00ebshironi 100 rrotullime falas? Regjistrohuni n\u00eb Telegram t\u00eb SpinBetter dhe merrni rrotullimet tuaja bonus! Jini i pari q\u00eb m\u00ebsoni rreth lajmeve t\u00eb nxehta dhe promocioneve ekskluzive. Mos e humbisni shansin tuaj p\u00ebr t\u00eb fituar - veproni tani!","breadcrumb":{"@id":"https:\/\/spinbetter.center\/al\/bonuses\/freespins-telegram\/#breadcrumb"},"inLanguage":"sq","potentialAction":[{"@type":"ReadAction","target":["https:\/\/spinbetter.center\/al\/bonuses\/freespins-telegram\/"]}]},{"@type":"BreadcrumbList","@id":"https:\/\/spinbetter.center\/al\/bonuses\/freespins-telegram\/#breadcrumb","itemListElement":[{"@type":"ListItem","position":1,"name":"Home","item":"https:\/\/spinbetter.center\/al\/"},{"@type":"ListItem","position":2,"name":"Bonuse","item":"https:\/\/spinbetter.center\/al\/bonuses\/"},{"@type":"ListItem","position":3,"name":"Rrotullime falas"}]},{"@type":"WebSite","@id":"https:\/\/spinbetter.center\/al\/#website","url":"https:\/\/spinbetter.center\/al\/","name":"SpinBetter","description":"SpinBetter","alternateName":"Spin Better","potentialAction":[{"@type":"SearchAction","target":{"@type":"EntryPoint","urlTemplate":"https:\/\/spinbetter.center\/al\/?s={search_term_string}"},"query-input":{"@type":"PropertyValueSpecification","valueRequired":true,"valueName":"search_term_string"}}],"inLanguage":"sq"}]}},"_links":{"self":[{"href":"https:\/\/spinbetter.center\/al\/wp-json\/wp\/v2\/pages\/525","targetHints":{"allow":["GET"]}}],"collection":[{"href":"https:\/\/spinbetter.center\/al\/wp-json\/wp\/v2\/pages"}],"about":[{"href":"https:\/\/spinbetter.center\/al\/wp-json\/wp\/v2\/types\/page"}],"author":[{"embeddable":true,"href":"https:\/\/spinbetter.center\/al\/wp-json\/wp\/v2\/users\/1"}],"replies":[{"embeddable":true,"href":"https:\/\/spinbetter.center\/al\/wp-json\/wp\/v2\/comments?post=525"}],"version-history":[{"count":7,"href":"https:\/\/spinbetter.center\/al\/wp-json\/wp\/v2\/pages\/525\/revisions"}],"predecessor-version":[{"id":838,"href":"https:\/\/spinbetter.center\/al\/wp-json\/wp\/v2\/pages\/525\/revisions\/838"}],"up":[{"embeddable":true,"href":"https:\/\/spinbetter.center\/al\/wp-json\/wp\/v2\/pages\/272"}],"wp:attachment":[{"href":"https:\/\/spinbetter.center\/al\/wp-json\/wp\/v2\/media?parent=525"}],"curies":[{"name":"wp","href":"https:\/\/api.w.org\/{rel}","templated":true}]}}