{"id":523,"date":"2025-03-31T05:35:59","date_gmt":"2025-03-31T05:35:59","guid":{"rendered":"https:\/\/spinbetter.center\/al\/?page_id=523"},"modified":"2025-07-16T16:25:59","modified_gmt":"2025-07-16T16:25:59","slug":"betting-cashback","status":"publish","type":"page","link":"https:\/\/spinbetter.center\/al\/bonuses\/betting-cashback\/","title":{"rendered":"Kthim parash p\u00ebr baste"},"content":{"rendered":"","protected":false},"excerpt":{"rendered":"","protected":false},"author":1,"featured_media":0,"parent":272,"menu_order":0,"comment_status":"closed","ping_status":"closed","template":"","meta":{"footnotes":""},"class_list":["post-523","page","type-page","status-publish","hentry"],"yoast_head":"<!-- This site is optimized with the Yoast SEO plugin v27.4 - https:\/\/yoast.com\/product\/yoast-seo-wordpress\/ -->\n<title>Kthim parash p\u00ebr bastet SpinBetter: \u2705Kthim parash javor prej 3%<\/title>\n<meta name=\"description\" content=\"Mos u dor\u00ebzoni pas nj\u00eb humbjeje! Merrni 3% kthim parash n\u00eb bastet sportive me SpinBetter dhe merrni mbrapsht disa nga humbjet tuaja. M\u00ebsoni se si t\u00eb aktivizoni kthimin tuaj javor t\u00eb parave dhe ta b\u00ebni loj\u00ebn tuaj edhe m\u00eb fitimprur\u00ebse!\" \/>\n<meta name=\"robots\" content=\"index, follow, max-snippet:-1, max-image-preview:large, max-video-preview:-1\" \/>\n<link rel=\"canonical\" href=\"https:\/\/spinbetter.center\/al\/bonuses\/betting-cashback\/\" \/>\n<meta property=\"og:locale\" content=\"sq_AL\" \/>\n<meta property=\"og:type\" content=\"article\" \/>\n<meta property=\"og:title\" content=\"Kthim parash p\u00ebr bastet SpinBetter: \u2705Kthim parash javor prej 3%\" \/>\n<meta property=\"og:description\" content=\"Mos u dor\u00ebzoni pas nj\u00eb humbjeje! Merrni 3% kthim parash n\u00eb bastet sportive me SpinBetter dhe merrni mbrapsht disa nga humbjet tuaja. M\u00ebsoni se si t\u00eb aktivizoni kthimin tuaj javor t\u00eb parave dhe ta b\u00ebni loj\u00ebn tuaj edhe m\u00eb fitimprur\u00ebse!\" \/>\n<meta property=\"og:url\" content=\"https:\/\/spinbetter.center\/al\/bonuses\/betting-cashback\/\" \/>\n<meta property=\"og:site_name\" content=\"Spinbetter center al\" \/>\n<meta property=\"article:modified_time\" content=\"2025-07-16T16:25:59+00:00\" \/>\n<meta name=\"twitter:card\" content=\"summary_large_image\" \/>\n<script type=\"application\/ld+json\" class=\"yoast-schema-graph\">{\"@context\":\"https:\\\/\\\/schema.org\",\"@graph\":[{\"@type\":\"WebPage\",\"@id\":\"https:\\\/\\\/spinbetter.center\\\/al\\\/bonuses\\\/betting-cashback\\\/\",\"url\":\"https:\\\/\\\/spinbetter.center\\\/al\\\/bonuses\\\/betting-cashback\\\/\",\"name\":\"Kthim parash p\u00ebr bastet SpinBetter: \u2705Kthim parash javor prej 3%\",\"isPartOf\":{\"@id\":\"https:\\\/\\\/spinbetter.center\\\/al\\\/#website\"},\"datePublished\":\"2025-03-31T05:35:59+00:00\",\"dateModified\":\"2025-07-16T16:25:59+00:00\",\"description\":\"Mos u dor\u00ebzoni pas nj\u00eb humbjeje! Merrni 3% kthim parash n\u00eb bastet sportive me SpinBetter dhe merrni mbrapsht disa nga humbjet tuaja. M\u00ebsoni se si t\u00eb aktivizoni kthimin tuaj javor t\u00eb parave dhe ta b\u00ebni loj\u00ebn tuaj edhe m\u00eb fitimprur\u00ebse!\",\"breadcrumb\":{\"@id\":\"https:\\\/\\\/spinbetter.center\\\/al\\\/bonuses\\\/betting-cashback\\\/#breadcrumb\"},\"inLanguage\":\"sq\",\"potentialAction\":[{\"@type\":\"ReadAction\",\"target\":[\"https:\\\/\\\/spinbetter.center\\\/al\\\/bonuses\\\/betting-cashback\\\/\"]}]},{\"@type\":\"BreadcrumbList\",\"@id\":\"https:\\\/\\\/spinbetter.center\\\/al\\\/bonuses\\\/betting-cashback\\\/#breadcrumb\",\"itemListElement\":[{\"@type\":\"ListItem\",\"position\":1,\"name\":\"Home\",\"item\":\"https:\\\/\\\/spinbetter.center\\\/al\\\/\"},{\"@type\":\"ListItem\",\"position\":2,\"name\":\"Bonuse\",\"item\":\"https:\\\/\\\/spinbetter.center\\\/al\\\/bonuses\\\/\"},{\"@type\":\"ListItem\",\"position\":3,\"name\":\"Kthim parash p\u00ebr baste\"}]},{\"@type\":\"WebSite\",\"@id\":\"https:\\\/\\\/spinbetter.center\\\/al\\\/#website\",\"url\":\"https:\\\/\\\/spinbetter.center\\\/al\\\/\",\"name\":\"SpinBetter\",\"description\":\"SpinBetter\",\"alternateName\":\"Spin Better\",\"potentialAction\":[{\"@type\":\"SearchAction\",\"target\":{\"@type\":\"EntryPoint\",\"urlTemplate\":\"https:\\\/\\\/spinbetter.center\\\/al\\\/?s={search_term_string}\"},\"query-input\":{\"@type\":\"PropertyValueSpecification\",\"valueRequired\":true,\"valueName\":\"search_term_string\"}}],\"inLanguage\":\"sq\"}]}<\/script>\n<!-- \/ Yoast SEO plugin. -->","yoast_head_json":{"title":"Kthim parash p\u00ebr bastet SpinBetter: \u2705Kthim parash javor prej 3%","description":"Mos u dor\u00ebzoni pas nj\u00eb humbjeje! Merrni 3% kthim parash n\u00eb bastet sportive me SpinBetter dhe merrni mbrapsht disa nga humbjet tuaja. M\u00ebsoni se si t\u00eb aktivizoni kthimin tuaj javor t\u00eb parave dhe ta b\u00ebni loj\u00ebn tuaj edhe m\u00eb fitimprur\u00ebse!","robots":{"index":"index","follow":"follow","max-snippet":"max-snippet:-1","max-image-preview":"max-image-preview:large","max-video-preview":"max-video-preview:-1"},"canonical":"https:\/\/spinbetter.center\/al\/bonuses\/betting-cashback\/","og_locale":"sq_AL","og_type":"article","og_title":"Kthim parash p\u00ebr bastet SpinBetter: \u2705Kthim parash javor prej 3%","og_description":"Mos u dor\u00ebzoni pas nj\u00eb humbjeje! Merrni 3% kthim parash n\u00eb bastet sportive me SpinBetter dhe merrni mbrapsht disa nga humbjet tuaja. M\u00ebsoni se si t\u00eb aktivizoni kthimin tuaj javor t\u00eb parave dhe ta b\u00ebni loj\u00ebn tuaj edhe m\u00eb fitimprur\u00ebse!","og_url":"https:\/\/spinbetter.center\/al\/bonuses\/betting-cashback\/","og_site_name":"Spinbetter center al","article_modified_time":"2025-07-16T16:25:59+00:00","twitter_card":"summary_large_image","schema":{"@context":"https:\/\/schema.org","@graph":[{"@type":"WebPage","@id":"https:\/\/spinbetter.center\/al\/bonuses\/betting-cashback\/","url":"https:\/\/spinbetter.center\/al\/bonuses\/betting-cashback\/","name":"Kthim parash p\u00ebr bastet SpinBetter: \u2705Kthim parash javor prej 3%","isPartOf":{"@id":"https:\/\/spinbetter.center\/al\/#website"},"datePublished":"2025-03-31T05:35:59+00:00","dateModified":"2025-07-16T16:25:59+00:00","description":"Mos u dor\u00ebzoni pas nj\u00eb humbjeje! Merrni 3% kthim parash n\u00eb bastet sportive me SpinBetter dhe merrni mbrapsht disa nga humbjet tuaja. M\u00ebsoni se si t\u00eb aktivizoni kthimin tuaj javor t\u00eb parave dhe ta b\u00ebni loj\u00ebn tuaj edhe m\u00eb fitimprur\u00ebse!","breadcrumb":{"@id":"https:\/\/spinbetter.center\/al\/bonuses\/betting-cashback\/#breadcrumb"},"inLanguage":"sq","potentialAction":[{"@type":"ReadAction","target":["https:\/\/spinbetter.center\/al\/bonuses\/betting-cashback\/"]}]},{"@type":"BreadcrumbList","@id":"https:\/\/spinbetter.center\/al\/bonuses\/betting-cashback\/#breadcrumb","itemListElement":[{"@type":"ListItem","position":1,"name":"Home","item":"https:\/\/spinbetter.center\/al\/"},{"@type":"ListItem","position":2,"name":"Bonuse","item":"https:\/\/spinbetter.center\/al\/bonuses\/"},{"@type":"ListItem","position":3,"name":"Kthim parash p\u00ebr baste"}]},{"@type":"WebSite","@id":"https:\/\/spinbetter.center\/al\/#website","url":"https:\/\/spinbetter.center\/al\/","name":"SpinBetter","description":"SpinBetter","alternateName":"Spin Better","potentialAction":[{"@type":"SearchAction","target":{"@type":"EntryPoint","urlTemplate":"https:\/\/spinbetter.center\/al\/?s={search_term_string}"},"query-input":{"@type":"PropertyValueSpecification","valueRequired":true,"valueName":"search_term_string"}}],"inLanguage":"sq"}]}},"_links":{"self":[{"href":"https:\/\/spinbetter.center\/al\/wp-json\/wp\/v2\/pages\/523","targetHints":{"allow":["GET"]}}],"collection":[{"href":"https:\/\/spinbetter.center\/al\/wp-json\/wp\/v2\/pages"}],"about":[{"href":"https:\/\/spinbetter.center\/al\/wp-json\/wp\/v2\/types\/page"}],"author":[{"embeddable":true,"href":"https:\/\/spinbetter.center\/al\/wp-json\/wp\/v2\/users\/1"}],"replies":[{"embeddable":true,"href":"https:\/\/spinbetter.center\/al\/wp-json\/wp\/v2\/comments?post=523"}],"version-history":[{"count":7,"href":"https:\/\/spinbetter.center\/al\/wp-json\/wp\/v2\/pages\/523\/revisions"}],"predecessor-version":[{"id":830,"href":"https:\/\/spinbetter.center\/al\/wp-json\/wp\/v2\/pages\/523\/revisions\/830"}],"up":[{"embeddable":true,"href":"https:\/\/spinbetter.center\/al\/wp-json\/wp\/v2\/pages\/272"}],"wp:attachment":[{"href":"https:\/\/spinbetter.center\/al\/wp-json\/wp\/v2\/media?parent=523"}],"curies":[{"name":"wp","href":"https:\/\/api.w.org\/{rel}","templated":true}]}}