{"id":521,"date":"2025-03-28T15:40:33","date_gmt":"2025-03-28T15:40:33","guid":{"rendered":"https:\/\/spinbetter.center\/al\/?page_id=521"},"modified":"2025-07-26T07:19:08","modified_gmt":"2025-07-26T07:19:08","slug":"losing-bets","status":"publish","type":"page","link":"https:\/\/spinbetter.center\/al\/bonuses\/losing-bets\/","title":{"rendered":"Bastet Humb\u00ebse"},"content":{"rendered":"","protected":false},"excerpt":{"rendered":"","protected":false},"author":1,"featured_media":0,"parent":272,"menu_order":0,"comment_status":"closed","ping_status":"closed","template":"","meta":{"footnotes":""},"class_list":["post-521","page","type-page","status-publish","hentry"],"yoast_head":"<!-- This site is optimized with the Yoast SEO plugin v27.4 - https:\/\/yoast.com\/product\/yoast-seo-wordpress\/ -->\n<title>Bonus SpinBetter p\u00ebr nj\u00eb seri bastesh t\u00eb k\u00ebqija: deri n\u00eb 40.000 lek\u00eb<\/title>\n<meta name=\"description\" content=\"Mos lejo q\u00eb pengesat t\u00eb t\u00eb shkat\u00ebrrojn\u00eb! SpinBetter nuk do t\u00eb t\u00eb l\u00ebr\u00eb n\u00eb m\u00ebshir\u00eb t\u00eb fatit t\u00ebnd! Merr nj\u00eb shans shtes\u00eb dhe deri n\u00eb 40.000 lek\u00eb kompensim p\u00ebr nj\u00eb seri bastesh t\u00eb k\u00ebqija. Rikthe besimin t\u00ebnd dhe fito nd\u00ebrsa t\u00eb tjer\u00ebt jan\u00eb n\u00eb panik!\" \/>\n<meta name=\"robots\" content=\"index, follow, max-snippet:-1, max-image-preview:large, max-video-preview:-1\" \/>\n<link rel=\"canonical\" href=\"https:\/\/spinbetter.center\/al\/bonuses\/losing-bets\/\" \/>\n<meta property=\"og:locale\" content=\"sq_AL\" \/>\n<meta property=\"og:type\" content=\"article\" \/>\n<meta property=\"og:title\" content=\"Bonus SpinBetter p\u00ebr nj\u00eb seri bastesh t\u00eb k\u00ebqija: deri n\u00eb 40.000 lek\u00eb\" \/>\n<meta property=\"og:description\" content=\"Mos lejo q\u00eb pengesat t\u00eb t\u00eb shkat\u00ebrrojn\u00eb! SpinBetter nuk do t\u00eb t\u00eb l\u00ebr\u00eb n\u00eb m\u00ebshir\u00eb t\u00eb fatit t\u00ebnd! Merr nj\u00eb shans shtes\u00eb dhe deri n\u00eb 40.000 lek\u00eb kompensim p\u00ebr nj\u00eb seri bastesh t\u00eb k\u00ebqija. Rikthe besimin t\u00ebnd dhe fito nd\u00ebrsa t\u00eb tjer\u00ebt jan\u00eb n\u00eb panik!\" \/>\n<meta property=\"og:url\" content=\"https:\/\/spinbetter.center\/al\/bonuses\/losing-bets\/\" \/>\n<meta property=\"og:site_name\" content=\"Spinbetter center al\" \/>\n<meta property=\"article:modified_time\" content=\"2025-07-26T07:19:08+00:00\" \/>\n<meta name=\"twitter:card\" content=\"summary_large_image\" \/>\n<script type=\"application\/ld+json\" class=\"yoast-schema-graph\">{\"@context\":\"https:\\\/\\\/schema.org\",\"@graph\":[{\"@type\":\"WebPage\",\"@id\":\"https:\\\/\\\/spinbetter.center\\\/al\\\/bonuses\\\/losing-bets\\\/\",\"url\":\"https:\\\/\\\/spinbetter.center\\\/al\\\/bonuses\\\/losing-bets\\\/\",\"name\":\"Bonus SpinBetter p\u00ebr nj\u00eb seri bastesh t\u00eb k\u00ebqija: deri n\u00eb 40.000 lek\u00eb\",\"isPartOf\":{\"@id\":\"https:\\\/\\\/spinbetter.center\\\/al\\\/#website\"},\"datePublished\":\"2025-03-28T15:40:33+00:00\",\"dateModified\":\"2025-07-26T07:19:08+00:00\",\"description\":\"Mos lejo q\u00eb pengesat t\u00eb t\u00eb shkat\u00ebrrojn\u00eb! SpinBetter nuk do t\u00eb t\u00eb l\u00ebr\u00eb n\u00eb m\u00ebshir\u00eb t\u00eb fatit t\u00ebnd! Merr nj\u00eb shans shtes\u00eb dhe deri n\u00eb 40.000 lek\u00eb kompensim p\u00ebr nj\u00eb seri bastesh t\u00eb k\u00ebqija. Rikthe besimin t\u00ebnd dhe fito nd\u00ebrsa t\u00eb tjer\u00ebt jan\u00eb n\u00eb panik!\",\"breadcrumb\":{\"@id\":\"https:\\\/\\\/spinbetter.center\\\/al\\\/bonuses\\\/losing-bets\\\/#breadcrumb\"},\"inLanguage\":\"sq\",\"potentialAction\":[{\"@type\":\"ReadAction\",\"target\":[\"https:\\\/\\\/spinbetter.center\\\/al\\\/bonuses\\\/losing-bets\\\/\"]}]},{\"@type\":\"BreadcrumbList\",\"@id\":\"https:\\\/\\\/spinbetter.center\\\/al\\\/bonuses\\\/losing-bets\\\/#breadcrumb\",\"itemListElement\":[{\"@type\":\"ListItem\",\"position\":1,\"name\":\"Home\",\"item\":\"https:\\\/\\\/spinbetter.center\\\/al\\\/\"},{\"@type\":\"ListItem\",\"position\":2,\"name\":\"Bonuse\",\"item\":\"https:\\\/\\\/spinbetter.center\\\/al\\\/bonuses\\\/\"},{\"@type\":\"ListItem\",\"position\":3,\"name\":\"Bastet Humb\u00ebse\"}]},{\"@type\":\"WebSite\",\"@id\":\"https:\\\/\\\/spinbetter.center\\\/al\\\/#website\",\"url\":\"https:\\\/\\\/spinbetter.center\\\/al\\\/\",\"name\":\"SpinBetter\",\"description\":\"SpinBetter\",\"alternateName\":\"Spin Better\",\"potentialAction\":[{\"@type\":\"SearchAction\",\"target\":{\"@type\":\"EntryPoint\",\"urlTemplate\":\"https:\\\/\\\/spinbetter.center\\\/al\\\/?s={search_term_string}\"},\"query-input\":{\"@type\":\"PropertyValueSpecification\",\"valueRequired\":true,\"valueName\":\"search_term_string\"}}],\"inLanguage\":\"sq\"}]}<\/script>\n<!-- \/ Yoast SEO plugin. -->","yoast_head_json":{"title":"Bonus SpinBetter p\u00ebr nj\u00eb seri bastesh t\u00eb k\u00ebqija: deri n\u00eb 40.000 lek\u00eb","description":"Mos lejo q\u00eb pengesat t\u00eb t\u00eb shkat\u00ebrrojn\u00eb! SpinBetter nuk do t\u00eb t\u00eb l\u00ebr\u00eb n\u00eb m\u00ebshir\u00eb t\u00eb fatit t\u00ebnd! Merr nj\u00eb shans shtes\u00eb dhe deri n\u00eb 40.000 lek\u00eb kompensim p\u00ebr nj\u00eb seri bastesh t\u00eb k\u00ebqija. Rikthe besimin t\u00ebnd dhe fito nd\u00ebrsa t\u00eb tjer\u00ebt jan\u00eb n\u00eb panik!","robots":{"index":"index","follow":"follow","max-snippet":"max-snippet:-1","max-image-preview":"max-image-preview:large","max-video-preview":"max-video-preview:-1"},"canonical":"https:\/\/spinbetter.center\/al\/bonuses\/losing-bets\/","og_locale":"sq_AL","og_type":"article","og_title":"Bonus SpinBetter p\u00ebr nj\u00eb seri bastesh t\u00eb k\u00ebqija: deri n\u00eb 40.000 lek\u00eb","og_description":"Mos lejo q\u00eb pengesat t\u00eb t\u00eb shkat\u00ebrrojn\u00eb! SpinBetter nuk do t\u00eb t\u00eb l\u00ebr\u00eb n\u00eb m\u00ebshir\u00eb t\u00eb fatit t\u00ebnd! Merr nj\u00eb shans shtes\u00eb dhe deri n\u00eb 40.000 lek\u00eb kompensim p\u00ebr nj\u00eb seri bastesh t\u00eb k\u00ebqija. Rikthe besimin t\u00ebnd dhe fito nd\u00ebrsa t\u00eb tjer\u00ebt jan\u00eb n\u00eb panik!","og_url":"https:\/\/spinbetter.center\/al\/bonuses\/losing-bets\/","og_site_name":"Spinbetter center al","article_modified_time":"2025-07-26T07:19:08+00:00","twitter_card":"summary_large_image","schema":{"@context":"https:\/\/schema.org","@graph":[{"@type":"WebPage","@id":"https:\/\/spinbetter.center\/al\/bonuses\/losing-bets\/","url":"https:\/\/spinbetter.center\/al\/bonuses\/losing-bets\/","name":"Bonus SpinBetter p\u00ebr nj\u00eb seri bastesh t\u00eb k\u00ebqija: deri n\u00eb 40.000 lek\u00eb","isPartOf":{"@id":"https:\/\/spinbetter.center\/al\/#website"},"datePublished":"2025-03-28T15:40:33+00:00","dateModified":"2025-07-26T07:19:08+00:00","description":"Mos lejo q\u00eb pengesat t\u00eb t\u00eb shkat\u00ebrrojn\u00eb! SpinBetter nuk do t\u00eb t\u00eb l\u00ebr\u00eb n\u00eb m\u00ebshir\u00eb t\u00eb fatit t\u00ebnd! Merr nj\u00eb shans shtes\u00eb dhe deri n\u00eb 40.000 lek\u00eb kompensim p\u00ebr nj\u00eb seri bastesh t\u00eb k\u00ebqija. Rikthe besimin t\u00ebnd dhe fito nd\u00ebrsa t\u00eb tjer\u00ebt jan\u00eb n\u00eb panik!","breadcrumb":{"@id":"https:\/\/spinbetter.center\/al\/bonuses\/losing-bets\/#breadcrumb"},"inLanguage":"sq","potentialAction":[{"@type":"ReadAction","target":["https:\/\/spinbetter.center\/al\/bonuses\/losing-bets\/"]}]},{"@type":"BreadcrumbList","@id":"https:\/\/spinbetter.center\/al\/bonuses\/losing-bets\/#breadcrumb","itemListElement":[{"@type":"ListItem","position":1,"name":"Home","item":"https:\/\/spinbetter.center\/al\/"},{"@type":"ListItem","position":2,"name":"Bonuse","item":"https:\/\/spinbetter.center\/al\/bonuses\/"},{"@type":"ListItem","position":3,"name":"Bastet Humb\u00ebse"}]},{"@type":"WebSite","@id":"https:\/\/spinbetter.center\/al\/#website","url":"https:\/\/spinbetter.center\/al\/","name":"SpinBetter","description":"SpinBetter","alternateName":"Spin Better","potentialAction":[{"@type":"SearchAction","target":{"@type":"EntryPoint","urlTemplate":"https:\/\/spinbetter.center\/al\/?s={search_term_string}"},"query-input":{"@type":"PropertyValueSpecification","valueRequired":true,"valueName":"search_term_string"}}],"inLanguage":"sq"}]}},"_links":{"self":[{"href":"https:\/\/spinbetter.center\/al\/wp-json\/wp\/v2\/pages\/521","targetHints":{"allow":["GET"]}}],"collection":[{"href":"https:\/\/spinbetter.center\/al\/wp-json\/wp\/v2\/pages"}],"about":[{"href":"https:\/\/spinbetter.center\/al\/wp-json\/wp\/v2\/types\/page"}],"author":[{"embeddable":true,"href":"https:\/\/spinbetter.center\/al\/wp-json\/wp\/v2\/users\/1"}],"replies":[{"embeddable":true,"href":"https:\/\/spinbetter.center\/al\/wp-json\/wp\/v2\/comments?post=521"}],"version-history":[{"count":7,"href":"https:\/\/spinbetter.center\/al\/wp-json\/wp\/v2\/pages\/521\/revisions"}],"predecessor-version":[{"id":840,"href":"https:\/\/spinbetter.center\/al\/wp-json\/wp\/v2\/pages\/521\/revisions\/840"}],"up":[{"embeddable":true,"href":"https:\/\/spinbetter.center\/al\/wp-json\/wp\/v2\/pages\/272"}],"wp:attachment":[{"href":"https:\/\/spinbetter.center\/al\/wp-json\/wp\/v2\/media?parent=521"}],"curies":[{"name":"wp","href":"https:\/\/api.w.org\/{rel}","templated":true}]}}