{"id":519,"date":"2025-03-28T15:29:30","date_gmt":"2025-03-28T15:29:30","guid":{"rendered":"https:\/\/spinbetter.center\/al\/?page_id=519"},"modified":"2025-07-26T07:18:18","modified_gmt":"2025-07-26T07:18:18","slug":"first-deposit","status":"publish","type":"page","link":"https:\/\/spinbetter.center\/al\/bonuses\/first-deposit\/","title":{"rendered":"Depozita e Par\u00eb"},"content":{"rendered":"","protected":false},"excerpt":{"rendered":"","protected":false},"author":1,"featured_media":0,"parent":272,"menu_order":0,"comment_status":"closed","ping_status":"closed","template":"","meta":{"footnotes":""},"class_list":["post-519","page","type-page","status-publish","hentry"],"yoast_head":"<!-- This site is optimized with the Yoast SEO plugin v27.4 - https:\/\/yoast.com\/product\/yoast-seo-wordpress\/ -->\n<title>Paketa e Mir\u00ebseardhjes SpinBetter: 150.000 lek\u00eb dhe 150 FS!<\/title>\n<meta name=\"description\" content=\"Hapni der\u00ebn drejt bot\u00ebs s\u00eb loj\u00ebrave t\u00eb fatit me nj\u00eb paket\u00eb mir\u00ebseardhjeje mahnit\u00ebse nga SpinBetter! Kat\u00ebr rimbushje t\u00eb fuqishme, deri n\u00eb 150.000 lek\u00eb dhe 150 rrotullime falas! Mos e humbisni mund\u00ebsin\u00eb p\u00ebr t\u00eb provuar fatin tuaj dhe p\u00ebr t\u00eb fituar bonuse mbres\u00ebl\u00ebn\u00ebse q\u00eb do ta b\u00ebjn\u00eb seanc\u00ebn tuaj t\u00eb loj\u00ebrave t\u00eb fatit t\u00eb paharrueshme!\" \/>\n<meta name=\"robots\" content=\"index, follow, max-snippet:-1, max-image-preview:large, max-video-preview:-1\" \/>\n<link rel=\"canonical\" href=\"https:\/\/spinbetter.center\/al\/bonuses\/first-deposit\/\" \/>\n<meta property=\"og:locale\" content=\"sq_AL\" \/>\n<meta property=\"og:type\" content=\"article\" \/>\n<meta property=\"og:title\" content=\"Paketa e Mir\u00ebseardhjes SpinBetter: 150.000 lek\u00eb dhe 150 FS!\" \/>\n<meta property=\"og:description\" content=\"Hapni der\u00ebn drejt bot\u00ebs s\u00eb loj\u00ebrave t\u00eb fatit me nj\u00eb paket\u00eb mir\u00ebseardhjeje mahnit\u00ebse nga SpinBetter! Kat\u00ebr rimbushje t\u00eb fuqishme, deri n\u00eb 150.000 lek\u00eb dhe 150 rrotullime falas! Mos e humbisni mund\u00ebsin\u00eb p\u00ebr t\u00eb provuar fatin tuaj dhe p\u00ebr t\u00eb fituar bonuse mbres\u00ebl\u00ebn\u00ebse q\u00eb do ta b\u00ebjn\u00eb seanc\u00ebn tuaj t\u00eb loj\u00ebrave t\u00eb fatit t\u00eb paharrueshme!\" \/>\n<meta property=\"og:url\" content=\"https:\/\/spinbetter.center\/al\/bonuses\/first-deposit\/\" \/>\n<meta property=\"og:site_name\" content=\"Spinbetter center al\" \/>\n<meta property=\"article:modified_time\" content=\"2025-07-26T07:18:18+00:00\" \/>\n<meta name=\"twitter:card\" content=\"summary_large_image\" \/>\n<script type=\"application\/ld+json\" class=\"yoast-schema-graph\">{\"@context\":\"https:\\\/\\\/schema.org\",\"@graph\":[{\"@type\":\"WebPage\",\"@id\":\"https:\\\/\\\/spinbetter.center\\\/al\\\/bonuses\\\/first-deposit\\\/\",\"url\":\"https:\\\/\\\/spinbetter.center\\\/al\\\/bonuses\\\/first-deposit\\\/\",\"name\":\"Paketa e Mir\u00ebseardhjes SpinBetter: 150.000 lek\u00eb dhe 150 FS!\",\"isPartOf\":{\"@id\":\"https:\\\/\\\/spinbetter.center\\\/al\\\/#website\"},\"datePublished\":\"2025-03-28T15:29:30+00:00\",\"dateModified\":\"2025-07-26T07:18:18+00:00\",\"description\":\"Hapni der\u00ebn drejt bot\u00ebs s\u00eb loj\u00ebrave t\u00eb fatit me nj\u00eb paket\u00eb mir\u00ebseardhjeje mahnit\u00ebse nga SpinBetter! Kat\u00ebr rimbushje t\u00eb fuqishme, deri n\u00eb 150.000 lek\u00eb dhe 150 rrotullime falas! Mos e humbisni mund\u00ebsin\u00eb p\u00ebr t\u00eb provuar fatin tuaj dhe p\u00ebr t\u00eb fituar bonuse mbres\u00ebl\u00ebn\u00ebse q\u00eb do ta b\u00ebjn\u00eb seanc\u00ebn tuaj t\u00eb loj\u00ebrave t\u00eb fatit t\u00eb paharrueshme!\",\"breadcrumb\":{\"@id\":\"https:\\\/\\\/spinbetter.center\\\/al\\\/bonuses\\\/first-deposit\\\/#breadcrumb\"},\"inLanguage\":\"sq\",\"potentialAction\":[{\"@type\":\"ReadAction\",\"target\":[\"https:\\\/\\\/spinbetter.center\\\/al\\\/bonuses\\\/first-deposit\\\/\"]}]},{\"@type\":\"BreadcrumbList\",\"@id\":\"https:\\\/\\\/spinbetter.center\\\/al\\\/bonuses\\\/first-deposit\\\/#breadcrumb\",\"itemListElement\":[{\"@type\":\"ListItem\",\"position\":1,\"name\":\"Home\",\"item\":\"https:\\\/\\\/spinbetter.center\\\/al\\\/\"},{\"@type\":\"ListItem\",\"position\":2,\"name\":\"Bonuse\",\"item\":\"https:\\\/\\\/spinbetter.center\\\/al\\\/bonuses\\\/\"},{\"@type\":\"ListItem\",\"position\":3,\"name\":\"Depozita e Par\u00eb\"}]},{\"@type\":\"WebSite\",\"@id\":\"https:\\\/\\\/spinbetter.center\\\/al\\\/#website\",\"url\":\"https:\\\/\\\/spinbetter.center\\\/al\\\/\",\"name\":\"SpinBetter\",\"description\":\"SpinBetter\",\"alternateName\":\"Spin Better\",\"potentialAction\":[{\"@type\":\"SearchAction\",\"target\":{\"@type\":\"EntryPoint\",\"urlTemplate\":\"https:\\\/\\\/spinbetter.center\\\/al\\\/?s={search_term_string}\"},\"query-input\":{\"@type\":\"PropertyValueSpecification\",\"valueRequired\":true,\"valueName\":\"search_term_string\"}}],\"inLanguage\":\"sq\"}]}<\/script>\n<!-- \/ Yoast SEO plugin. -->","yoast_head_json":{"title":"Paketa e Mir\u00ebseardhjes SpinBetter: 150.000 lek\u00eb dhe 150 FS!","description":"Hapni der\u00ebn drejt bot\u00ebs s\u00eb loj\u00ebrave t\u00eb fatit me nj\u00eb paket\u00eb mir\u00ebseardhjeje mahnit\u00ebse nga SpinBetter! Kat\u00ebr rimbushje t\u00eb fuqishme, deri n\u00eb 150.000 lek\u00eb dhe 150 rrotullime falas! Mos e humbisni mund\u00ebsin\u00eb p\u00ebr t\u00eb provuar fatin tuaj dhe p\u00ebr t\u00eb fituar bonuse mbres\u00ebl\u00ebn\u00ebse q\u00eb do ta b\u00ebjn\u00eb seanc\u00ebn tuaj t\u00eb loj\u00ebrave t\u00eb fatit t\u00eb paharrueshme!","robots":{"index":"index","follow":"follow","max-snippet":"max-snippet:-1","max-image-preview":"max-image-preview:large","max-video-preview":"max-video-preview:-1"},"canonical":"https:\/\/spinbetter.center\/al\/bonuses\/first-deposit\/","og_locale":"sq_AL","og_type":"article","og_title":"Paketa e Mir\u00ebseardhjes SpinBetter: 150.000 lek\u00eb dhe 150 FS!","og_description":"Hapni der\u00ebn drejt bot\u00ebs s\u00eb loj\u00ebrave t\u00eb fatit me nj\u00eb paket\u00eb mir\u00ebseardhjeje mahnit\u00ebse nga SpinBetter! Kat\u00ebr rimbushje t\u00eb fuqishme, deri n\u00eb 150.000 lek\u00eb dhe 150 rrotullime falas! Mos e humbisni mund\u00ebsin\u00eb p\u00ebr t\u00eb provuar fatin tuaj dhe p\u00ebr t\u00eb fituar bonuse mbres\u00ebl\u00ebn\u00ebse q\u00eb do ta b\u00ebjn\u00eb seanc\u00ebn tuaj t\u00eb loj\u00ebrave t\u00eb fatit t\u00eb paharrueshme!","og_url":"https:\/\/spinbetter.center\/al\/bonuses\/first-deposit\/","og_site_name":"Spinbetter center al","article_modified_time":"2025-07-26T07:18:18+00:00","twitter_card":"summary_large_image","schema":{"@context":"https:\/\/schema.org","@graph":[{"@type":"WebPage","@id":"https:\/\/spinbetter.center\/al\/bonuses\/first-deposit\/","url":"https:\/\/spinbetter.center\/al\/bonuses\/first-deposit\/","name":"Paketa e Mir\u00ebseardhjes SpinBetter: 150.000 lek\u00eb dhe 150 FS!","isPartOf":{"@id":"https:\/\/spinbetter.center\/al\/#website"},"datePublished":"2025-03-28T15:29:30+00:00","dateModified":"2025-07-26T07:18:18+00:00","description":"Hapni der\u00ebn drejt bot\u00ebs s\u00eb loj\u00ebrave t\u00eb fatit me nj\u00eb paket\u00eb mir\u00ebseardhjeje mahnit\u00ebse nga SpinBetter! Kat\u00ebr rimbushje t\u00eb fuqishme, deri n\u00eb 150.000 lek\u00eb dhe 150 rrotullime falas! Mos e humbisni mund\u00ebsin\u00eb p\u00ebr t\u00eb provuar fatin tuaj dhe p\u00ebr t\u00eb fituar bonuse mbres\u00ebl\u00ebn\u00ebse q\u00eb do ta b\u00ebjn\u00eb seanc\u00ebn tuaj t\u00eb loj\u00ebrave t\u00eb fatit t\u00eb paharrueshme!","breadcrumb":{"@id":"https:\/\/spinbetter.center\/al\/bonuses\/first-deposit\/#breadcrumb"},"inLanguage":"sq","potentialAction":[{"@type":"ReadAction","target":["https:\/\/spinbetter.center\/al\/bonuses\/first-deposit\/"]}]},{"@type":"BreadcrumbList","@id":"https:\/\/spinbetter.center\/al\/bonuses\/first-deposit\/#breadcrumb","itemListElement":[{"@type":"ListItem","position":1,"name":"Home","item":"https:\/\/spinbetter.center\/al\/"},{"@type":"ListItem","position":2,"name":"Bonuse","item":"https:\/\/spinbetter.center\/al\/bonuses\/"},{"@type":"ListItem","position":3,"name":"Depozita e Par\u00eb"}]},{"@type":"WebSite","@id":"https:\/\/spinbetter.center\/al\/#website","url":"https:\/\/spinbetter.center\/al\/","name":"SpinBetter","description":"SpinBetter","alternateName":"Spin Better","potentialAction":[{"@type":"SearchAction","target":{"@type":"EntryPoint","urlTemplate":"https:\/\/spinbetter.center\/al\/?s={search_term_string}"},"query-input":{"@type":"PropertyValueSpecification","valueRequired":true,"valueName":"search_term_string"}}],"inLanguage":"sq"}]}},"_links":{"self":[{"href":"https:\/\/spinbetter.center\/al\/wp-json\/wp\/v2\/pages\/519","targetHints":{"allow":["GET"]}}],"collection":[{"href":"https:\/\/spinbetter.center\/al\/wp-json\/wp\/v2\/pages"}],"about":[{"href":"https:\/\/spinbetter.center\/al\/wp-json\/wp\/v2\/types\/page"}],"author":[{"embeddable":true,"href":"https:\/\/spinbetter.center\/al\/wp-json\/wp\/v2\/users\/1"}],"replies":[{"embeddable":true,"href":"https:\/\/spinbetter.center\/al\/wp-json\/wp\/v2\/comments?post=519"}],"version-history":[{"count":7,"href":"https:\/\/spinbetter.center\/al\/wp-json\/wp\/v2\/pages\/519\/revisions"}],"predecessor-version":[{"id":834,"href":"https:\/\/spinbetter.center\/al\/wp-json\/wp\/v2\/pages\/519\/revisions\/834"}],"up":[{"embeddable":true,"href":"https:\/\/spinbetter.center\/al\/wp-json\/wp\/v2\/pages\/272"}],"wp:attachment":[{"href":"https:\/\/spinbetter.center\/al\/wp-json\/wp\/v2\/media?parent=519"}],"curies":[{"name":"wp","href":"https:\/\/api.w.org\/{rel}","templated":true}]}}