{"id":404,"date":"2024-11-11T07:02:10","date_gmt":"2024-11-11T07:02:10","guid":{"rendered":"https:\/\/spinbetter.center\/al\/?page_id=404"},"modified":"2025-07-26T07:20:27","modified_gmt":"2025-07-26T07:20:27","slug":"registration","status":"publish","type":"page","link":"https:\/\/spinbetter.center\/al\/registration\/","title":{"rendered":"Regjistrimi"},"content":{"rendered":"","protected":false},"excerpt":{"rendered":"","protected":false},"author":1,"featured_media":0,"parent":0,"menu_order":0,"comment_status":"closed","ping_status":"closed","template":"","meta":{"footnotes":""},"class_list":["post-404","page","type-page","status-publish","hentry"],"yoast_head":"<!-- This site is optimized with the Yoast SEO plugin v27.4 - https:\/\/yoast.com\/product\/yoast-seo-wordpress\/ -->\n<title>Procedura e regjistrimit n\u00eb SpinBetter dhe bonusi i mir\u00ebseardhjes<\/title>\n<meta name=\"description\" content=\"Nj\u00eb p\u00ebrshkrim i detajuar i procesit t\u00eb regjistrimit n\u00eb SpinBetter 2025. Arsyet pse duhet t\u00eb zgjidhni k\u00ebt\u00eb faqe t\u00eb ve\u00e7ant\u00eb. \u00c7far\u00eb \u00ebsht\u00eb verifikimi, pse ju nevojitet dhe si ta kaloni at\u00eb.\" \/>\n<meta name=\"robots\" content=\"index, follow, max-snippet:-1, max-image-preview:large, max-video-preview:-1\" \/>\n<link rel=\"canonical\" href=\"https:\/\/spinbetter.center\/al\/registration\/\" \/>\n<meta property=\"og:locale\" content=\"sq_AL\" \/>\n<meta property=\"og:type\" content=\"article\" \/>\n<meta property=\"og:title\" content=\"Procedura e regjistrimit n\u00eb SpinBetter dhe bonusi i mir\u00ebseardhjes\" \/>\n<meta property=\"og:description\" content=\"Nj\u00eb p\u00ebrshkrim i detajuar i procesit t\u00eb regjistrimit n\u00eb SpinBetter 2025. Arsyet pse duhet t\u00eb zgjidhni k\u00ebt\u00eb faqe t\u00eb ve\u00e7ant\u00eb. \u00c7far\u00eb \u00ebsht\u00eb verifikimi, pse ju nevojitet dhe si ta kaloni at\u00eb.\" \/>\n<meta property=\"og:url\" content=\"https:\/\/spinbetter.center\/al\/registration\/\" \/>\n<meta property=\"og:site_name\" content=\"Spinbetter center al\" \/>\n<meta property=\"article:modified_time\" content=\"2025-07-26T07:20:27+00:00\" \/>\n<meta name=\"twitter:card\" content=\"summary_large_image\" \/>\n<script type=\"application\/ld+json\" class=\"yoast-schema-graph\">{\"@context\":\"https:\\\/\\\/schema.org\",\"@graph\":[{\"@type\":\"WebPage\",\"@id\":\"https:\\\/\\\/spinbetter.center\\\/al\\\/registration\\\/\",\"url\":\"https:\\\/\\\/spinbetter.center\\\/al\\\/registration\\\/\",\"name\":\"Procedura e regjistrimit n\u00eb SpinBetter dhe bonusi i mir\u00ebseardhjes\",\"isPartOf\":{\"@id\":\"https:\\\/\\\/spinbetter.center\\\/al\\\/#website\"},\"datePublished\":\"2024-11-11T07:02:10+00:00\",\"dateModified\":\"2025-07-26T07:20:27+00:00\",\"description\":\"Nj\u00eb p\u00ebrshkrim i detajuar i procesit t\u00eb regjistrimit n\u00eb SpinBetter 2025. Arsyet pse duhet t\u00eb zgjidhni k\u00ebt\u00eb faqe t\u00eb ve\u00e7ant\u00eb. \u00c7far\u00eb \u00ebsht\u00eb verifikimi, pse ju nevojitet dhe si ta kaloni at\u00eb.\",\"breadcrumb\":{\"@id\":\"https:\\\/\\\/spinbetter.center\\\/al\\\/registration\\\/#breadcrumb\"},\"inLanguage\":\"sq\",\"potentialAction\":[{\"@type\":\"ReadAction\",\"target\":[\"https:\\\/\\\/spinbetter.center\\\/al\\\/registration\\\/\"]}]},{\"@type\":\"BreadcrumbList\",\"@id\":\"https:\\\/\\\/spinbetter.center\\\/al\\\/registration\\\/#breadcrumb\",\"itemListElement\":[{\"@type\":\"ListItem\",\"position\":1,\"name\":\"Home\",\"item\":\"https:\\\/\\\/spinbetter.center\\\/al\\\/\"},{\"@type\":\"ListItem\",\"position\":2,\"name\":\"Regjistrimi\"}]},{\"@type\":\"WebSite\",\"@id\":\"https:\\\/\\\/spinbetter.center\\\/al\\\/#website\",\"url\":\"https:\\\/\\\/spinbetter.center\\\/al\\\/\",\"name\":\"SpinBetter\",\"description\":\"SpinBetter\",\"alternateName\":\"Spin Better\",\"potentialAction\":[{\"@type\":\"SearchAction\",\"target\":{\"@type\":\"EntryPoint\",\"urlTemplate\":\"https:\\\/\\\/spinbetter.center\\\/al\\\/?s={search_term_string}\"},\"query-input\":{\"@type\":\"PropertyValueSpecification\",\"valueRequired\":true,\"valueName\":\"search_term_string\"}}],\"inLanguage\":\"sq\"}]}<\/script>\n<!-- \/ Yoast SEO plugin. -->","yoast_head_json":{"title":"Procedura e regjistrimit n\u00eb SpinBetter dhe bonusi i mir\u00ebseardhjes","description":"Nj\u00eb p\u00ebrshkrim i detajuar i procesit t\u00eb regjistrimit n\u00eb SpinBetter 2025. Arsyet pse duhet t\u00eb zgjidhni k\u00ebt\u00eb faqe t\u00eb ve\u00e7ant\u00eb. \u00c7far\u00eb \u00ebsht\u00eb verifikimi, pse ju nevojitet dhe si ta kaloni at\u00eb.","robots":{"index":"index","follow":"follow","max-snippet":"max-snippet:-1","max-image-preview":"max-image-preview:large","max-video-preview":"max-video-preview:-1"},"canonical":"https:\/\/spinbetter.center\/al\/registration\/","og_locale":"sq_AL","og_type":"article","og_title":"Procedura e regjistrimit n\u00eb SpinBetter dhe bonusi i mir\u00ebseardhjes","og_description":"Nj\u00eb p\u00ebrshkrim i detajuar i procesit t\u00eb regjistrimit n\u00eb SpinBetter 2025. Arsyet pse duhet t\u00eb zgjidhni k\u00ebt\u00eb faqe t\u00eb ve\u00e7ant\u00eb. \u00c7far\u00eb \u00ebsht\u00eb verifikimi, pse ju nevojitet dhe si ta kaloni at\u00eb.","og_url":"https:\/\/spinbetter.center\/al\/registration\/","og_site_name":"Spinbetter center al","article_modified_time":"2025-07-26T07:20:27+00:00","twitter_card":"summary_large_image","schema":{"@context":"https:\/\/schema.org","@graph":[{"@type":"WebPage","@id":"https:\/\/spinbetter.center\/al\/registration\/","url":"https:\/\/spinbetter.center\/al\/registration\/","name":"Procedura e regjistrimit n\u00eb SpinBetter dhe bonusi i mir\u00ebseardhjes","isPartOf":{"@id":"https:\/\/spinbetter.center\/al\/#website"},"datePublished":"2024-11-11T07:02:10+00:00","dateModified":"2025-07-26T07:20:27+00:00","description":"Nj\u00eb p\u00ebrshkrim i detajuar i procesit t\u00eb regjistrimit n\u00eb SpinBetter 2025. Arsyet pse duhet t\u00eb zgjidhni k\u00ebt\u00eb faqe t\u00eb ve\u00e7ant\u00eb. \u00c7far\u00eb \u00ebsht\u00eb verifikimi, pse ju nevojitet dhe si ta kaloni at\u00eb.","breadcrumb":{"@id":"https:\/\/spinbetter.center\/al\/registration\/#breadcrumb"},"inLanguage":"sq","potentialAction":[{"@type":"ReadAction","target":["https:\/\/spinbetter.center\/al\/registration\/"]}]},{"@type":"BreadcrumbList","@id":"https:\/\/spinbetter.center\/al\/registration\/#breadcrumb","itemListElement":[{"@type":"ListItem","position":1,"name":"Home","item":"https:\/\/spinbetter.center\/al\/"},{"@type":"ListItem","position":2,"name":"Regjistrimi"}]},{"@type":"WebSite","@id":"https:\/\/spinbetter.center\/al\/#website","url":"https:\/\/spinbetter.center\/al\/","name":"SpinBetter","description":"SpinBetter","alternateName":"Spin Better","potentialAction":[{"@type":"SearchAction","target":{"@type":"EntryPoint","urlTemplate":"https:\/\/spinbetter.center\/al\/?s={search_term_string}"},"query-input":{"@type":"PropertyValueSpecification","valueRequired":true,"valueName":"search_term_string"}}],"inLanguage":"sq"}]}},"_links":{"self":[{"href":"https:\/\/spinbetter.center\/al\/wp-json\/wp\/v2\/pages\/404","targetHints":{"allow":["GET"]}}],"collection":[{"href":"https:\/\/spinbetter.center\/al\/wp-json\/wp\/v2\/pages"}],"about":[{"href":"https:\/\/spinbetter.center\/al\/wp-json\/wp\/v2\/types\/page"}],"author":[{"embeddable":true,"href":"https:\/\/spinbetter.center\/al\/wp-json\/wp\/v2\/users\/1"}],"replies":[{"embeddable":true,"href":"https:\/\/spinbetter.center\/al\/wp-json\/wp\/v2\/comments?post=404"}],"version-history":[{"count":2,"href":"https:\/\/spinbetter.center\/al\/wp-json\/wp\/v2\/pages\/404\/revisions"}],"predecessor-version":[{"id":853,"href":"https:\/\/spinbetter.center\/al\/wp-json\/wp\/v2\/pages\/404\/revisions\/853"}],"wp:attachment":[{"href":"https:\/\/spinbetter.center\/al\/wp-json\/wp\/v2\/media?parent=404"}],"curies":[{"name":"wp","href":"https:\/\/api.w.org\/{rel}","templated":true}]}}