{"id":360,"date":"2024-12-08T07:17:25","date_gmt":"2024-12-08T07:17:25","guid":{"rendered":"https:\/\/spinbetter.center\/al\/bd\/?page_id=360"},"modified":"2025-07-16T15:36:38","modified_gmt":"2025-07-16T15:36:38","slug":"apk","status":"publish","type":"page","link":"https:\/\/spinbetter.center\/al\/apk\/","title":{"rendered":"Apk"},"content":{"rendered":"","protected":false},"excerpt":{"rendered":"","protected":false},"author":1,"featured_media":0,"parent":0,"menu_order":0,"comment_status":"closed","ping_status":"closed","template":"","meta":{"footnotes":""},"class_list":["post-360","page","type-page","status-publish","hentry"],"yoast_head":"<!-- This site is optimized with the Yoast SEO plugin v27.4 - https:\/\/yoast.com\/product\/yoast-seo-wordpress\/ -->\n<title>SpinBetter Apk Android: Shkarkimi dhe instalimi<\/title>\n<meta name=\"description\" content=\"Karakteristikat kryesore t\u00eb aplikacionit celular SpinBetter p\u00ebr Android. Udh\u00ebzime hap pas hapi p\u00ebr shkarkimin dhe instalimin e programit. Krahasimi i SpinBetter apk me versionin celular t\u00eb faqes s\u00eb internetit.\" \/>\n<meta name=\"robots\" content=\"index, follow, max-snippet:-1, max-image-preview:large, max-video-preview:-1\" \/>\n<link rel=\"canonical\" href=\"https:\/\/spinbetter.center\/al\/apk\/\" \/>\n<meta property=\"og:locale\" content=\"sq_AL\" \/>\n<meta property=\"og:type\" content=\"article\" \/>\n<meta property=\"og:title\" content=\"SpinBetter Apk Android: Shkarkimi dhe instalimi\" \/>\n<meta property=\"og:description\" content=\"Karakteristikat kryesore t\u00eb aplikacionit celular SpinBetter p\u00ebr Android. Udh\u00ebzime hap pas hapi p\u00ebr shkarkimin dhe instalimin e programit. Krahasimi i SpinBetter apk me versionin celular t\u00eb faqes s\u00eb internetit.\" \/>\n<meta property=\"og:url\" content=\"https:\/\/spinbetter.center\/al\/apk\/\" \/>\n<meta property=\"og:site_name\" content=\"Spinbetter center al\" \/>\n<meta property=\"article:modified_time\" content=\"2025-07-16T15:36:38+00:00\" \/>\n<meta name=\"twitter:card\" content=\"summary_large_image\" \/>\n<script type=\"application\/ld+json\" class=\"yoast-schema-graph\">{\"@context\":\"https:\\\/\\\/schema.org\",\"@graph\":[{\"@type\":\"WebPage\",\"@id\":\"https:\\\/\\\/spinbetter.center\\\/al\\\/apk\\\/\",\"url\":\"https:\\\/\\\/spinbetter.center\\\/al\\\/apk\\\/\",\"name\":\"SpinBetter Apk Android: Shkarkimi dhe instalimi\",\"isPartOf\":{\"@id\":\"https:\\\/\\\/spinbetter.center\\\/al\\\/#website\"},\"datePublished\":\"2024-12-08T07:17:25+00:00\",\"dateModified\":\"2025-07-16T15:36:38+00:00\",\"description\":\"Karakteristikat kryesore t\u00eb aplikacionit celular SpinBetter p\u00ebr Android. Udh\u00ebzime hap pas hapi p\u00ebr shkarkimin dhe instalimin e programit. Krahasimi i SpinBetter apk me versionin celular t\u00eb faqes s\u00eb internetit.\",\"breadcrumb\":{\"@id\":\"https:\\\/\\\/spinbetter.center\\\/al\\\/apk\\\/#breadcrumb\"},\"inLanguage\":\"sq\",\"potentialAction\":[{\"@type\":\"ReadAction\",\"target\":[\"https:\\\/\\\/spinbetter.center\\\/al\\\/apk\\\/\"]}]},{\"@type\":\"BreadcrumbList\",\"@id\":\"https:\\\/\\\/spinbetter.center\\\/al\\\/apk\\\/#breadcrumb\",\"itemListElement\":[{\"@type\":\"ListItem\",\"position\":1,\"name\":\"Home\",\"item\":\"https:\\\/\\\/spinbetter.center\\\/al\\\/\"},{\"@type\":\"ListItem\",\"position\":2,\"name\":\"Apk\"}]},{\"@type\":\"WebSite\",\"@id\":\"https:\\\/\\\/spinbetter.center\\\/al\\\/#website\",\"url\":\"https:\\\/\\\/spinbetter.center\\\/al\\\/\",\"name\":\"SpinBetter\",\"description\":\"SpinBetter\",\"alternateName\":\"Spin Better\",\"potentialAction\":[{\"@type\":\"SearchAction\",\"target\":{\"@type\":\"EntryPoint\",\"urlTemplate\":\"https:\\\/\\\/spinbetter.center\\\/al\\\/?s={search_term_string}\"},\"query-input\":{\"@type\":\"PropertyValueSpecification\",\"valueRequired\":true,\"valueName\":\"search_term_string\"}}],\"inLanguage\":\"sq\"}]}<\/script>\n<!-- \/ Yoast SEO plugin. -->","yoast_head_json":{"title":"SpinBetter Apk Android: Shkarkimi dhe instalimi","description":"Karakteristikat kryesore t\u00eb aplikacionit celular SpinBetter p\u00ebr Android. Udh\u00ebzime hap pas hapi p\u00ebr shkarkimin dhe instalimin e programit. Krahasimi i SpinBetter apk me versionin celular t\u00eb faqes s\u00eb internetit.","robots":{"index":"index","follow":"follow","max-snippet":"max-snippet:-1","max-image-preview":"max-image-preview:large","max-video-preview":"max-video-preview:-1"},"canonical":"https:\/\/spinbetter.center\/al\/apk\/","og_locale":"sq_AL","og_type":"article","og_title":"SpinBetter Apk Android: Shkarkimi dhe instalimi","og_description":"Karakteristikat kryesore t\u00eb aplikacionit celular SpinBetter p\u00ebr Android. Udh\u00ebzime hap pas hapi p\u00ebr shkarkimin dhe instalimin e programit. Krahasimi i SpinBetter apk me versionin celular t\u00eb faqes s\u00eb internetit.","og_url":"https:\/\/spinbetter.center\/al\/apk\/","og_site_name":"Spinbetter center al","article_modified_time":"2025-07-16T15:36:38+00:00","twitter_card":"summary_large_image","schema":{"@context":"https:\/\/schema.org","@graph":[{"@type":"WebPage","@id":"https:\/\/spinbetter.center\/al\/apk\/","url":"https:\/\/spinbetter.center\/al\/apk\/","name":"SpinBetter Apk Android: Shkarkimi dhe instalimi","isPartOf":{"@id":"https:\/\/spinbetter.center\/al\/#website"},"datePublished":"2024-12-08T07:17:25+00:00","dateModified":"2025-07-16T15:36:38+00:00","description":"Karakteristikat kryesore t\u00eb aplikacionit celular SpinBetter p\u00ebr Android. Udh\u00ebzime hap pas hapi p\u00ebr shkarkimin dhe instalimin e programit. Krahasimi i SpinBetter apk me versionin celular t\u00eb faqes s\u00eb internetit.","breadcrumb":{"@id":"https:\/\/spinbetter.center\/al\/apk\/#breadcrumb"},"inLanguage":"sq","potentialAction":[{"@type":"ReadAction","target":["https:\/\/spinbetter.center\/al\/apk\/"]}]},{"@type":"BreadcrumbList","@id":"https:\/\/spinbetter.center\/al\/apk\/#breadcrumb","itemListElement":[{"@type":"ListItem","position":1,"name":"Home","item":"https:\/\/spinbetter.center\/al\/"},{"@type":"ListItem","position":2,"name":"Apk"}]},{"@type":"WebSite","@id":"https:\/\/spinbetter.center\/al\/#website","url":"https:\/\/spinbetter.center\/al\/","name":"SpinBetter","description":"SpinBetter","alternateName":"Spin Better","potentialAction":[{"@type":"SearchAction","target":{"@type":"EntryPoint","urlTemplate":"https:\/\/spinbetter.center\/al\/?s={search_term_string}"},"query-input":{"@type":"PropertyValueSpecification","valueRequired":true,"valueName":"search_term_string"}}],"inLanguage":"sq"}]}},"_links":{"self":[{"href":"https:\/\/spinbetter.center\/al\/wp-json\/wp\/v2\/pages\/360","targetHints":{"allow":["GET"]}}],"collection":[{"href":"https:\/\/spinbetter.center\/al\/wp-json\/wp\/v2\/pages"}],"about":[{"href":"https:\/\/spinbetter.center\/al\/wp-json\/wp\/v2\/types\/page"}],"author":[{"embeddable":true,"href":"https:\/\/spinbetter.center\/al\/wp-json\/wp\/v2\/users\/1"}],"replies":[{"embeddable":true,"href":"https:\/\/spinbetter.center\/al\/wp-json\/wp\/v2\/comments?post=360"}],"version-history":[{"count":5,"href":"https:\/\/spinbetter.center\/al\/wp-json\/wp\/v2\/pages\/360\/revisions"}],"predecessor-version":[{"id":824,"href":"https:\/\/spinbetter.center\/al\/wp-json\/wp\/v2\/pages\/360\/revisions\/824"}],"wp:attachment":[{"href":"https:\/\/spinbetter.center\/al\/wp-json\/wp\/v2\/media?parent=360"}],"curies":[{"name":"wp","href":"https:\/\/api.w.org\/{rel}","templated":true}]}}