{"id":274,"date":"2024-09-18T14:59:05","date_gmt":"2024-09-18T14:59:05","guid":{"rendered":"https:\/\/spinbetter.center\/al\/?page_id=274"},"modified":"2025-07-16T18:43:01","modified_gmt":"2025-07-16T18:43:01","slug":"casino","status":"publish","type":"page","link":"https:\/\/spinbetter.center\/al\/casino\/","title":{"rendered":"Kazino"},"content":{"rendered":"","protected":false},"excerpt":{"rendered":"","protected":false},"author":1,"featured_media":0,"parent":0,"menu_order":0,"comment_status":"closed","ping_status":"closed","template":"","meta":{"footnotes":""},"class_list":["post-274","page","type-page","status-publish","hentry"],"yoast_head":"<!-- This site is optimized with the Yoast SEO plugin v27.4 - https:\/\/yoast.com\/product\/yoast-seo-wordpress\/ -->\n<title>Kazinoja SpinBetter: Loj\u00ebra elektronike, Kazino Live, Aviator<\/title>\n<meta name=\"description\" content=\"Disa mij\u00ebra arg\u00ebtime n\u00eb kazino p\u00ebr \u00e7do shije. Udh\u00ebzime hap pas hapi se si t\u00eb regjistroheni n\u00eb kazinon\u00eb online SpinBetter. Bonus mir\u00ebseardhjeje dhe stimuj p\u00ebr klient\u00ebt ekzistues.\" \/>\n<meta name=\"robots\" content=\"index, follow, max-snippet:-1, max-image-preview:large, max-video-preview:-1\" \/>\n<link rel=\"canonical\" href=\"https:\/\/spinbetter.center\/al\/casino\/\" \/>\n<meta property=\"og:locale\" content=\"sq_AL\" \/>\n<meta property=\"og:type\" content=\"article\" \/>\n<meta property=\"og:title\" content=\"Kazinoja SpinBetter: Loj\u00ebra elektronike, Kazino Live, Aviator\" \/>\n<meta property=\"og:description\" content=\"Disa mij\u00ebra arg\u00ebtime n\u00eb kazino p\u00ebr \u00e7do shije. Udh\u00ebzime hap pas hapi se si t\u00eb regjistroheni n\u00eb kazinon\u00eb online SpinBetter. Bonus mir\u00ebseardhjeje dhe stimuj p\u00ebr klient\u00ebt ekzistues.\" \/>\n<meta property=\"og:url\" content=\"https:\/\/spinbetter.center\/al\/casino\/\" \/>\n<meta property=\"og:site_name\" content=\"Spinbetter center al\" \/>\n<meta property=\"article:modified_time\" content=\"2025-07-16T18:43:01+00:00\" \/>\n<meta name=\"twitter:card\" content=\"summary_large_image\" \/>\n<script type=\"application\/ld+json\" class=\"yoast-schema-graph\">{\"@context\":\"https:\\\/\\\/schema.org\",\"@graph\":[{\"@type\":\"WebPage\",\"@id\":\"https:\\\/\\\/spinbetter.center\\\/al\\\/casino\\\/\",\"url\":\"https:\\\/\\\/spinbetter.center\\\/al\\\/casino\\\/\",\"name\":\"Kazinoja SpinBetter: Loj\u00ebra elektronike, Kazino Live, Aviator\",\"isPartOf\":{\"@id\":\"https:\\\/\\\/spinbetter.center\\\/al\\\/#website\"},\"datePublished\":\"2024-09-18T14:59:05+00:00\",\"dateModified\":\"2025-07-16T18:43:01+00:00\",\"description\":\"Disa mij\u00ebra arg\u00ebtime n\u00eb kazino p\u00ebr \u00e7do shije. Udh\u00ebzime hap pas hapi se si t\u00eb regjistroheni n\u00eb kazinon\u00eb online SpinBetter. Bonus mir\u00ebseardhjeje dhe stimuj p\u00ebr klient\u00ebt ekzistues.\",\"breadcrumb\":{\"@id\":\"https:\\\/\\\/spinbetter.center\\\/al\\\/casino\\\/#breadcrumb\"},\"inLanguage\":\"sq\",\"potentialAction\":[{\"@type\":\"ReadAction\",\"target\":[\"https:\\\/\\\/spinbetter.center\\\/al\\\/casino\\\/\"]}]},{\"@type\":\"BreadcrumbList\",\"@id\":\"https:\\\/\\\/spinbetter.center\\\/al\\\/casino\\\/#breadcrumb\",\"itemListElement\":[{\"@type\":\"ListItem\",\"position\":1,\"name\":\"Home\",\"item\":\"https:\\\/\\\/spinbetter.center\\\/al\\\/\"},{\"@type\":\"ListItem\",\"position\":2,\"name\":\"Kazino\"}]},{\"@type\":\"WebSite\",\"@id\":\"https:\\\/\\\/spinbetter.center\\\/al\\\/#website\",\"url\":\"https:\\\/\\\/spinbetter.center\\\/al\\\/\",\"name\":\"SpinBetter\",\"description\":\"SpinBetter\",\"alternateName\":\"Spin Better\",\"potentialAction\":[{\"@type\":\"SearchAction\",\"target\":{\"@type\":\"EntryPoint\",\"urlTemplate\":\"https:\\\/\\\/spinbetter.center\\\/al\\\/?s={search_term_string}\"},\"query-input\":{\"@type\":\"PropertyValueSpecification\",\"valueRequired\":true,\"valueName\":\"search_term_string\"}}],\"inLanguage\":\"sq\"}]}<\/script>\n<!-- \/ Yoast SEO plugin. -->","yoast_head_json":{"title":"Kazinoja SpinBetter: Loj\u00ebra elektronike, Kazino Live, Aviator","description":"Disa mij\u00ebra arg\u00ebtime n\u00eb kazino p\u00ebr \u00e7do shije. Udh\u00ebzime hap pas hapi se si t\u00eb regjistroheni n\u00eb kazinon\u00eb online SpinBetter. Bonus mir\u00ebseardhjeje dhe stimuj p\u00ebr klient\u00ebt ekzistues.","robots":{"index":"index","follow":"follow","max-snippet":"max-snippet:-1","max-image-preview":"max-image-preview:large","max-video-preview":"max-video-preview:-1"},"canonical":"https:\/\/spinbetter.center\/al\/casino\/","og_locale":"sq_AL","og_type":"article","og_title":"Kazinoja SpinBetter: Loj\u00ebra elektronike, Kazino Live, Aviator","og_description":"Disa mij\u00ebra arg\u00ebtime n\u00eb kazino p\u00ebr \u00e7do shije. Udh\u00ebzime hap pas hapi se si t\u00eb regjistroheni n\u00eb kazinon\u00eb online SpinBetter. Bonus mir\u00ebseardhjeje dhe stimuj p\u00ebr klient\u00ebt ekzistues.","og_url":"https:\/\/spinbetter.center\/al\/casino\/","og_site_name":"Spinbetter center al","article_modified_time":"2025-07-16T18:43:01+00:00","twitter_card":"summary_large_image","schema":{"@context":"https:\/\/schema.org","@graph":[{"@type":"WebPage","@id":"https:\/\/spinbetter.center\/al\/casino\/","url":"https:\/\/spinbetter.center\/al\/casino\/","name":"Kazinoja SpinBetter: Loj\u00ebra elektronike, Kazino Live, Aviator","isPartOf":{"@id":"https:\/\/spinbetter.center\/al\/#website"},"datePublished":"2024-09-18T14:59:05+00:00","dateModified":"2025-07-16T18:43:01+00:00","description":"Disa mij\u00ebra arg\u00ebtime n\u00eb kazino p\u00ebr \u00e7do shije. Udh\u00ebzime hap pas hapi se si t\u00eb regjistroheni n\u00eb kazinon\u00eb online SpinBetter. Bonus mir\u00ebseardhjeje dhe stimuj p\u00ebr klient\u00ebt ekzistues.","breadcrumb":{"@id":"https:\/\/spinbetter.center\/al\/casino\/#breadcrumb"},"inLanguage":"sq","potentialAction":[{"@type":"ReadAction","target":["https:\/\/spinbetter.center\/al\/casino\/"]}]},{"@type":"BreadcrumbList","@id":"https:\/\/spinbetter.center\/al\/casino\/#breadcrumb","itemListElement":[{"@type":"ListItem","position":1,"name":"Home","item":"https:\/\/spinbetter.center\/al\/"},{"@type":"ListItem","position":2,"name":"Kazino"}]},{"@type":"WebSite","@id":"https:\/\/spinbetter.center\/al\/#website","url":"https:\/\/spinbetter.center\/al\/","name":"SpinBetter","description":"SpinBetter","alternateName":"Spin Better","potentialAction":[{"@type":"SearchAction","target":{"@type":"EntryPoint","urlTemplate":"https:\/\/spinbetter.center\/al\/?s={search_term_string}"},"query-input":{"@type":"PropertyValueSpecification","valueRequired":true,"valueName":"search_term_string"}}],"inLanguage":"sq"}]}},"_links":{"self":[{"href":"https:\/\/spinbetter.center\/al\/wp-json\/wp\/v2\/pages\/274","targetHints":{"allow":["GET"]}}],"collection":[{"href":"https:\/\/spinbetter.center\/al\/wp-json\/wp\/v2\/pages"}],"about":[{"href":"https:\/\/spinbetter.center\/al\/wp-json\/wp\/v2\/types\/page"}],"author":[{"embeddable":true,"href":"https:\/\/spinbetter.center\/al\/wp-json\/wp\/v2\/users\/1"}],"replies":[{"embeddable":true,"href":"https:\/\/spinbetter.center\/al\/wp-json\/wp\/v2\/comments?post=274"}],"version-history":[{"count":5,"href":"https:\/\/spinbetter.center\/al\/wp-json\/wp\/v2\/pages\/274\/revisions"}],"predecessor-version":[{"id":842,"href":"https:\/\/spinbetter.center\/al\/wp-json\/wp\/v2\/pages\/274\/revisions\/842"}],"wp:attachment":[{"href":"https:\/\/spinbetter.center\/al\/wp-json\/wp\/v2\/media?parent=274"}],"curies":[{"name":"wp","href":"https:\/\/api.w.org\/{rel}","templated":true}]}}