{"id":272,"date":"2024-09-18T14:55:02","date_gmt":"2024-09-18T14:55:02","guid":{"rendered":"https:\/\/spinbetter.center\/al\/?page_id=272"},"modified":"2025-07-26T07:16:47","modified_gmt":"2025-07-26T07:16:47","slug":"bonuses","status":"publish","type":"page","link":"https:\/\/spinbetter.center\/al\/bonuses\/","title":{"rendered":"Bonuse"},"content":{"rendered":"","protected":false},"excerpt":{"rendered":"","protected":false},"author":1,"featured_media":0,"parent":0,"menu_order":0,"comment_status":"closed","ping_status":"closed","template":"","meta":{"footnotes":""},"class_list":["post-272","page","type-page","status-publish","hentry"],"yoast_head":"<!-- This site is optimized with the Yoast SEO plugin v27.4 - https:\/\/yoast.com\/product\/yoast-seo-wordpress\/ -->\n<title>Bonuset, Ofertat dhe Eventet e SpinBetter: Rrotullime Falas<\/title>\n<meta name=\"description\" content=\"Bonus mir\u00ebseardhjeje SpinBetter p\u00ebr bastet n\u00eb kazino dhe sportive. Stimuj depozite dhe pa depozit\u00eb p\u00ebr klient\u00ebt ekzistues. Kushtet e basteve dhe dhuratave t\u00eb tjera.\" \/>\n<meta name=\"robots\" content=\"index, follow, max-snippet:-1, max-image-preview:large, max-video-preview:-1\" \/>\n<link rel=\"canonical\" href=\"https:\/\/spinbetter.center\/al\/bonuses\/\" \/>\n<meta property=\"og:locale\" content=\"sq_AL\" \/>\n<meta property=\"og:type\" content=\"article\" \/>\n<meta property=\"og:title\" content=\"Bonuset, Ofertat dhe Eventet e SpinBetter: Rrotullime Falas\" \/>\n<meta property=\"og:description\" content=\"Bonus mir\u00ebseardhjeje SpinBetter p\u00ebr bastet n\u00eb kazino dhe sportive. Stimuj depozite dhe pa depozit\u00eb p\u00ebr klient\u00ebt ekzistues. Kushtet e basteve dhe dhuratave t\u00eb tjera.\" \/>\n<meta property=\"og:url\" content=\"https:\/\/spinbetter.center\/al\/bonuses\/\" \/>\n<meta property=\"og:site_name\" content=\"Spinbetter center al\" \/>\n<meta property=\"article:modified_time\" content=\"2025-07-26T07:16:47+00:00\" \/>\n<meta name=\"twitter:card\" content=\"summary_large_image\" \/>\n<script type=\"application\/ld+json\" class=\"yoast-schema-graph\">{\"@context\":\"https:\\\/\\\/schema.org\",\"@graph\":[{\"@type\":\"WebPage\",\"@id\":\"https:\\\/\\\/spinbetter.center\\\/al\\\/bonuses\\\/\",\"url\":\"https:\\\/\\\/spinbetter.center\\\/al\\\/bonuses\\\/\",\"name\":\"Bonuset, Ofertat dhe Eventet e SpinBetter: Rrotullime Falas\",\"isPartOf\":{\"@id\":\"https:\\\/\\\/spinbetter.center\\\/al\\\/#website\"},\"datePublished\":\"2024-09-18T14:55:02+00:00\",\"dateModified\":\"2025-07-26T07:16:47+00:00\",\"description\":\"Bonus mir\u00ebseardhjeje SpinBetter p\u00ebr bastet n\u00eb kazino dhe sportive. Stimuj depozite dhe pa depozit\u00eb p\u00ebr klient\u00ebt ekzistues. Kushtet e basteve dhe dhuratave t\u00eb tjera.\",\"breadcrumb\":{\"@id\":\"https:\\\/\\\/spinbetter.center\\\/al\\\/bonuses\\\/#breadcrumb\"},\"inLanguage\":\"sq\",\"potentialAction\":[{\"@type\":\"ReadAction\",\"target\":[\"https:\\\/\\\/spinbetter.center\\\/al\\\/bonuses\\\/\"]}]},{\"@type\":\"BreadcrumbList\",\"@id\":\"https:\\\/\\\/spinbetter.center\\\/al\\\/bonuses\\\/#breadcrumb\",\"itemListElement\":[{\"@type\":\"ListItem\",\"position\":1,\"name\":\"Home\",\"item\":\"https:\\\/\\\/spinbetter.center\\\/al\\\/\"},{\"@type\":\"ListItem\",\"position\":2,\"name\":\"Bonuse\"}]},{\"@type\":\"WebSite\",\"@id\":\"https:\\\/\\\/spinbetter.center\\\/al\\\/#website\",\"url\":\"https:\\\/\\\/spinbetter.center\\\/al\\\/\",\"name\":\"SpinBetter\",\"description\":\"SpinBetter\",\"alternateName\":\"Spin Better\",\"potentialAction\":[{\"@type\":\"SearchAction\",\"target\":{\"@type\":\"EntryPoint\",\"urlTemplate\":\"https:\\\/\\\/spinbetter.center\\\/al\\\/?s={search_term_string}\"},\"query-input\":{\"@type\":\"PropertyValueSpecification\",\"valueRequired\":true,\"valueName\":\"search_term_string\"}}],\"inLanguage\":\"sq\"}]}<\/script>\n<!-- \/ Yoast SEO plugin. -->","yoast_head_json":{"title":"Bonuset, Ofertat dhe Eventet e SpinBetter: Rrotullime Falas","description":"Bonus mir\u00ebseardhjeje SpinBetter p\u00ebr bastet n\u00eb kazino dhe sportive. Stimuj depozite dhe pa depozit\u00eb p\u00ebr klient\u00ebt ekzistues. Kushtet e basteve dhe dhuratave t\u00eb tjera.","robots":{"index":"index","follow":"follow","max-snippet":"max-snippet:-1","max-image-preview":"max-image-preview:large","max-video-preview":"max-video-preview:-1"},"canonical":"https:\/\/spinbetter.center\/al\/bonuses\/","og_locale":"sq_AL","og_type":"article","og_title":"Bonuset, Ofertat dhe Eventet e SpinBetter: Rrotullime Falas","og_description":"Bonus mir\u00ebseardhjeje SpinBetter p\u00ebr bastet n\u00eb kazino dhe sportive. Stimuj depozite dhe pa depozit\u00eb p\u00ebr klient\u00ebt ekzistues. Kushtet e basteve dhe dhuratave t\u00eb tjera.","og_url":"https:\/\/spinbetter.center\/al\/bonuses\/","og_site_name":"Spinbetter center al","article_modified_time":"2025-07-26T07:16:47+00:00","twitter_card":"summary_large_image","schema":{"@context":"https:\/\/schema.org","@graph":[{"@type":"WebPage","@id":"https:\/\/spinbetter.center\/al\/bonuses\/","url":"https:\/\/spinbetter.center\/al\/bonuses\/","name":"Bonuset, Ofertat dhe Eventet e SpinBetter: Rrotullime Falas","isPartOf":{"@id":"https:\/\/spinbetter.center\/al\/#website"},"datePublished":"2024-09-18T14:55:02+00:00","dateModified":"2025-07-26T07:16:47+00:00","description":"Bonus mir\u00ebseardhjeje SpinBetter p\u00ebr bastet n\u00eb kazino dhe sportive. Stimuj depozite dhe pa depozit\u00eb p\u00ebr klient\u00ebt ekzistues. Kushtet e basteve dhe dhuratave t\u00eb tjera.","breadcrumb":{"@id":"https:\/\/spinbetter.center\/al\/bonuses\/#breadcrumb"},"inLanguage":"sq","potentialAction":[{"@type":"ReadAction","target":["https:\/\/spinbetter.center\/al\/bonuses\/"]}]},{"@type":"BreadcrumbList","@id":"https:\/\/spinbetter.center\/al\/bonuses\/#breadcrumb","itemListElement":[{"@type":"ListItem","position":1,"name":"Home","item":"https:\/\/spinbetter.center\/al\/"},{"@type":"ListItem","position":2,"name":"Bonuse"}]},{"@type":"WebSite","@id":"https:\/\/spinbetter.center\/al\/#website","url":"https:\/\/spinbetter.center\/al\/","name":"SpinBetter","description":"SpinBetter","alternateName":"Spin Better","potentialAction":[{"@type":"SearchAction","target":{"@type":"EntryPoint","urlTemplate":"https:\/\/spinbetter.center\/al\/?s={search_term_string}"},"query-input":{"@type":"PropertyValueSpecification","valueRequired":true,"valueName":"search_term_string"}}],"inLanguage":"sq"}]}},"_links":{"self":[{"href":"https:\/\/spinbetter.center\/al\/wp-json\/wp\/v2\/pages\/272","targetHints":{"allow":["GET"]}}],"collection":[{"href":"https:\/\/spinbetter.center\/al\/wp-json\/wp\/v2\/pages"}],"about":[{"href":"https:\/\/spinbetter.center\/al\/wp-json\/wp\/v2\/types\/page"}],"author":[{"embeddable":true,"href":"https:\/\/spinbetter.center\/al\/wp-json\/wp\/v2\/users\/1"}],"replies":[{"embeddable":true,"href":"https:\/\/spinbetter.center\/al\/wp-json\/wp\/v2\/comments?post=272"}],"version-history":[{"count":25,"href":"https:\/\/spinbetter.center\/al\/wp-json\/wp\/v2\/pages\/272\/revisions"}],"predecessor-version":[{"id":828,"href":"https:\/\/spinbetter.center\/al\/wp-json\/wp\/v2\/pages\/272\/revisions\/828"}],"wp:attachment":[{"href":"https:\/\/spinbetter.center\/al\/wp-json\/wp\/v2\/media?parent=272"}],"curies":[{"name":"wp","href":"https:\/\/api.w.org\/{rel}","templated":true}]}}